{"id":15253,"date":"2021-01-08T11:47:35","date_gmt":"2021-01-08T10:47:35","guid":{"rendered":"https:\/\/dev2.mgvpublications.com\/produkt\/beyin-sizsiniz-3\/"},"modified":"2022-03-08T22:48:40","modified_gmt":"2022-03-08T21:48:40","slug":"beyin-sizsiniz-3","status":"publish","type":"product","link":"https:\/\/mgvpublications.com\/de\/beyin-sizsiniz-3\/","title":{"rendered":"Beyin Sizsiniz"},"content":{"rendered":"<div class=\"attributes\">\n<table>\n<tbody>\n<tr>\n<td>Yay\u0131n Tarihi:<\/td>\n<td>01.04.2018<\/td>\n<\/tr>\n<tr>\n<td>ISBN:<\/td>\n<td>9789752429390<\/td>\n<\/tr>\n<tr>\n<td>Dil:<\/td>\n<td>T\u00dcRK\u00c7E<\/td>\n<\/tr>\n<tr>\n<td>Sayfa Say\u0131s\u0131:<\/td>\n<td>343<\/td>\n<\/tr>\n<tr>\n<td>Cilt Tipi:<\/td>\n<td>Karton Kapak<\/td>\n<\/tr>\n<tr>\n<td>Ka\u011f\u0131t Cinsi:<\/td>\n<td>Kitap Ka\u011f\u0131d\u0131<\/td>\n<\/tr>\n<tr>\n<td>Boyut:<\/td>\n<td>13.5 x 21 cm<\/td>\n<\/tr>\n<\/tbody>\n<\/table>\n<\/div>","protected":false},"excerpt":{"rendered":"<p>K\u00e2inat, matematik kaideleri \u00e7er\u00e7evesinde yarat\u0131lm\u0131\u015ft\u0131r.<br \/>\n\u00d6l\u00e7\u00fclemeyen hi\u00e7bir \u015fey, bilimin konusu olamaz.<br \/>\nHer \u015fey \u00f6l\u00e7\u00fclebilirdir.<br \/>\nAk\u0131l, Zek\u00e2, Zihin ve \u015euur bile&#8230;<br \/>\n&#8230;ve HAYAL\u2026<br \/>\nHayal edebiliyorsak, ba\u015farabiliriz.<br \/>\nHayal edebildi\u011fimiz m\u00fcddet\u00e7e, beynimizin g\u00fcc\u00fc sonsuzdur.<br \/>\nHayal, beynin kabiliyetini g\u00f6sterir.<br \/>\nHayal g\u00fcc\u00fc sonsuz olan\u0131n, beyin g\u00fcc\u00fc de sonsuzdur.<br \/>\nBeynimizin g\u00fcc\u00fc, hayallerimizle s\u0131n\u0131rl\u0131d\u0131r.<br \/>\nHer \u015fey kendi beyninizde, kendi iradenizde, kendi elinizde&#8230;<br \/>\nBeyin&#8230; \u0130nsan beyni!<br \/>\nBir donan\u0131m olan beyin, insan\u0131 insan, \u00e2demi adam yapan veya yapmayan bir organd\u0131r. Ak\u0131l yaz\u0131l\u0131m\u0131, zek\u00e2 ise i\u015fletim sistemidir beynin.<br \/>\nRuhumuzun, kimli\u011fimizin, \u015fahsiyetimizin, onurumuzun, haysiyetimizin ve biz olmam\u0131z\u0131n yeg\u00e2ne ve nadide kuma\u015f\u0131, beynimizin sinir iplik\u00e7ileri ile \u00f6r\u00fcl\u00fc olarak, kafatas\u0131m\u0131z i\u00e7erisinde kullan\u0131lmay\u0131 beklemektedir.<br \/>\nEvet&#8230; Beyin Sizsiniz!<\/p>","protected":false},"featured_media":15254,"template":"","meta":{"spay_email":""},"product_cat":[216],"product_tag":[],"item":[915],"acf":[],"_links":{"self":[{"href":"https:\/\/mgvpublications.com\/de\/wp-json\/wp\/v2\/product\/15253"}],"collection":[{"href":"https:\/\/mgvpublications.com\/de\/wp-json\/wp\/v2\/product"}],"about":[{"href":"https:\/\/mgvpublications.com\/de\/wp-json\/wp\/v2\/types\/product"}],"wp:featuredmedia":[{"embeddable":true,"href":"https:\/\/mgvpublications.com\/de\/wp-json\/wp\/v2\/media\/15254"}],"wp:attachment":[{"href":"https:\/\/mgvpublications.com\/de\/wp-json\/wp\/v2\/media?parent=15253"}],"wp:term":[{"taxonomy":"product_cat","embeddable":true,"href":"https:\/\/mgvpublications.com\/de\/wp-json\/wp\/v2\/product_cat?post=15253"},{"taxonomy":"product_tag","embeddable":true,"href":"https:\/\/mgvpublications.com\/de\/wp-json\/wp\/v2\/product_tag?post=15253"},{"taxonomy":"item","embeddable":true,"href":"https:\/\/mgvpublications.com\/de\/wp-json\/wp\/v2\/item?post=15253"}],"curies":[{"name":"wp","href":"https:\/\/api.w.org\/{rel}","templated":true}]}}