{"id":15251,"date":"2021-01-08T11:24:25","date_gmt":"2021-01-08T10:24:25","guid":{"rendered":"https:\/\/dev2.mgvpublications.com\/produkt\/siyasetname-2\/"},"modified":"2022-04-25T10:36:55","modified_gmt":"2022-04-25T08:36:55","slug":"siyasetname-2","status":"publish","type":"product","link":"https:\/\/mgvpublications.com\/de\/siyasetname-2\/","title":{"rendered":"Siyasetname"},"content":{"rendered":"<p>\u00c7evirmen: Nurettin Bayrutlugil<br \/>Yay\u0131n Tarihi: 01.09.2017<br \/>ISBN: 9789759953799<br \/>Dil: T\u00dcRK\u00c7E<br \/>Sayfa Say\u0131s\u0131: 294<br \/>Cilt Tipi: Karton Kapak<br \/>Ka\u011f\u0131t Cinsi: Kitap Ka\u011f\u0131d\u0131<br \/>Boyut: 13.5 x 19.5 cm<\/p>","protected":false},"excerpt":{"rendered":"<p>B\u00fcy\u00fck Sel\u00e7uklu veziri Nizam\u00fclm\u00fclk, Sel\u00e7uklu Devleti&#8217;nin siyasi hayat\u0131nda oldu\u011fu kadar m\u00fcesseselerin te\u015fekk\u00fcl\u00fc, ilmi faaliyetlerin yayg\u0131nla\u015ft\u0131r\u0131lmas\u0131 ve kalite kazanmas\u0131 konusunda da etkili olmu\u015f ki\u015filerin ba\u015f\u0131nda gelmektedir. Sultan Melik\u015fah&#8217;\u0131n iste\u011fi \u00fczerine kaleme ald\u0131\u011f\u0131 Siyasetname, \u0130slam d\u00fcnyas\u0131nda kendisinden \u00f6nce mevcut olan bir gelece\u011fin devam\u0131 olmakla beraber, onlardan ayr\u0131lan \u00f6nemil taraflar\u0131 vard\u0131r: Nizam\u00fclm\u00fclk, eserini kaleme al\u0131rken, yaln\u0131z nasihat vermekle yetinmemi\u015f, teklifler de getirmi\u015ftir.<\/p>","protected":false},"featured_media":22548,"template":"","meta":{"spay_email":""},"product_cat":[170],"product_tag":[],"item":[356],"acf":[],"_links":{"self":[{"href":"https:\/\/mgvpublications.com\/de\/wp-json\/wp\/v2\/product\/15251"}],"collection":[{"href":"https:\/\/mgvpublications.com\/de\/wp-json\/wp\/v2\/product"}],"about":[{"href":"https:\/\/mgvpublications.com\/de\/wp-json\/wp\/v2\/types\/product"}],"wp:featuredmedia":[{"embeddable":true,"href":"https:\/\/mgvpublications.com\/de\/wp-json\/wp\/v2\/media\/22548"}],"wp:attachment":[{"href":"https:\/\/mgvpublications.com\/de\/wp-json\/wp\/v2\/media?parent=15251"}],"wp:term":[{"taxonomy":"product_cat","embeddable":true,"href":"https:\/\/mgvpublications.com\/de\/wp-json\/wp\/v2\/product_cat?post=15251"},{"taxonomy":"product_tag","embeddable":true,"href":"https:\/\/mgvpublications.com\/de\/wp-json\/wp\/v2\/product_tag?post=15251"},{"taxonomy":"item","embeddable":true,"href":"https:\/\/mgvpublications.com\/de\/wp-json\/wp\/v2\/item?post=15251"}],"curies":[{"name":"wp","href":"https:\/\/api.w.org\/{rel}","templated":true}]}}