{"id":15239,"date":"2021-01-07T22:44:59","date_gmt":"2021-01-07T21:44:59","guid":{"rendered":"https:\/\/dev2.mgvpublications.com\/produkt\/yuzler\/"},"modified":"2022-03-08T22:48:39","modified_gmt":"2022-03-08T21:48:39","slug":"yuzler","status":"publish","type":"product","link":"https:\/\/mgvpublications.com\/de\/yuzler\/","title":{"rendered":"Y\u00fczler"},"content":{"rendered":"<p>Yay\u0131n Tarihi: 04.05.2018<br \/>ISBN: 9789753553919<br \/>Dil: T\u00dcRK\u00c7E<br \/>Sayfa Say\u0131s\u0131: 192<br \/>Cilt Tipi: Karton Kapak<br \/>Ka\u011f\u0131t Cinsi: Kitap Ka\u011f\u0131d\u0131<br \/>Boyut: 12.5 x 19.5 cm<\/p>","protected":false},"excerpt":{"rendered":"<p>\u00d6yk\u00fc ve deneme ustas\u0131 Rasim \u00d6zden\u00f6ren keskin g\u00f6zlemcili\u011finin \u00fcr\u00fcn\u00fc olan bu kitab\u0131nda &#8220;y\u00fczler&#8221; \u00e7iziyor okuruna. Bozguncunun, b\u00fcy\u00fcklenenin, alayc\u0131n\u0131n, kalta\u011f\u0131n, korka\u011f\u0131n&#8230; y\u00fczleri. Othello&#8217;nun \u015feytan\u0131, Sait Faik&#8217;in hi\u00e7bir zaman do\u011fmam\u0131\u015f garip \u00e7ocu\u011fu, idam mahkumunun infazdan \u00f6nceki y\u00fcz ifadesi, Ebu Celil&#8217;in haset\u00e7ili\u011fi, Ebu Talib&#8217;in bahanesi, Hamlet&#8217;in kula\u011f\u0131na gelen f\u0131s\u0131lt\u0131lar, \u0130van Karamazof&#8217;un i\u00e7inde yekinen hayalet, Raskolnikof&#8217;un \u00fcretti\u011fi cinayet ger\u00e7ekleri&#8230; Bir\u00e7ok portreyi kalemiyle yeniden \u00fcretip ahlaki alan\u0131n prototiplerine d\u00f6n\u00fc\u015ft\u00fcr\u00fcl\u00fcyor.<\/p>","protected":false},"featured_media":21431,"template":"","meta":{"spay_email":""},"product_cat":[168],"product_tag":[],"item":[689],"acf":[],"_links":{"self":[{"href":"https:\/\/mgvpublications.com\/de\/wp-json\/wp\/v2\/product\/15239"}],"collection":[{"href":"https:\/\/mgvpublications.com\/de\/wp-json\/wp\/v2\/product"}],"about":[{"href":"https:\/\/mgvpublications.com\/de\/wp-json\/wp\/v2\/types\/product"}],"wp:featuredmedia":[{"embeddable":true,"href":"https:\/\/mgvpublications.com\/de\/wp-json\/wp\/v2\/media\/21431"}],"wp:attachment":[{"href":"https:\/\/mgvpublications.com\/de\/wp-json\/wp\/v2\/media?parent=15239"}],"wp:term":[{"taxonomy":"product_cat","embeddable":true,"href":"https:\/\/mgvpublications.com\/de\/wp-json\/wp\/v2\/product_cat?post=15239"},{"taxonomy":"product_tag","embeddable":true,"href":"https:\/\/mgvpublications.com\/de\/wp-json\/wp\/v2\/product_tag?post=15239"},{"taxonomy":"item","embeddable":true,"href":"https:\/\/mgvpublications.com\/de\/wp-json\/wp\/v2\/item?post=15239"}],"curies":[{"name":"wp","href":"https:\/\/api.w.org\/{rel}","templated":true}]}}