{"id":15233,"date":"2021-01-07T22:32:00","date_gmt":"2021-01-07T21:32:00","guid":{"rendered":"https:\/\/dev2.mgvpublications.com\/produkt\/kuyu\/"},"modified":"2022-03-31T16:51:47","modified_gmt":"2022-03-31T14:51:47","slug":"kuyu","status":"publish","type":"product","link":"https:\/\/mgvpublications.com\/de\/kuyu\/","title":{"rendered":"Kuyu"},"content":{"rendered":"<table>\n<tbody>\n<tr>\n<td>Yay\u0131n Tarihi:<\/td>\n<td>12.12.2019<\/td>\n<\/tr>\n<tr>\n<td>ISBN:<\/td>\n<td>9789753553926<\/td>\n<\/tr>\n<tr>\n<td>Dil:<\/td>\n<td>T\u00dcRK\u00c7E<\/td>\n<\/tr>\n<tr>\n<td>Sayfa Say\u0131s\u0131:<\/td>\n<td>104<\/td>\n<\/tr>\n<tr>\n<td>Cilt Tipi:<\/td>\n<td>Karton Kapak<\/td>\n<\/tr>\n<tr>\n<td>Ka\u011f\u0131t Cinsi:<\/td>\n<td>Kitap Ka\u011f\u0131d\u0131<\/td>\n<\/tr>\n<tr>\n<td>Boyut:<\/td>\n<td>12 x 19.5 cm<\/td>\n<\/tr>\n<\/tbody>\n<\/table>","protected":false},"excerpt":{"rendered":"<p>\u00c7a\u011fda\u015f T\u00fcrk hikayecili\u011findeki g\u00fc\u00e7l\u00fc konumuyla kendinden sonra gelen pek \u00e7ok \u00f6yk\u00fcc\u00fcy\u00fc derinden etkileyen Rasim \u00d6zden\u00f6ren, Kuyu\u2019daki \u00f6yk\u00fclerinde de\u011fi\u015fim, uyumsuzluk, yabanc\u0131la\u015fma konular\u0131n\u0131 hikayecili\u011fimizde ilk kez yerli bir bak\u0131\u015f a\u00e7\u0131s\u0131yla ve b\u00fct\u00fcn boyutlar\u0131yla dile getiriyor.<\/p>","protected":false},"featured_media":15234,"template":"","meta":{"spay_email":""},"product_cat":[168],"product_tag":[],"item":[689],"acf":[],"_links":{"self":[{"href":"https:\/\/mgvpublications.com\/de\/wp-json\/wp\/v2\/product\/15233"}],"collection":[{"href":"https:\/\/mgvpublications.com\/de\/wp-json\/wp\/v2\/product"}],"about":[{"href":"https:\/\/mgvpublications.com\/de\/wp-json\/wp\/v2\/types\/product"}],"wp:featuredmedia":[{"embeddable":true,"href":"https:\/\/mgvpublications.com\/de\/wp-json\/wp\/v2\/media\/15234"}],"wp:attachment":[{"href":"https:\/\/mgvpublications.com\/de\/wp-json\/wp\/v2\/media?parent=15233"}],"wp:term":[{"taxonomy":"product_cat","embeddable":true,"href":"https:\/\/mgvpublications.com\/de\/wp-json\/wp\/v2\/product_cat?post=15233"},{"taxonomy":"product_tag","embeddable":true,"href":"https:\/\/mgvpublications.com\/de\/wp-json\/wp\/v2\/product_tag?post=15233"},{"taxonomy":"item","embeddable":true,"href":"https:\/\/mgvpublications.com\/de\/wp-json\/wp\/v2\/item?post=15233"}],"curies":[{"name":"wp","href":"https:\/\/api.w.org\/{rel}","templated":true}]}}