{"id":15231,"date":"2021-01-07T22:19:39","date_gmt":"2021-01-07T21:19:39","guid":{"rendered":"https:\/\/dev2.mgvpublications.com\/produkt\/ben-ve-hayat-ve-olum\/"},"modified":"2022-03-08T22:48:37","modified_gmt":"2022-03-08T21:48:37","slug":"ben-ve-hayat-ve-olum","status":"publish","type":"product","link":"https:\/\/mgvpublications.com\/de\/ben-ve-hayat-ve-olum\/","title":{"rendered":"Ben ve Hayat ve \u00d6l\u00fcm"},"content":{"rendered":"<table>\n<tbody>\n<tr>\n<td>Yay\u0131n Tarihi:<\/td>\n<td>15.01.2018<\/td>\n<\/tr>\n<tr>\n<td>ISBN:<\/td>\n<td>9789753552417<\/td>\n<\/tr>\n<tr>\n<td>Dil:<\/td>\n<td>T\u00dcRK\u00c7E<\/td>\n<\/tr>\n<tr>\n<td>Sayfa Say\u0131s\u0131:<\/td>\n<td>332<\/td>\n<\/tr>\n<tr>\n<td>Cilt Tipi:<\/td>\n<td>Karton Kapak<\/td>\n<\/tr>\n<tr>\n<td>Ka\u011f\u0131t Cinsi:<\/td>\n<td>3. Hm. Ka\u011f\u0131t<\/td>\n<\/tr>\n<tr>\n<td>Boyut:<\/td>\n<td>12.5 x 19.5 cm<\/td>\n<\/tr>\n<\/tbody>\n<\/table>","protected":false},"excerpt":{"rendered":"<div class=\"top-block\">\n<div class=\"pr_description\">\n<div id=\"description_text\"><span class=\"info__text\">\u00d6zden\u00f6ren okuyucular\u0131na al\u0131\u015f\u0131k olmad\u0131klar\u0131 tatlar sunan bu kitab\u0131nda; kendi ben&#8217;inin dolay\u0131m\u0131ndan ge\u00e7erek hayat\u0131 ve \u00f6l\u00fcm\u00fc ve insan\u0131n hayatla \u00f6l\u00fcm aras\u0131nda yer alan \u00e7e\u015fitli ve\u00e7helerini anlamaya \u00e7al\u0131\u015f\u0131yor. Korku, zaaf, yaln\u0131zl\u0131k, k\u0131skan\u00e7l\u0131k, su\u00e7, ceza, kibir, r\u00fcya, t\u00f6vbe, a\u015fk, saadet ve sava\u015f&#8230; k\u0131sacas\u0131 hayat ve hayat\u0131n zenginliklerine \u015fahsi tecr\u00fcbeleri \u0131\u015f\u0131\u011f\u0131nda bakmay\u0131 deniyor.<br \/>\n<\/span><\/div>\n<\/div>\n<\/div>\n<div class=\"bottom-block\">\n<div class=\"pr_attributes\"><\/div>\n<\/div>","protected":false},"featured_media":15232,"template":"","meta":{"spay_email":""},"product_cat":[168],"product_tag":[],"item":[689],"acf":[],"_links":{"self":[{"href":"https:\/\/mgvpublications.com\/de\/wp-json\/wp\/v2\/product\/15231"}],"collection":[{"href":"https:\/\/mgvpublications.com\/de\/wp-json\/wp\/v2\/product"}],"about":[{"href":"https:\/\/mgvpublications.com\/de\/wp-json\/wp\/v2\/types\/product"}],"wp:featuredmedia":[{"embeddable":true,"href":"https:\/\/mgvpublications.com\/de\/wp-json\/wp\/v2\/media\/15232"}],"wp:attachment":[{"href":"https:\/\/mgvpublications.com\/de\/wp-json\/wp\/v2\/media?parent=15231"}],"wp:term":[{"taxonomy":"product_cat","embeddable":true,"href":"https:\/\/mgvpublications.com\/de\/wp-json\/wp\/v2\/product_cat?post=15231"},{"taxonomy":"product_tag","embeddable":true,"href":"https:\/\/mgvpublications.com\/de\/wp-json\/wp\/v2\/product_tag?post=15231"},{"taxonomy":"item","embeddable":true,"href":"https:\/\/mgvpublications.com\/de\/wp-json\/wp\/v2\/item?post=15231"}],"curies":[{"name":"wp","href":"https:\/\/api.w.org\/{rel}","templated":true}]}}