{"id":15227,"date":"2021-01-07T22:11:55","date_gmt":"2021-01-07T21:11:55","guid":{"rendered":"https:\/\/dev2.mgvpublications.com\/produkt\/ruhun-malzemeleri\/"},"modified":"2022-03-08T22:48:37","modified_gmt":"2022-03-08T21:48:37","slug":"ruhun-malzemeleri","status":"publish","type":"product","link":"https:\/\/mgvpublications.com\/de\/ruhun-malzemeleri\/","title":{"rendered":"Ruhun Malzemeleri"},"content":{"rendered":"<table>\n<tbody>\n<tr>\n<td>Yay\u0131n Tarihi:<\/td>\n<td>04.05.2018<\/td>\n<\/tr>\n<tr>\n<td>ISBN:<\/td>\n<td>9789753552400<\/td>\n<\/tr>\n<tr>\n<td>Dil:<\/td>\n<td>T\u00dcRK\u00c7E<\/td>\n<\/tr>\n<tr>\n<td>Sayfa Say\u0131s\u0131:<\/td>\n<td>352<\/td>\n<\/tr>\n<tr>\n<td>Cilt Tipi:<\/td>\n<td>Karton Kapak<\/td>\n<\/tr>\n<tr>\n<td>Ka\u011f\u0131t Cinsi:<\/td>\n<td>3. Hm. Ka\u011f\u0131t<\/td>\n<\/tr>\n<tr>\n<td>Boyut:<\/td>\n<td>12.5 x 19.5 cm<\/td>\n<\/tr>\n<\/tbody>\n<\/table>","protected":false},"excerpt":{"rendered":"<p>\u201c\u0130slami edebiyat\u0131n ne oldu\u011fu \u00fczerinde tart\u0131\u015fmalar\u0131n yap\u0131ld\u0131\u011f\u0131 bir d\u00f6nemde, biz, gene de bir tak\u0131m a priori kurallar\u0131n k\u0131lavuzlu\u011funa g\u00fcvenerek yola \u00e7\u0131kman\u0131n sak\u0131ncalar\u0131n\u0131 tekrarlamakta yarar g\u00f6r\u00fcyoruz\u201d diyen Rasim \u00d6zden\u00f6ren, sanat ve edebiyat yaz\u0131lar\u0131ndan olu\u015fan bu kitab\u0131nda, s\u00f6z konusu etti\u011fi tart\u0131\u015fma alan\u0131na al\u0131\u015f\u0131lm\u0131\u015f \u015fematik kal\u0131plar\u0131n d\u0131\u015f\u0131nda bir metot g\u00fcderek son y\u00fczy\u0131lda siyasal ve toplumsal a\u00e7mazlar\u0131n paralelinde yol alan k\u00fclt\u00fcrel kopuklu\u011fa ve yerli k\u00fclt\u00fcre sayal\u0131 bir edebiyat ortam\u0131n\u0131n olu\u015fmas\u0131na \u0130slam\u00ee bir bak\u0131\u015fla e\u011filiyor&#8230;<\/p>","protected":false},"featured_media":15228,"template":"","meta":{"spay_email":""},"product_cat":[168],"product_tag":[],"item":[689],"acf":[],"_links":{"self":[{"href":"https:\/\/mgvpublications.com\/de\/wp-json\/wp\/v2\/product\/15227"}],"collection":[{"href":"https:\/\/mgvpublications.com\/de\/wp-json\/wp\/v2\/product"}],"about":[{"href":"https:\/\/mgvpublications.com\/de\/wp-json\/wp\/v2\/types\/product"}],"wp:featuredmedia":[{"embeddable":true,"href":"https:\/\/mgvpublications.com\/de\/wp-json\/wp\/v2\/media\/15228"}],"wp:attachment":[{"href":"https:\/\/mgvpublications.com\/de\/wp-json\/wp\/v2\/media?parent=15227"}],"wp:term":[{"taxonomy":"product_cat","embeddable":true,"href":"https:\/\/mgvpublications.com\/de\/wp-json\/wp\/v2\/product_cat?post=15227"},{"taxonomy":"product_tag","embeddable":true,"href":"https:\/\/mgvpublications.com\/de\/wp-json\/wp\/v2\/product_tag?post=15227"},{"taxonomy":"item","embeddable":true,"href":"https:\/\/mgvpublications.com\/de\/wp-json\/wp\/v2\/item?post=15227"}],"curies":[{"name":"wp","href":"https:\/\/api.w.org\/{rel}","templated":true}]}}