{"id":15225,"date":"2021-01-07T22:08:32","date_gmt":"2021-01-07T21:08:32","guid":{"rendered":"https:\/\/dev2.mgvpublications.com\/produkt\/kent-iliskileri\/"},"modified":"2022-03-08T22:48:37","modified_gmt":"2022-03-08T21:48:37","slug":"kent-iliskileri","status":"publish","type":"product","link":"https:\/\/mgvpublications.com\/de\/kent-iliskileri\/","title":{"rendered":"Kent \u0130li\u015fkileri"},"content":{"rendered":"<table>\n<tbody>\n<tr>\n<td>Yay\u0131n Tarihi:<\/td>\n<td>13.01.2018<\/td>\n<\/tr>\n<tr>\n<td>ISBN:<\/td>\n<td>9789753553551<\/td>\n<\/tr>\n<tr>\n<td>Dil:<\/td>\n<td>T\u00dcRK\u00c7E<\/td>\n<\/tr>\n<tr>\n<td>Sayfa Say\u0131s\u0131:<\/td>\n<td>200<\/td>\n<\/tr>\n<tr>\n<td>Cilt Tipi:<\/td>\n<td>Karton Kapak<\/td>\n<\/tr>\n<tr>\n<td>Ka\u011f\u0131t Cinsi:<\/td>\n<td>3. Hm. Ka\u011f\u0131t<\/td>\n<\/tr>\n<tr>\n<td>Boyut:<\/td>\n<td>12.5 x 19.5 cm<\/td>\n<\/tr>\n<\/tbody>\n<\/table>","protected":false},"excerpt":{"rendered":"<p>&#8220;\u0130nsan, yal\u0131n tabiat i\u00e7inde ya\u015famaz. O, tabiat\u0131 ya\u015fayabilece\u011fi hale d\u00f6n\u00fc\u015ft\u00fcr\u00fcr, bu demektir ki kent kurar. Kentten ka\u00e7an ya geri kente d\u00f6ner veya gitti\u011fi yeri kentle\u015ftirir: gitti\u011fi yerde kendine bar\u0131nak, yol&#8230; in\u015fa eder. Kendi g\u00f6vdesini ve tabiat\u0131 \u00f6rtmek, insan varl\u0131k yap\u0131s\u0131n\u0131n kendili\u011finden y\u00f6nsemesidir: \u0130lkinden giysi, ikincisinden de kent olu\u015fuyor.&#8221;<\/p>","protected":false},"featured_media":15226,"template":"","meta":{"spay_email":""},"product_cat":[168],"product_tag":[],"item":[689],"acf":[],"_links":{"self":[{"href":"https:\/\/mgvpublications.com\/de\/wp-json\/wp\/v2\/product\/15225"}],"collection":[{"href":"https:\/\/mgvpublications.com\/de\/wp-json\/wp\/v2\/product"}],"about":[{"href":"https:\/\/mgvpublications.com\/de\/wp-json\/wp\/v2\/types\/product"}],"wp:featuredmedia":[{"embeddable":true,"href":"https:\/\/mgvpublications.com\/de\/wp-json\/wp\/v2\/media\/15226"}],"wp:attachment":[{"href":"https:\/\/mgvpublications.com\/de\/wp-json\/wp\/v2\/media?parent=15225"}],"wp:term":[{"taxonomy":"product_cat","embeddable":true,"href":"https:\/\/mgvpublications.com\/de\/wp-json\/wp\/v2\/product_cat?post=15225"},{"taxonomy":"product_tag","embeddable":true,"href":"https:\/\/mgvpublications.com\/de\/wp-json\/wp\/v2\/product_tag?post=15225"},{"taxonomy":"item","embeddable":true,"href":"https:\/\/mgvpublications.com\/de\/wp-json\/wp\/v2\/item?post=15225"}],"curies":[{"name":"wp","href":"https:\/\/api.w.org\/{rel}","templated":true}]}}