{"id":15221,"date":"2021-01-07T22:01:33","date_gmt":"2021-01-07T21:01:33","guid":{"rendered":"https:\/\/dev2.mgvpublications.com\/produkt\/yaban-butun-eserleri-1\/"},"modified":"2022-03-08T22:48:37","modified_gmt":"2022-03-08T21:48:37","slug":"yaban-butun-eserleri-1","status":"publish","type":"product","link":"https:\/\/mgvpublications.com\/de\/yaban-butun-eserleri-1\/","title":{"rendered":"Yaban B\u00fct\u00fcn Eserleri 1"},"content":{"rendered":"<table>\n<tbody>\n<tr>\n<td>Yay\u0131n Tarihi:<\/td>\n<td>04.10.2019<\/td>\n<\/tr>\n<tr>\n<td>ISBN:<\/td>\n<td>9789754700060<\/td>\n<\/tr>\n<tr>\n<td>Dil:<\/td>\n<td>T\u00dcRK\u00c7E<\/td>\n<\/tr>\n<tr>\n<td>Sayfa Say\u0131s\u0131:<\/td>\n<td>214<\/td>\n<\/tr>\n<tr>\n<td>Cilt Tipi:<\/td>\n<td>Karton Kapak<\/td>\n<\/tr>\n<tr>\n<td>Ka\u011f\u0131t Cinsi:<\/td>\n<td>Kitap Ka\u011f\u0131d\u0131<\/td>\n<\/tr>\n<tr>\n<td>Boyut:<\/td>\n<td>13 x 19 cm<\/td>\n<\/tr>\n<\/tbody>\n<\/table>","protected":false},"excerpt":{"rendered":"<div class=\"top-block\">\n<div class=\"pr_description\">\n<div id=\"description_text\" class=\"readmore-js-section readmore-js-expanded\"><span class=\"info__text\">Mill\u00ee M\u00fccadele s\u0131ras\u0131nda Orta Anadolu\u2019da bir k\u00f6y. Tanzimat ayd\u0131n\u0131n\u0131n sosyo-<br \/>\npsikolojik \u00f6zelliklerinin uzant\u0131lar\u0131n\u0131 ta\u015f\u0131yan Ahmet Celal. Kendini kurtar\u0131c\u0131<br \/>\nolarak g\u00f6ren, halk\u0131 e\u011fitmeyi (ya da adam etmeyi) g\u00f6rev edinmi\u015f, kafas\u0131nda<br \/>\nyaratt\u0131\u011f\u0131 ger\u00e7ekle ya\u015fanan ger\u00e7e\u011fin \u00e7at\u0131\u015fmas\u0131 sonucu \u201cyaban\u201dla\u015fan tipik<br \/>\nayd\u0131n.<br \/>\nYirminci y\u00fczy\u0131l\u0131n ilk yar\u0131s\u0131nda b\u00fcy\u00fck bir \u00fcretkenlikle dergilere yazd\u0131\u011f\u0131 \u015fiir,<br \/>\n\u00f6yk\u00fc, makale ve ele\u015ftri t\u00fcr\u00fc yaz\u0131larla T\u00fcrk edebiyat\u0131 sahnesine ad\u0131m\u0131n\u0131 atan<br \/>\nYakup Kadri Karaosmano\u011flu, romanlar\u0131, hikayeleri, denemeleri, oyunlar\u0131<br \/>\nve an\u0131lar\u0131yla, en \u00f6nemli edeiyat\u00e7\u0131lar\u0131m\u0131z aras\u0131nda yer al\u0131r. \u00dcslup \u00f6zellikleri<br \/>\nbak\u0131m\u0131ndan Yakup Kadri\u2019nin 1910\u2019dan 1974\u2019e dek verdi\u011fi eserler T\u00fcrk\u00e7e\u2019nin<br \/>\nge\u00e7irdi\u011fi b\u00fct\u00fcn evreleri yans\u0131t\u0131r. Eserlerinin konu ve fikir zenginli\u011fi de<br \/>\ndil \u00f6zelliklerinin \u00e7e\u015fitlili\u011finden a\u015fa\u011f\u0131 kalmaz. Yakup Kadri\u2019nin Frans\u0131z<br \/>\nedebiyat\u0131 etkisinde ba\u015flayan yazarl\u0131\u011f\u0131, 1920\u2019lerden sonra \u00f6zg\u00fcn bir sese<br \/>\nkavu\u015farak siyasi ve sosyolojik konulara, tarihe, d\u00f6nem \u00e7at\u0131\u015fmalar\u0131na ve<br \/>\nbirey psikolojisi irdelemelerine y\u00f6nelir. Fecr-i Ati\u2019den yeti\u015fmi\u015f ama bunu<br \/>\nizleyen elli y\u0131l boyunca toplumsal ko\u015fullar, tarihi s\u00fcre\u00e7ler ve bireysel<br \/>\nportreleri roman\u0131n dokusuna i\u015flemek i\u00e7in roman tekni\u011fiyle de bo\u011fu\u015fmu\u015f<br \/>\nbir yazar olan Karaosmano\u011flu\u2019nun eserleri, hala t\u00fcketilmemi\u015f ayr\u0131nt\u0131lar\u0131n\u0131n<br \/>\ntart\u0131\u015f\u0131l\u0131p incelenmesi gereken zengin bir \u201cpanoroma\u201dd\u0131r.<br \/>\n<\/span><\/div>\n<\/div>\n<\/div>\n<div class=\"bottom-block\">\n<div class=\"pr_attributes\"><\/div>\n<\/div>","protected":false},"featured_media":15222,"template":"","meta":{"spay_email":""},"product_cat":[168],"product_tag":[],"item":[365],"acf":[],"_links":{"self":[{"href":"https:\/\/mgvpublications.com\/de\/wp-json\/wp\/v2\/product\/15221"}],"collection":[{"href":"https:\/\/mgvpublications.com\/de\/wp-json\/wp\/v2\/product"}],"about":[{"href":"https:\/\/mgvpublications.com\/de\/wp-json\/wp\/v2\/types\/product"}],"wp:featuredmedia":[{"embeddable":true,"href":"https:\/\/mgvpublications.com\/de\/wp-json\/wp\/v2\/media\/15222"}],"wp:attachment":[{"href":"https:\/\/mgvpublications.com\/de\/wp-json\/wp\/v2\/media?parent=15221"}],"wp:term":[{"taxonomy":"product_cat","embeddable":true,"href":"https:\/\/mgvpublications.com\/de\/wp-json\/wp\/v2\/product_cat?post=15221"},{"taxonomy":"product_tag","embeddable":true,"href":"https:\/\/mgvpublications.com\/de\/wp-json\/wp\/v2\/product_tag?post=15221"},{"taxonomy":"item","embeddable":true,"href":"https:\/\/mgvpublications.com\/de\/wp-json\/wp\/v2\/item?post=15221"}],"curies":[{"name":"wp","href":"https:\/\/api.w.org\/{rel}","templated":true}]}}