{"id":15209,"date":"2020-12-29T22:46:25","date_gmt":"2020-12-29T21:46:25","guid":{"rendered":"https:\/\/dev2.mgvpublications.com\/produkt\/hareketli-itfaiye-hareketli-kitaplar\/"},"modified":"2022-03-08T22:48:35","modified_gmt":"2022-03-08T21:48:35","slug":"hareketli-itfaiye-hareketli-kitaplar","status":"publish","type":"product","link":"https:\/\/mgvpublications.com\/de\/hareketli-itfaiye-hareketli-kitaplar\/","title":{"rendered":"Hareketli \u0130tfaiye (Hareketli Kitaplar)"},"content":{"rendered":"<div>\u00c7evirmen: Nevin Avan \u00d6zdemir<\/div>\n<div>Yay\u0131n Tarihi: 19.11.2018<\/div>\n<div>Orijinal Ad\u0131: Busy Fire Station<\/div>\n<div>ISBN: 9786053322849<\/div>\n<div>Dil: T\u00dcRK\u00c7E<\/div>\n<div>Sayfa Say\u0131s\u0131: 8<\/div>\n<div>Cilt Tipi: Karton Kapak<\/div>\n<div>Ka\u011f\u0131t Cinsi: Kitap Ka\u011f\u0131d\u0131<\/div>\n<div>Boyut: 18 x 18 cm<\/div>","protected":false},"excerpt":{"rendered":"<p>Minikler bu ilgin\u00e7 kitapta kahraman itfaiyecilerle tan\u0131\u015f\u0131yor. \u00c7ocu\u011funuz parmaklar\u0131n\u0131 kullanarak kitaptaki aktivitelere kat\u0131labilir, kendi \u00f6yk\u00fcs\u00fcn\u00fc olu\u015fturabilir. Hareketli Kitaplar \u00e7ocuklar\u0131n boyut alg\u0131lar\u0131n\u0131, el g\u00f6z koordinasyonlar\u0131n\u0131 ve \u00e7evreyle ba\u011flant\u0131 kurma yeteneklerini geli\u015ftirmek amac\u0131yla haz\u0131rlanm\u0131\u015ft\u0131r. \u00c7ocu\u011funuzun elinden d\u00fc\u015f\u00fcrmeyece\u011fi Hareketli Kitaplar hem \u00e7ok e\u011flenceli, hem de \u00e7ok dayan\u0131kl\u0131!<\/p>","protected":false},"featured_media":15210,"template":"","meta":{"spay_email":""},"product_cat":[172],"product_tag":[],"item":[336],"acf":[],"_links":{"self":[{"href":"https:\/\/mgvpublications.com\/de\/wp-json\/wp\/v2\/product\/15209"}],"collection":[{"href":"https:\/\/mgvpublications.com\/de\/wp-json\/wp\/v2\/product"}],"about":[{"href":"https:\/\/mgvpublications.com\/de\/wp-json\/wp\/v2\/types\/product"}],"wp:featuredmedia":[{"embeddable":true,"href":"https:\/\/mgvpublications.com\/de\/wp-json\/wp\/v2\/media\/15210"}],"wp:attachment":[{"href":"https:\/\/mgvpublications.com\/de\/wp-json\/wp\/v2\/media?parent=15209"}],"wp:term":[{"taxonomy":"product_cat","embeddable":true,"href":"https:\/\/mgvpublications.com\/de\/wp-json\/wp\/v2\/product_cat?post=15209"},{"taxonomy":"product_tag","embeddable":true,"href":"https:\/\/mgvpublications.com\/de\/wp-json\/wp\/v2\/product_tag?post=15209"},{"taxonomy":"item","embeddable":true,"href":"https:\/\/mgvpublications.com\/de\/wp-json\/wp\/v2\/item?post=15209"}],"curies":[{"name":"wp","href":"https:\/\/api.w.org\/{rel}","templated":true}]}}