{"id":15205,"date":"2020-12-29T22:11:16","date_gmt":"2020-12-29T21:11:16","guid":{"rendered":"https:\/\/dev2.mgvpublications.com\/produkt\/delifisek-2\/"},"modified":"2022-04-08T06:21:49","modified_gmt":"2022-04-08T04:21:49","slug":"delifisek-2","status":"publish","type":"product","link":"https:\/\/mgvpublications.com\/de\/delifisek-2\/","title":{"rendered":"Delifi\u015fek"},"content":{"rendered":"<p>\u00c7evirmen: \u0130nci Kut<br \/>Yay\u0131n Tarihi: 06.08.2019<br \/>ISBN: 9789750724787<br \/>Dil: T\u00dcRK\u00c7E<br \/>Sayfa Say\u0131s\u0131: 88<br \/>Cilt Tipi: Karton Kapak<br \/>Ka\u011f\u0131t Cinsi: 3. Hm. Ka\u011f\u0131t<br \/>Boyut: 12.5 x 19.5 cm<\/p>","protected":false},"excerpt":{"rendered":"<p>Brezilyal\u0131 Jose Mauro de Vasconcelos&#8217;un, kendi ya\u015fam kesitlerinden yola \u00e7\u0131karak yazd\u0131\u011f\u0131 \u015eeker Portakal\u0131&#8217;n\u0131 T\u00fcrkiye&#8217;de yediden yetmi\u015fe herkes severek okuyor. Roman\u0131n kahraman\u0131 k\u00fc\u00e7\u00fck Zeze, \u00e7ocuklar\u0131n en yak\u0131n dostu; b\u00fcy\u00fcklerin de y\u00fcreklerine yerle\u015fmi\u015f bir sevgili \u00e7ocuk. \u015eeker Portakal\u0131&#8217;n\u0131n devam\u0131 ve ikinci b\u00f6l\u00fcm\u00fc olan G\u00fcne\u015fi Uyand\u0131ral\u0131m&#8217;daki Zeze biraz daha b\u00fcy\u00fcm\u00fc\u015f, art\u0131k okullu olmu\u015ftur. K\u00fc\u00e7\u00fckl\u00fc\u011f\u00fcndeki sevgili dostu, dert orta\u011f\u0131 \u015eeker Portakal\u0131 fidan\u0131 yoktur, ama bu kez y\u00fcre\u011finde sevimli Kurba\u011fa&#8217;s\u0131 vard\u0131r. Bu dizinin \u00fc\u00e7\u00fcnc\u00fc b\u00f6l\u00fcm\u00fc olan Delifi\u015fek&#8217;te Zeze&#8217;yi daha da b\u00fcy\u00fcm\u00fc\u015f bulacaks\u0131n\u0131z. Zeze art\u0131k delikanl\u0131 olma yolundad\u0131r. Ya\u015fam\u0131n kat\u0131 ger\u00e7ekleriyle kar\u015f\u0131 kar\u015f\u0131yad\u0131r. Haklar\u0131n\u0131 aramakta, \u00f6zg\u00fcrl\u00fc\u011f\u00fc yaratmaya \u00e7al\u0131\u015fmaktad\u0131r.<\/p>","protected":false},"featured_media":23205,"template":"","meta":{"spay_email":""},"product_cat":[172],"product_tag":[],"item":[369],"acf":[],"_links":{"self":[{"href":"https:\/\/mgvpublications.com\/de\/wp-json\/wp\/v2\/product\/15205"}],"collection":[{"href":"https:\/\/mgvpublications.com\/de\/wp-json\/wp\/v2\/product"}],"about":[{"href":"https:\/\/mgvpublications.com\/de\/wp-json\/wp\/v2\/types\/product"}],"wp:featuredmedia":[{"embeddable":true,"href":"https:\/\/mgvpublications.com\/de\/wp-json\/wp\/v2\/media\/23205"}],"wp:attachment":[{"href":"https:\/\/mgvpublications.com\/de\/wp-json\/wp\/v2\/media?parent=15205"}],"wp:term":[{"taxonomy":"product_cat","embeddable":true,"href":"https:\/\/mgvpublications.com\/de\/wp-json\/wp\/v2\/product_cat?post=15205"},{"taxonomy":"product_tag","embeddable":true,"href":"https:\/\/mgvpublications.com\/de\/wp-json\/wp\/v2\/product_tag?post=15205"},{"taxonomy":"item","embeddable":true,"href":"https:\/\/mgvpublications.com\/de\/wp-json\/wp\/v2\/item?post=15205"}],"curies":[{"name":"wp","href":"https:\/\/api.w.org\/{rel}","templated":true}]}}