{"id":15203,"date":"2020-12-29T21:01:08","date_gmt":"2020-12-29T20:01:08","guid":{"rendered":"https:\/\/dev2.mgvpublications.com\/produkt\/turkiyenin-yakin-tarihi\/"},"modified":"2022-05-31T11:44:13","modified_gmt":"2022-05-31T09:44:13","slug":"turkiyenin-yakin-tarihi","status":"publish","type":"product","link":"https:\/\/mgvpublications.com\/de\/turkiyenin-yakin-tarihi\/","title":{"rendered":"T\u00fcrkiye\u2019nin Yak\u0131n Tarihi"},"content":{"rendered":"<div>Yay\u0131n Tarihi: 23.03.2018<\/div>\n<div>ISBN: 9789752430402<\/div>\n<div>Dil: T\u00dcRK\u00c7E<\/div>\n<div>Sayfa Say\u0131s\u0131: 256<\/div>\n<div>Cilt Tipi: Karton Kapak<\/div>\n<div>Ka\u011f\u0131t Cinsi: Kitap Ka\u011f\u0131d\u0131<\/div>\n<div>Boyut: 13.5 x 21 cm<\/div>","protected":false},"excerpt":{"rendered":"<p>&#8220;Osmanl\u0131 \u0130mparatorlu\u011fu g\u00fcr\u00fclt\u00fcyle ve aniden ortadan kalkt\u0131. B\u00fcy\u00fck imparatorluklar artlar\u0131nda \u00fc\u00e7-be\u015f y\u0131ll\u0131k de\u011fil, y\u00fcz y\u0131ll\u0131k sanc\u0131lar b\u0131rak\u0131r.&#8221;<br \/>\n\u201c\u0130ttihat\u00e7\u0131lar vatanseverdi, bu onlar\u0131n hem g\u00fcc\u00fcyd\u00fc hem de hatalar\u0131n\u0131n bir nedeni.\u201d<br \/>\n\u201cT\u00fcrkiye\u2019de iktidar \u00e7evreleri Atat\u00fcrk\u2019\u00fcn b\u00fcy\u00fck iddia ve heyecan\u0131n\u0131 anlayamam\u0131\u015ft\u0131r. H\u00e2l\u00e2 da T\u00fcrk akademi d\u00fcnyas\u0131 bu yolda topal ad\u0131mlarla ilerlemektedir.\u201d<br \/>\n&#8220;T\u00fcrk toplumu yery\u00fcz\u00fc tarihinin en b\u00fcy\u00fck devrimini ya\u015fayan yerk\u00fcrenin devlerine kar\u015f\u0131 varl\u0131k m\u00fccadelesi vermi\u015ftir.&#8221;<br \/>\n&#8220;6-7 Eyl\u00fcl olaylar\u0131, Varl\u0131k Vergisi ile birlikte yak\u0131n tarihin en b\u00fcy\u00fck sorun \u00e7\u0131karan iki tertibidir. Tertiplerin ak\u0131\u015f\u0131na sorumlular bile h\u00e2kim olamam\u0131\u015ft\u0131r.&#8221;<br \/>\n&#8220;T\u00fcrkiye anayasalar\u0131 boyuna yenileniyor. Yenilenmeyen politikan\u0131n \u00f6rg\u00fctlenme bi\u00e7imi ve e\u011fitimidir.&#8221;<br \/>\n\u0130LBER ORTAYLI<\/p>\n<p>Eserleriyle T\u00fcrkiye\u2019nin yak\u0131n tarihine en kuvvetli feneri tutan \u0130lber Ortayl\u0131; g\u00fcndemden d\u00fc\u015fmeyen anayasa tarihimizden se\u00e7imlere, Birinci D\u00fcnya Sava\u015f\u0131\u2019n\u0131n ac\u0131 sonu\u00e7lar\u0131ndan \u0130kinci D\u00fcnya Sava\u015f\u0131\u2019ndaki denge politikas\u0131na, Enver Pa\u015fa\u2019n\u0131n komutanl\u0131\u011f\u0131ndan \u0130smet \u0130n\u00f6n\u00fc &#8211; Adnan Menderes \u00e7at\u0131\u015fmas\u0131na, \u0130ran, Irak, Suriye ili\u015fkilerinden ABD, Rusya ve Avrupa Birli\u011fi politikas\u0131na, askeri darbelerden e\u011fitim sistemimize kadar bir\u00e7ok konuda yak\u0131n tarihimizin d\u00f6n\u00fcm noktalar\u0131n\u0131 farkl\u0131 bir bak\u0131\u015f a\u00e7\u0131s\u0131yla ve s\u0131ra d\u0131\u015f\u0131 analizleriyle ele al\u0131yor.<br \/>\nT\u00fcrkiye\u2019nin Yak\u0131n Tarihi, gelece\u011fimizi sa\u011fl\u0131kl\u0131 bi\u00e7imde kurmak ad\u0131na ge\u00e7mi\u015fimizde neler olup bitti\u011fini t\u00fcm ayr\u0131nt\u0131lar\u0131yla merak edenler i\u00e7in benzersiz bir \u015faheser.<br \/>\ndevam\u0131n\u0131 oku<\/p>","protected":false},"featured_media":15204,"template":"","meta":{"spay_email":""},"product_cat":[170],"product_tag":[],"item":[729],"acf":[],"_links":{"self":[{"href":"https:\/\/mgvpublications.com\/de\/wp-json\/wp\/v2\/product\/15203"}],"collection":[{"href":"https:\/\/mgvpublications.com\/de\/wp-json\/wp\/v2\/product"}],"about":[{"href":"https:\/\/mgvpublications.com\/de\/wp-json\/wp\/v2\/types\/product"}],"wp:featuredmedia":[{"embeddable":true,"href":"https:\/\/mgvpublications.com\/de\/wp-json\/wp\/v2\/media\/15204"}],"wp:attachment":[{"href":"https:\/\/mgvpublications.com\/de\/wp-json\/wp\/v2\/media?parent=15203"}],"wp:term":[{"taxonomy":"product_cat","embeddable":true,"href":"https:\/\/mgvpublications.com\/de\/wp-json\/wp\/v2\/product_cat?post=15203"},{"taxonomy":"product_tag","embeddable":true,"href":"https:\/\/mgvpublications.com\/de\/wp-json\/wp\/v2\/product_tag?post=15203"},{"taxonomy":"item","embeddable":true,"href":"https:\/\/mgvpublications.com\/de\/wp-json\/wp\/v2\/item?post=15203"}],"curies":[{"name":"wp","href":"https:\/\/api.w.org\/{rel}","templated":true}]}}