{"id":15197,"date":"2020-12-24T15:09:17","date_gmt":"2020-12-24T14:09:17","guid":{"rendered":"https:\/\/dev2.mgvpublications.com\/produkt\/dua-kader-degistirir-2\/"},"modified":"2022-03-08T22:48:34","modified_gmt":"2022-03-08T21:48:34","slug":"dua-kader-degistirir-2","status":"publish","type":"product","link":"https:\/\/mgvpublications.com\/de\/dua-kader-degistirir-2\/","title":{"rendered":"Dua Kader De\u011fi\u015ftirir"},"content":{"rendered":"<div>Yay\u0131n Tarihi: 15.10.2019<\/div>\n<div>ISBN: 9786052063323<\/div>\n<div>Dil: T\u00dcRK\u00c7E<\/div>\n<div>Sayfa Say\u0131s\u0131: 176<\/div>\n<div>Cilt Tipi: Karton Kapak<\/div>\n<div>Ka\u011f\u0131t Cinsi: Kitap Ka\u011f\u0131d\u0131<\/div>\n<div>Boyut: 13.5 x 19.5 cm<\/div>","protected":false},"excerpt":{"rendered":"<p>\u0130nsan\u0131n kaderinde \u00f6yle bir k\u0131r\u0131lma noktas\u0131 vard\u0131r ki tam isyan edece\u011fin an, evet, i\u015fte o an ufac\u0131k bir dua ile<br \/>\nkaderinin y\u00f6n\u00fcn\u00fc avu\u00e7lar\u0131ndaki g\u00f6z\u00fckmeyen t\u0131ls\u0131mla de\u011fi\u015ftirebilirsin. Her gecenin nas\u0131l bir sabah\u0131 varsa her derdin de bir sonu var. D\u00fc\u015ft\u00fckten sonra kalkacak ve \u00fcst\u00fcn\u00fc silkeleyip tekrar devam edeceksin ko\u015fmaya&#8230;<\/p>\n<p>Ve unutmayacaks\u0131n ki Allah yan\u0131nda, seninle birlikte&#8230;<\/p>\n<p>E\u011fer y\u00fcre\u011finde Rabb&#8217; in varsa, bu hayatta kimseye ihtiyac\u0131n yok demektir. Her \u015fer denilen \u015feyin i\u00e7inde kocaman bir hay\u0131r var, sak\u0131n unutma.<\/p>\n<p>Hz. Mevlana&#8217;n\u0131n \u015fu dizesi ne de ho\u015ftur asl\u0131nda:<\/p>\n<p>&#8220;\u0130yi de\u011filim demek ne haddimize?<br \/>\n\u015e\u00fck\u00fcrler olsun her halimize!&#8221;<br \/>\ndevam\u0131n\u0131 oku<\/p>","protected":false},"featured_media":15198,"template":"","meta":{"spay_email":""},"product_cat":[168,232],"product_tag":[],"item":[1362],"acf":[],"_links":{"self":[{"href":"https:\/\/mgvpublications.com\/de\/wp-json\/wp\/v2\/product\/15197"}],"collection":[{"href":"https:\/\/mgvpublications.com\/de\/wp-json\/wp\/v2\/product"}],"about":[{"href":"https:\/\/mgvpublications.com\/de\/wp-json\/wp\/v2\/types\/product"}],"wp:featuredmedia":[{"embeddable":true,"href":"https:\/\/mgvpublications.com\/de\/wp-json\/wp\/v2\/media\/15198"}],"wp:attachment":[{"href":"https:\/\/mgvpublications.com\/de\/wp-json\/wp\/v2\/media?parent=15197"}],"wp:term":[{"taxonomy":"product_cat","embeddable":true,"href":"https:\/\/mgvpublications.com\/de\/wp-json\/wp\/v2\/product_cat?post=15197"},{"taxonomy":"product_tag","embeddable":true,"href":"https:\/\/mgvpublications.com\/de\/wp-json\/wp\/v2\/product_tag?post=15197"},{"taxonomy":"item","embeddable":true,"href":"https:\/\/mgvpublications.com\/de\/wp-json\/wp\/v2\/item?post=15197"}],"curies":[{"name":"wp","href":"https:\/\/api.w.org\/{rel}","templated":true}]}}