{"id":15195,"date":"2020-12-24T14:35:33","date_gmt":"2020-12-24T13:35:33","guid":{"rendered":"https:\/\/dev2.mgvpublications.com\/produkt\/dini-konularda-kendini-kandirmanin-40-yolu\/"},"modified":"2022-09-02T20:31:15","modified_gmt":"2022-09-02T18:31:15","slug":"dini-konularda-kendini-kandirmanin-40-yolu","status":"publish","type":"product","link":"https:\/\/mgvpublications.com\/de\/dini-konularda-kendini-kandirmanin-40-yolu\/","title":{"rendered":"Dini Konularda Kendini Kand\u0131rman\u0131n 40 Yolu"},"content":{"rendered":"<p>Yay\u0131n Tarihi:\t27.11.2013<br \/>\nISBN:\t9786056441721<br \/>\nDil:\tT\u00dcRK\u00c7E<br \/>\nSayfa Say\u0131s\u0131:\t182<br \/>\nCilt Tipi:\tKarton Kapak<br \/>\nKa\u011f\u0131t Cinsi:\tKitap Ka\u011f\u0131d\u0131<br \/>\nBoyut:\t13.5 x 21 cm<\/p>","protected":false},"excerpt":{"rendered":"<p>\u201c\u0130nsanlar ya\u015famlar\u0131 i\u00e7inde bir\u00e7ok \u015feye de\u011fer bi\u00e7erler. Bir dine, bir gruba, siyasi bir partiye ya da bir futbol tak\u0131m\u0131na ba\u011flanmak \u015feklinde ortaya \u00e7\u0131kar bu s\u00f6z konusu de\u011fer. Ancak zamanla insanlar, de\u011ferleri ile ya\u015famlar\u0131 aras\u0131nda tezat olu\u015fturacak \u015feyler ile kar\u015f\u0131la\u015f\u0131rlar. Genellikle de, yapmak istedikleri \u015feylerin yanl\u0131\u015f olmas\u0131n\u0131 istemezler. Bu y\u00fczden ya ger\u00e7eklerle y\u00fczle\u015fmekten ka\u00e7ar ya da bu ger\u00e7e\u011fe kar\u015f\u0131 koymaya \u00e7al\u0131\u015f\u0131rlar.<\/p>\n<p>Kendini kand\u0131rma, i\u015fte bu a\u015famada devreye girer. Allah\u2019a ve Dine inand\u0131\u011f\u0131n\u0131 s\u00f6yleyen, ancak inanc\u0131n\u0131n gereklerini yerine getirmede zorlanan ki\u015fi, bir \u00e7eli\u015fki i\u00e7indedir. \u0130nsan \u00e7eli\u015fkilerle ya\u015fayamayaca\u011f\u0131 i\u00e7in de, kendince bahaneler \u00fcretir ve s\u0131ralad\u0131\u011f\u0131 bu bahanelerin ard\u0131na gizlenir. Dini konularda kendini kand\u0131rmak \u00fczere \u00fcretilen bu bahanelerin zarar\u0131 ise, ba\u015fkas\u0131na de\u011fil, bizzat bu bahaneyi \u00fcreten ki\u015finin kendisinedir\u2026\u201d<\/p>","protected":false},"featured_media":15196,"template":"","meta":{"spay_email":""},"product_cat":[174],"product_tag":[],"item":[1410],"acf":[],"_links":{"self":[{"href":"https:\/\/mgvpublications.com\/de\/wp-json\/wp\/v2\/product\/15195"}],"collection":[{"href":"https:\/\/mgvpublications.com\/de\/wp-json\/wp\/v2\/product"}],"about":[{"href":"https:\/\/mgvpublications.com\/de\/wp-json\/wp\/v2\/types\/product"}],"wp:featuredmedia":[{"embeddable":true,"href":"https:\/\/mgvpublications.com\/de\/wp-json\/wp\/v2\/media\/15196"}],"wp:attachment":[{"href":"https:\/\/mgvpublications.com\/de\/wp-json\/wp\/v2\/media?parent=15195"}],"wp:term":[{"taxonomy":"product_cat","embeddable":true,"href":"https:\/\/mgvpublications.com\/de\/wp-json\/wp\/v2\/product_cat?post=15195"},{"taxonomy":"product_tag","embeddable":true,"href":"https:\/\/mgvpublications.com\/de\/wp-json\/wp\/v2\/product_tag?post=15195"},{"taxonomy":"item","embeddable":true,"href":"https:\/\/mgvpublications.com\/de\/wp-json\/wp\/v2\/item?post=15195"}],"curies":[{"name":"wp","href":"https:\/\/api.w.org\/{rel}","templated":true}]}}