{"id":15193,"date":"2020-12-24T14:33:05","date_gmt":"2020-12-24T13:33:05","guid":{"rendered":"https:\/\/dev2.mgvpublications.com\/produkt\/ilkcag-felsefesi-tarihi\/"},"modified":"2022-03-08T22:48:32","modified_gmt":"2022-03-08T21:48:32","slug":"ilkcag-felsefesi-tarihi","status":"publish","type":"product","link":"https:\/\/mgvpublications.com\/de\/ilkcag-felsefesi-tarihi\/","title":{"rendered":"\u0130lk\u00e7a\u011f Felsefesi Tarihi"},"content":{"rendered":"<p>Yay\u0131n Tarihi:\t05.10.2020<br \/>\nISBN:\t9789755745633<br \/>\nDil:\tT\u00dcRK\u00c7E<br \/>\nSayfa Say\u0131s\u0131:\t320<br \/>\nCilt Tipi:\tKarton Kapak<br \/>\nKa\u011f\u0131t Cinsi:\tKitap Ka\u011f\u0131d\u0131<br \/>\nBoyut:\t13.5 x 21 cm<\/p>","protected":false},"excerpt":{"rendered":"<p>\u0130nsan, var olmas\u0131yla birlikte, d\u00fc\u015f\u00fcnce ve tefekk\u00fcr\u00fcn haz ve \u00e7ekicili\u011finden kendisini alamam\u0131\u015ft\u0131r. \u00c7\u00fcnk\u00fc insan\u0131 \u00f6zg\u00fcn,<br \/>\norijinal ve ayr\u0131cal\u0131kl\u0131 k\u0131lan en \u00f6nemli y\u00f6n\u00fc, bu niteliklerinde gizlidir. D\u00fc\u015f\u00fcnen bir varl\u0131k olarak insan, medeniyetlerin ve<br \/>\nk\u00fclt\u00fcrlerin in\u015fa s\u00fcrecinde bu \u00f6zelliklerini bilfiil g\u00f6stermi\u015f ve ispatlam\u0131\u015ft\u0131r. Bu anlamda d\u00fc\u015f\u00fcnce ve fikrin sahibi tek bir<br \/>\nmilletle, \u0131rkla veya dinle s\u0131n\u0131rland\u0131r\u0131lamaz. D\u00fc\u015f\u00fcnce im\u00e2li ve \u00fcretimi, insanl\u0131\u011f\u0131n ortak miras\u0131d\u0131r. Medeniyetler ve k\u00fclt\u00fcrler,<br \/>\nbu miras\u0131n birbirlerine devredilmesinde bir vas\u0131ta olmaktan ba\u015fka bir anlam ta\u015f\u0131mamaktad\u0131rlar.<\/p>","protected":false},"featured_media":15194,"template":"","meta":{"spay_email":""},"product_cat":[232],"product_tag":[],"item":[503],"acf":[],"_links":{"self":[{"href":"https:\/\/mgvpublications.com\/de\/wp-json\/wp\/v2\/product\/15193"}],"collection":[{"href":"https:\/\/mgvpublications.com\/de\/wp-json\/wp\/v2\/product"}],"about":[{"href":"https:\/\/mgvpublications.com\/de\/wp-json\/wp\/v2\/types\/product"}],"wp:featuredmedia":[{"embeddable":true,"href":"https:\/\/mgvpublications.com\/de\/wp-json\/wp\/v2\/media\/15194"}],"wp:attachment":[{"href":"https:\/\/mgvpublications.com\/de\/wp-json\/wp\/v2\/media?parent=15193"}],"wp:term":[{"taxonomy":"product_cat","embeddable":true,"href":"https:\/\/mgvpublications.com\/de\/wp-json\/wp\/v2\/product_cat?post=15193"},{"taxonomy":"product_tag","embeddable":true,"href":"https:\/\/mgvpublications.com\/de\/wp-json\/wp\/v2\/product_tag?post=15193"},{"taxonomy":"item","embeddable":true,"href":"https:\/\/mgvpublications.com\/de\/wp-json\/wp\/v2\/item?post=15193"}],"curies":[{"name":"wp","href":"https:\/\/api.w.org\/{rel}","templated":true}]}}