{"id":15189,"date":"2020-12-11T16:35:33","date_gmt":"2020-12-11T15:35:33","guid":{"rendered":"https:\/\/dev2.mgvpublications.com\/produkt\/kurt-sorunu-ya-tam-kardeslik-ya-hep-birlikte-kolelik\/"},"modified":"2022-03-08T22:48:31","modified_gmt":"2022-03-08T21:48:31","slug":"kurt-sorunu-ya-tam-kardeslik-ya-hep-birlikte-kolelik","status":"publish","type":"product","link":"https:\/\/mgvpublications.com\/de\/kurt-sorunu-ya-tam-kardeslik-ya-hep-birlikte-kolelik\/","title":{"rendered":"K\u00fcrt Sorunu Ya Tam Karde\u015flik Ya Hep Birlikte K\u00f6lelik"},"content":{"rendered":"<p>Yay\u0131n Tarihi:\t09.01.2020<br \/>\nISBN:\t9786257009096<br \/>\nDil:\tT\u00dcRK\u00c7E<br \/>\nSayfa Say\u0131s\u0131:\t632<br \/>\nCilt Tipi:\tKarton Kapak<br \/>\nKa\u011f\u0131t Cinsi:\tKitap Ka\u011f\u0131d\u0131<br \/>\nBoyut:\t13.5 x 19.5 cm<\/p>","protected":false},"excerpt":{"rendered":"<p>K\u00fcrt Sorunu\u2026 \u00dclkemizin kanayan yaras\u0131\u2026 Sadece son 30 y\u0131lda 40 binden fazla cana mal oldu, binlerce k\u00f6y bo\u015falt\u0131ld\u0131, milyonlarca insan yerinden oldu. Onlarca s\u00f6z s\u00f6ylendi, karars\u0131z baz\u0131 ad\u0131mlar at\u0131ld\u0131, ancak yeterli irade g\u00f6sterilemedi, \u00e7abalar yar\u0131m kald\u0131.<\/p>\n<p>Kal\u0131c\u0131 ve ger\u00e7ek\u00e7i \u00e7\u00f6z\u00fcm bamba\u015fka bir perspektif gerektiriyordu \u00e7\u00fcnk\u00fc. B\u00f6lgenin hemen her kar\u0131\u015f\u0131n\u0131 bilen ve hayat\u0131n\u0131 bu sorunun \u00e7\u00f6z\u00fcm\u00fcne adayan \u00fcnl\u00fc K\u00fcrt ayd\u0131n\u0131 Altan Tan y\u0131llar\u0131n birikimini kaleme ald\u0131.<\/p>\n<p>Altan Tan d\u00fc\u015f\u00fcnce ve siyaset d\u00fcnyas\u0131n\u0131n a\u015fina oldu\u011fu bir isim. 12 Eyl\u00fcl sonras\u0131nda insanl\u0131k d\u0131\u015f\u0131 muamelelerin adeta kararg\u00e2h\u0131 durumuna gelen Diyarbak\u0131r Askeri Cezaevi\u2019nde g\u00f6rd\u00fc\u011f\u00fc i\u015fkence sonras\u0131nda hayat\u0131n\u0131 kaybeden babas\u0131 Bedii Tan\u2019\u0131n ac\u0131s\u0131 belki de G\u00fcneydo\u011fu ve K\u00fcrt sorununa farkl\u0131 bir g\u00f6zle bakmas\u0131na yol a\u00e7t\u0131.<\/p>\n<p>T\u00fcrkiye\u2019deki muhafazak\u00e2r ve dindar hareketlerin K\u00fcrt Sorununa \u0131srarla uzaktan ve resmi g\u00f6r\u00fc\u015f \u00e7izgisinden bakmalar\u0131 Altan Tan\u2019a g\u00f6re sorunun kangren hale gelmesinin en \u00f6nemli sebeplerinden biri. 1991 se\u00e7imleri \u00f6ncesinde G\u00fcneydo\u011fu\u2019da ciddi bir destek dev\u015firmi\u015f, \u00fcmit verici bir zemin yakalam\u0131\u015f olan RP\u2019nin M\u00c7P ile ittifaka girmesi sebebiyle ciddi bir f\u0131rsat ka\u00e7\u0131r\u0131lm\u0131\u015f oldu. Oysa yazara g\u00f6re sorunun \u00e7\u00f6z\u00fcm\u00fc tam da buradan, \u0130slami anlay\u0131\u015ftan ne\u015fet edebilir; \u0130slam dini i\u00e7indeki \u00fcmmet anlay\u0131\u015f\u0131, t\u00fcm milletlerin dilsel ve k\u00fclt\u00fcrel haklar\u0131n\u0131 koruma alt\u0131na alan bar\u0131\u015f\u00e7\u0131l yorumuyla sadece bizim \u00fclkemizin de\u011fil, t\u00fcm b\u00f6lgenin etnik problemlerini \u00e7\u00f6zebilirdi; ve h\u00e2l\u00e2 da \u00e7\u00f6zebilir.<\/p>\n<p>Altan Tan ge\u00e7 kalm\u0131\u015f bir K\u00fcrt ulusalc\u0131l\u0131\u011f\u0131na da mesafeli duruyor. Bir y\u00fczy\u0131l \u00f6ncesinin g\u00f6zde kavramlar\u0131n\u0131n bug\u00fcnk\u00fc ko\u015fullara uygulanmas\u0131n\u0131 gereksiz ve K\u00fcrt halk\u0131n\u0131 geriye g\u00f6t\u00fcrecek bir \u00e7aba olarak g\u00f6r\u00fcyor. Bununla birlikte K\u00fcrt ulusalc\u0131l\u0131\u011f\u0131n\u0131n kapsaml\u0131 bir tarih\u00e7esini vermekten de geri durmuyor.<\/p>\n<p>600 sayfay\u0131 a\u015fk\u0131n bir kaynak kitap h\u00fcviyetindeki \u00e7al\u0131\u015fma T\u00fcrkler ve K\u00fcrtler aras\u0131ndaki ilk m\u00fcnasebetlerden Osmanl\u0131 d\u00f6nemindeki \u00f6zerk yap\u0131lanmaya, K\u00fcrt edebiyat ve folklorundan isyanlar\u0131na, II. Me\u015frutiyet\u2019in K\u00fcrtler nezdinde ki etkilerinden \u0130ttihat ve Terakki y\u00f6netimine, Cumhuriyet d\u00f6nemi olaylar\u0131na, K\u00fcrtlerin T\u00fcrkiye\u2019deki sa\u011f ve sol d\u00fc\u015f\u00fcnce i\u00e7inde siyaset yapma bi\u00e7imlerinden \u0130slami bir K\u00fcrt hareketinin mecra bulma imk\u00e2n\u0131na, \u201cfederasyon mu, ba\u011f\u0131ms\u0131zl\u0131k m\u0131, yoksa demokratik Cumhuriyet\u2019te entegrasyon mu?\u201d tart\u0131\u015fmalar\u0131na uzanan ku\u015fat\u0131c\u0131 bir inceleme sunuyor.<br \/>\ndevam\u0131n\u0131 oku<\/p>","protected":false},"featured_media":15190,"template":"","meta":{"spay_email":""},"product_cat":[168],"product_tag":[],"item":[1321],"acf":[],"_links":{"self":[{"href":"https:\/\/mgvpublications.com\/de\/wp-json\/wp\/v2\/product\/15189"}],"collection":[{"href":"https:\/\/mgvpublications.com\/de\/wp-json\/wp\/v2\/product"}],"about":[{"href":"https:\/\/mgvpublications.com\/de\/wp-json\/wp\/v2\/types\/product"}],"wp:featuredmedia":[{"embeddable":true,"href":"https:\/\/mgvpublications.com\/de\/wp-json\/wp\/v2\/media\/15190"}],"wp:attachment":[{"href":"https:\/\/mgvpublications.com\/de\/wp-json\/wp\/v2\/media?parent=15189"}],"wp:term":[{"taxonomy":"product_cat","embeddable":true,"href":"https:\/\/mgvpublications.com\/de\/wp-json\/wp\/v2\/product_cat?post=15189"},{"taxonomy":"product_tag","embeddable":true,"href":"https:\/\/mgvpublications.com\/de\/wp-json\/wp\/v2\/product_tag?post=15189"},{"taxonomy":"item","embeddable":true,"href":"https:\/\/mgvpublications.com\/de\/wp-json\/wp\/v2\/item?post=15189"}],"curies":[{"name":"wp","href":"https:\/\/api.w.org\/{rel}","templated":true}]}}