{"id":15177,"date":"2020-12-11T14:50:28","date_gmt":"2020-12-11T13:50:28","guid":{"rendered":"https:\/\/dev2.mgvpublications.com\/produkt\/unutulacak-seyler\/"},"modified":"2022-03-08T22:48:30","modified_gmt":"2022-03-08T21:48:30","slug":"unutulacak-seyler","status":"publish","type":"product","link":"https:\/\/mgvpublications.com\/de\/unutulacak-seyler\/","title":{"rendered":"Unutulacak \u015eeyler"},"content":{"rendered":"<p>Yay\u0131n Tarihi:\t14.11.2016<br \/>\nISBN:\t9786059218306<br \/>\nDil:\tT\u00dcRK\u00c7E<br \/>\nSayfa Say\u0131s\u0131:\t232<br \/>\nCilt Tipi:\tKarton Kapak<br \/>\nKa\u011f\u0131t Cinsi:\tKitap Ka\u011f\u0131d\u0131<br \/>\nBoyut:\t14.5 x 23 cm<\/p>","protected":false},"excerpt":{"rendered":"<p>Daha \u00f6nce sizi Fraktal D\u00fc\u015f\u00fcnceler\u2019imin dehlizlerine davet etmi\u015f, ard\u0131ndan Kimsenin Bilemeyece\u011fi \u015eeyler\u2019in var oldu\u011funa ikna etmeye gayret etmi\u015ftim. Sonra da De\u011fi\u015fen Be(y)nim ile beyinlerimizi anlatmaya \u00e7al\u0131\u015ft\u0131m size; her birimizin de\u011fi\u015fmeye nas\u0131l mecbur ve mahk\u00fbm oldu\u011funun alt\u0131n\u0131 \u00e7izmek i\u00e7in\u2026 \u015eimdi, y\u0131llard\u0131r kendime hat\u0131rlatmaya muvaffak olduk\u00e7a beni yanl\u0131\u015flardan d\u00f6nd\u00fcren, hayat\u0131m\u0131n \u00e7\u00f6z\u00fcn\u00fcrl\u00fc\u011f\u00fcn\u00fc artt\u0131ran ama ne hikmetse s\u0131kl\u0131kla unuttu\u011fum, unuttu\u011fumuz, unutulan \u015feylere dair notlar\u0131mla kar\u015f\u0131n\u0131zday\u0131m. Hat\u0131rlamaya en fazla ihtiya\u00e7 duydu\u011fumuz zamanlarda daha fazla unuturuz baz\u0131 \u015feyleri, baz\u0131 \u00f6nemli \u015feyleri\u2026<br \/>\nUnutulacak \u015eeyler, her \u015feyin g\u00f6rd\u00fc\u011f\u00fcm\u00fcz gibi olmad\u0131\u011f\u0131n\u0131 sezgisel olarak hisseden, g\u00f6r\u00fcnenin ve g\u00f6sterilenin arkas\u0131n\u0131 merak eden tecess\u00fcs sahipleriyle bir hasb\u0131haldir. Sadece ve sadece de, \u00f6ncelikle kendime, bir hat\u0131rlatmad\u0131r\u2026<\/p>","protected":false},"featured_media":16163,"template":"","meta":{"spay_email":""},"product_cat":[216],"product_tag":[],"item":[900],"acf":[],"_links":{"self":[{"href":"https:\/\/mgvpublications.com\/de\/wp-json\/wp\/v2\/product\/15177"}],"collection":[{"href":"https:\/\/mgvpublications.com\/de\/wp-json\/wp\/v2\/product"}],"about":[{"href":"https:\/\/mgvpublications.com\/de\/wp-json\/wp\/v2\/types\/product"}],"wp:featuredmedia":[{"embeddable":true,"href":"https:\/\/mgvpublications.com\/de\/wp-json\/wp\/v2\/media\/16163"}],"wp:attachment":[{"href":"https:\/\/mgvpublications.com\/de\/wp-json\/wp\/v2\/media?parent=15177"}],"wp:term":[{"taxonomy":"product_cat","embeddable":true,"href":"https:\/\/mgvpublications.com\/de\/wp-json\/wp\/v2\/product_cat?post=15177"},{"taxonomy":"product_tag","embeddable":true,"href":"https:\/\/mgvpublications.com\/de\/wp-json\/wp\/v2\/product_tag?post=15177"},{"taxonomy":"item","embeddable":true,"href":"https:\/\/mgvpublications.com\/de\/wp-json\/wp\/v2\/item?post=15177"}],"curies":[{"name":"wp","href":"https:\/\/api.w.org\/{rel}","templated":true}]}}