{"id":15175,"date":"2020-12-11T14:46:32","date_gmt":"2020-12-11T13:46:32","guid":{"rendered":"https:\/\/dev2.mgvpublications.com\/produkt\/gelecekten-beyin-oykuleri\/"},"modified":"2022-03-08T22:48:30","modified_gmt":"2022-03-08T21:48:30","slug":"gelecekten-beyin-oykuleri","status":"publish","type":"product","link":"https:\/\/mgvpublications.com\/de\/gelecekten-beyin-oykuleri\/","title":{"rendered":"Gelecekten Beyin \u00d6yk\u00fcleri"},"content":{"rendered":"<p>Editor:\tSinan Canan<br \/>\nYay\u0131n Tarihi:\t27.08.2018<br \/>\nISBN:\t9786059218399<br \/>\nDil:\tT\u00dcRK\u00c7E<br \/>\nSayfa Say\u0131s\u0131:\t248<br \/>\nCilt Tipi:\tKarton Kapak<br \/>\nKa\u011f\u0131t Cinsi:\tKitap Ka\u011f\u0131d\u0131<br \/>\nBoyut:\t13.5 x 21 cm<\/p>","protected":false},"excerpt":{"rendered":"<p>Hayal kurun!<br \/>\n\u00c7\u00fcnk\u00fc gelece\u011fi hayal etmeyen, onu in\u015fa edemez!<\/p>\n<p>Sizi hayallerin \u00f6zg\u00fcr oldu\u011fu, s\u0131n\u0131rlar\u0131n ve kal\u0131plar\u0131n olmad\u0131\u011f\u0131, gelece\u011fe uzanan bir d\u00fcnyaya davet ediyoruz.<br \/>\n\u00c7ok uzakta de\u011fil, tam da bu sayfalarda\u2026<\/p>\n<p>2013\u2019ten beri, bizi insan yapan en \u00f6nemli par\u00e7am\u0131z olan beynimizi, yediden yetmi\u015fe t\u00fcm merakl\u0131lara en anla\u015f\u0131l\u0131r ve e\u011flenceli \u015fekilde anlatan ve anlatmaya da devam eden [n]Beyin, ortak gelece\u011fimize dair hayal kuran t\u00fcm zihinleri \u201cZihin ve Beyin\u201d ana temas\u0131yla 1. [n]Beyin Bilimkurgu \u00d6yk\u00fc Yar\u0131\u015fmas\u0131\u2019na davet etti. T\u00fcrkiye\u2019nin ve d\u00fcnyan\u0131n \u00e7e\u015fitli yerlerinden gelen tam 147 \u00f6yk\u00fc aras\u0131ndan hayli zor bir s\u00fcre\u00e7le se\u00e7ebildi\u011fimiz en iyi 21 \u00f6yk\u00fc, bu kitapta sizleri bekliyor.<\/p>\n<p>Hayalleri k\u00fc\u00e7\u00fcmsemeyin.<br \/>\nBiz hayal kurduk\u00e7a yar\u0131n \u00e7ok daha g\u00fczel olacak&#8230;<\/p>","protected":false},"featured_media":16162,"template":"","meta":{"spay_email":""},"product_cat":[216],"product_tag":[],"item":[900],"acf":[],"_links":{"self":[{"href":"https:\/\/mgvpublications.com\/de\/wp-json\/wp\/v2\/product\/15175"}],"collection":[{"href":"https:\/\/mgvpublications.com\/de\/wp-json\/wp\/v2\/product"}],"about":[{"href":"https:\/\/mgvpublications.com\/de\/wp-json\/wp\/v2\/types\/product"}],"wp:featuredmedia":[{"embeddable":true,"href":"https:\/\/mgvpublications.com\/de\/wp-json\/wp\/v2\/media\/16162"}],"wp:attachment":[{"href":"https:\/\/mgvpublications.com\/de\/wp-json\/wp\/v2\/media?parent=15175"}],"wp:term":[{"taxonomy":"product_cat","embeddable":true,"href":"https:\/\/mgvpublications.com\/de\/wp-json\/wp\/v2\/product_cat?post=15175"},{"taxonomy":"product_tag","embeddable":true,"href":"https:\/\/mgvpublications.com\/de\/wp-json\/wp\/v2\/product_tag?post=15175"},{"taxonomy":"item","embeddable":true,"href":"https:\/\/mgvpublications.com\/de\/wp-json\/wp\/v2\/item?post=15175"}],"curies":[{"name":"wp","href":"https:\/\/api.w.org\/{rel}","templated":true}]}}