{"id":15171,"date":"2020-12-11T14:39:41","date_gmt":"2020-12-11T13:39:41","guid":{"rendered":"https:\/\/dev2.mgvpublications.com\/produkt\/kendimi-kesfediyorum-cocuklar-icin-norobilim-temelli-duygu-farkindalik-ve-dikkat-egzersizleri\/"},"modified":"2022-03-08T22:48:28","modified_gmt":"2022-03-08T21:48:28","slug":"kendimi-kesfediyorum-cocuklar-icin-norobilim-temelli-duygu-farkindalik-ve-dikkat-egzersizleri","status":"publish","type":"product","link":"https:\/\/mgvpublications.com\/de\/kendimi-kesfediyorum-cocuklar-icin-norobilim-temelli-duygu-farkindalik-ve-dikkat-egzersizleri\/","title":{"rendered":"Kendimi Ke\u015ffediyorum \u00c7ocuklar \u0130\u00e7in N\u00f6robilim Temelli Duygu, Fark\u0131ndal\u0131k ve Dikkat Egzersizleri"},"content":{"rendered":"<p>Yay\u0131n Tarihi:\t22.04.2019<br \/>\nISBN:\t9786059218566<br \/>\nDil:\tT\u00dcRK\u00c7E<br \/>\nSayfa Say\u0131s\u0131:\t184<br \/>\nCilt Tipi:\tKarton Kapak<br \/>\nKa\u011f\u0131t Cinsi:\tKitap Ka\u011f\u0131d\u0131<br \/>\nBoyut:\t12.5 x 19.5 cm<\/p>","protected":false},"excerpt":{"rendered":"<p>\u0130nsan\u0131 anlama \u00e7abas\u0131nda, i\u00e7inde bulundu\u011fumuz y\u00fczy\u0131l\u0131n iki b\u00fcy\u00fck katk\u0131s\u0131 oldu\u011funu d\u00fc\u015f\u00fcn\u00fcyorum: Biri n\u00f6robilimden, di\u011feri disiplinleraras\u0131 \u00e7al\u0131\u015fmalardan \u00f6\u011frendiklerimiz! Elinizdeki \u00e7al\u0131\u015fma da bu alandaki geli\u015fimin son \u00fcr\u00fcnlerinden biri olma niteli\u011finde. <\/p>\n<p>Kendini ke\u015ffetme, duygu-dikkat y\u00f6netimini sa\u011flama ve fark\u0131ndal\u0131\u011f\u0131 art\u0131rma stratejilerinin egzersizler yoluyla \u00e7ocuklar\u0131n diline uygun \u015fekilde aktar\u0131ld\u0131\u011f\u0131 bu kitap \u00e7ocuk geli\u015fiminde \u00e7ok \u00f6zel bir kaynak olarak ortaya \u00e7\u0131k\u0131yor. Ayn\u0131 zamanda bu \u00e7al\u0131\u015fma, anne babalara ve \u00e7ocukla \u00e7al\u0131\u015fan profesyonellere de \u0131\u015f\u0131k tutacak nitelikte. Ama her \u015feyden \u00f6nemlisi oyunun ve e\u011flenmenin g\u00fcc\u00fcyle \u00e7ocuklara ula\u015fmak, onlar\u0131 kendi duygusal g\u00fc\u00e7lenme yollar\u0131n\u0131 ke\u015ffetme konusunda desteklemek i\u00e7in \u00f6nemli, yeni ve farkl\u0131 bir ara\u00e7\u2026<br \/>\ndevam\u0131n\u0131 oku<\/p>","protected":false},"featured_media":16160,"template":"","meta":{"spay_email":""},"product_cat":[216],"product_tag":[],"item":[1521],"acf":[],"_links":{"self":[{"href":"https:\/\/mgvpublications.com\/de\/wp-json\/wp\/v2\/product\/15171"}],"collection":[{"href":"https:\/\/mgvpublications.com\/de\/wp-json\/wp\/v2\/product"}],"about":[{"href":"https:\/\/mgvpublications.com\/de\/wp-json\/wp\/v2\/types\/product"}],"wp:featuredmedia":[{"embeddable":true,"href":"https:\/\/mgvpublications.com\/de\/wp-json\/wp\/v2\/media\/16160"}],"wp:attachment":[{"href":"https:\/\/mgvpublications.com\/de\/wp-json\/wp\/v2\/media?parent=15171"}],"wp:term":[{"taxonomy":"product_cat","embeddable":true,"href":"https:\/\/mgvpublications.com\/de\/wp-json\/wp\/v2\/product_cat?post=15171"},{"taxonomy":"product_tag","embeddable":true,"href":"https:\/\/mgvpublications.com\/de\/wp-json\/wp\/v2\/product_tag?post=15171"},{"taxonomy":"item","embeddable":true,"href":"https:\/\/mgvpublications.com\/de\/wp-json\/wp\/v2\/item?post=15171"}],"curies":[{"name":"wp","href":"https:\/\/api.w.org\/{rel}","templated":true}]}}