{"id":15167,"date":"2020-12-07T13:51:50","date_gmt":"2020-12-07T12:51:50","guid":{"rendered":"https:\/\/dev2.mgvpublications.com\/produkt\/madalyonun-ici\/"},"modified":"2022-03-08T22:48:28","modified_gmt":"2022-03-08T21:48:28","slug":"madalyonun-ici","status":"publish","type":"product","link":"https:\/\/mgvpublications.com\/de\/madalyonun-ici\/","title":{"rendered":"Madalyonun \u0130\u00e7i"},"content":{"rendered":"<p>Yay\u0131n Tarihi:\t26.09.2020<br \/>\nISBN:\t9789751409935<br \/>\nDil:\tT\u00dcRK\u00c7E<br \/>\nSayfa Say\u0131s\u0131:\t383<br \/>\nCilt Tipi:\tKarton Kapak<br \/>\nKa\u011f\u0131t Cinsi:\tKitap Ka\u011f\u0131d\u0131<br \/>\nBoyut:\t13.5 x 19.5 cm<\/p>","protected":false},"excerpt":{"rendered":"<p>Bir Psikiyatr\u0131n Not Defterinden :<\/p>\n<p>Y\u0131llard\u0131r &#8220;panik atak&#8221; ya\u015fayan bir i\u015fadam\u0131..<br \/>\nKendini peygamber ilan eden bir doktor&#8230;<br \/>\n\u00c7ok temiz olmak u\u011fruna evlerini &#8220;\u00e7\u00f6p apartman&#8221; haline getiren \u00fc\u00e7 k\u0131z karde\u015f&#8230;<br \/>\nKendini bildi\u011fi g\u00fcnden beri, babas\u0131 ba\u015fta olmak \u00fczere, \u00e7evresindeki b\u00fct\u00fcn erkeklerden dayak yiyen gen\u00e7 bir kad\u0131n&#8230;<br \/>\nA\u011f\u0131r ceza reisi bir baban\u0131n &#8220;fahi\u015felik&#8221; mesle\u011fini se\u00e7en k\u0131z\u0131&#8230;<br \/>\nRadyo ve televizyonlardaki b\u00fct\u00fcn \u015fark\u0131lar\u0131n kendisi i\u00e7in \u00e7al\u0131nd\u0131\u011f\u0131n\u0131 zanneden gen\u00e7 bir devlet memuresi&#8230;<br \/>\nD\u00fcnyaya k\u0131z olarak gelen ancak kendini erkek hisseden bir transseks\u00fcel&#8230;<br \/>\nDoktorunu intihar etmekle tehdit eden bir \u00f6\u011frenci&#8230;<br \/>\n\u00d6l\u00fcmc\u00fcl bir hastal\u0131\u011fa yakalanm\u0131\u015f gen\u00e7 bir bankac\u0131&#8230;<\/p>\n<p>Bu kitapta, T\u00fcrkiye&#8217; de de\u011fi\u015fik nedenerle psikiyatra ba\u015fvuran her kesimden insan\u0131m\u0131z\u0131n hikayelerini bulacak, ba\u015fta a\u015fk ve \u00f6l\u00fcm olmak \u00fczere &#8220;insanl\u0131k halleri&#8221; ile kar\u015f\u0131la\u015facaks\u0131n\u0131z.<\/p>\n<p>\u0130nsanlar size i\u00e7ini a\u00e7acak, en gizli s\u0131rlar\u0131n\u0131 sizinle payla\u015facak. Ve b\u00fct\u00fcn bu sorunlar, hastalar ve hastal\u0131klar kar\u015f\u0131s\u0131nda T\u00fcrkiye \u015fartlar\u0131nda bir ruh doktorunun duygular\u0131, d\u00fc\u015f\u00fcnceleri, yapabildikleri ve yapamad\u0131klar\u0131n\u0131 g\u00f6receksiniz.<\/p>\n<p>Bu kitab\u0131n bir yerlerinde mutlaka kendinizi bulacak, kendinizle y\u00fczle\u015feceksiniz. Okuduk\u00e7a, ya\u015fam\u0131n, sa\u011fl\u0131\u011f\u0131n, sevginin ve huzurun de\u011ferini daha iyi anlayacak; her damlas\u0131 ayr\u0131 bir duygunun rengini ta\u015f\u0131yan bir \u00e7a\u011flayan\u0131n alt\u0131ndan ge\u00e7ecek ve tertemiz olacaks\u0131n\u0131z.<br \/>\ndevam\u0131n\u0131 oku<\/p>","protected":false},"featured_media":16156,"template":"","meta":{"spay_email":""},"product_cat":[175],"product_tag":[],"item":[437],"acf":[],"_links":{"self":[{"href":"https:\/\/mgvpublications.com\/de\/wp-json\/wp\/v2\/product\/15167"}],"collection":[{"href":"https:\/\/mgvpublications.com\/de\/wp-json\/wp\/v2\/product"}],"about":[{"href":"https:\/\/mgvpublications.com\/de\/wp-json\/wp\/v2\/types\/product"}],"wp:featuredmedia":[{"embeddable":true,"href":"https:\/\/mgvpublications.com\/de\/wp-json\/wp\/v2\/media\/16156"}],"wp:attachment":[{"href":"https:\/\/mgvpublications.com\/de\/wp-json\/wp\/v2\/media?parent=15167"}],"wp:term":[{"taxonomy":"product_cat","embeddable":true,"href":"https:\/\/mgvpublications.com\/de\/wp-json\/wp\/v2\/product_cat?post=15167"},{"taxonomy":"product_tag","embeddable":true,"href":"https:\/\/mgvpublications.com\/de\/wp-json\/wp\/v2\/product_tag?post=15167"},{"taxonomy":"item","embeddable":true,"href":"https:\/\/mgvpublications.com\/de\/wp-json\/wp\/v2\/item?post=15167"}],"curies":[{"name":"wp","href":"https:\/\/api.w.org\/{rel}","templated":true}]}}