{"id":15165,"date":"2020-12-07T13:49:43","date_gmt":"2020-12-07T12:49:43","guid":{"rendered":"https:\/\/dev2.mgvpublications.com\/produkt\/camdaki-kiz-2\/"},"modified":"2022-03-08T22:48:28","modified_gmt":"2022-03-08T21:48:28","slug":"camdaki-kiz-2","status":"publish","type":"product","link":"https:\/\/mgvpublications.com\/de\/camdaki-kiz-2\/","title":{"rendered":"Camdaki K\u0131z"},"content":{"rendered":"<p>Yay\u0131n Tarihi:\t21.03.2019<br \/>\nISBN:\t9786050959628<br \/>\nDil:\tT\u00dcRK\u00c7E<br \/>\nSayfa Say\u0131s\u0131:\t352<br \/>\nCilt Tipi:\tKarton Kapak<br \/>\nKa\u011f\u0131t Cinsi:\tKitap Ka\u011f\u0131d\u0131<br \/>\nBoyut:\t13.6 x 21 cm<\/p>","protected":false},"excerpt":{"rendered":"<p>\u201cK\u00fc\u00e7\u00fckken \u00e7ekilen ac\u0131lar\u0131n ate\u015fi kolay s\u00f6nm\u00fcyor, kolay unutulmuyor ve izlerini hayat\u0131m\u0131z boyunca \u00fcst\u00fcm\u00fczde ta\u015f\u0131yoruz.\u201d<\/p>\n<p>A\u015fk yak\u0131yor<br \/>\nAyr\u0131l\u0131k kavuruyor<br \/>\nAldat\u0131lmaksa hep \u00e7ok ac\u0131t\u0131yor\u2026<\/p>\n<p>Bize \u00e7ocukluk ac\u0131lar\u0131n\u0131 tekrar ya\u015fatacak ki\u015fileri g\u00f6z\u00fcnden tan\u0131r, ba\u015fkas\u0131na de\u011fil, ona \u00e2\u015f\u0131k oluruz. Hayat onu kendi ellerimizle buldurur bize.<\/p>\n<p>Kaderimiz asl\u0131nda do\u011fdu\u011fumuz evlerde yaz\u0131l\u0131r. Yine o evlerde yaralan\u0131r, o yaralarla b\u00fcy\u00fcr, sonunda o yaralar\u0131n bizi g\u00f6t\u00fcrd\u00fc\u011f\u00fc yere gideriz. Ancak mutluluk her zaman o yolda de\u011fildir\u2026<\/p>\n<p>\u201cBu kitapta her zamanki gibi ger\u00e7ek bir ya\u015fam hik\u00e2yesi anlataca\u011f\u0131m sizlere. Hep l\u00fcks i\u00e7inde ya\u015fam\u0131\u015f ama kaderi daha ba\u015ftan k\u00f6t\u00fc yaz\u0131lm\u0131\u015f Camdaki K\u0131z ile bir varo\u015f \u00e7ocu\u011funun a\u015fk hik\u00e2yesi bu.\u201d<br \/>\nDr. G\u00fclseren Buday\u0131c\u0131o\u011flu<br \/>\ndevam\u0131n\u0131 oku<\/p>","protected":false},"featured_media":16155,"template":"","meta":{"spay_email":""},"product_cat":[168],"product_tag":[],"item":[563],"acf":[],"_links":{"self":[{"href":"https:\/\/mgvpublications.com\/de\/wp-json\/wp\/v2\/product\/15165"}],"collection":[{"href":"https:\/\/mgvpublications.com\/de\/wp-json\/wp\/v2\/product"}],"about":[{"href":"https:\/\/mgvpublications.com\/de\/wp-json\/wp\/v2\/types\/product"}],"wp:featuredmedia":[{"embeddable":true,"href":"https:\/\/mgvpublications.com\/de\/wp-json\/wp\/v2\/media\/16155"}],"wp:attachment":[{"href":"https:\/\/mgvpublications.com\/de\/wp-json\/wp\/v2\/media?parent=15165"}],"wp:term":[{"taxonomy":"product_cat","embeddable":true,"href":"https:\/\/mgvpublications.com\/de\/wp-json\/wp\/v2\/product_cat?post=15165"},{"taxonomy":"product_tag","embeddable":true,"href":"https:\/\/mgvpublications.com\/de\/wp-json\/wp\/v2\/product_tag?post=15165"},{"taxonomy":"item","embeddable":true,"href":"https:\/\/mgvpublications.com\/de\/wp-json\/wp\/v2\/item?post=15165"}],"curies":[{"name":"wp","href":"https:\/\/api.w.org\/{rel}","templated":true}]}}