{"id":15163,"date":"2020-12-07T13:46:19","date_gmt":"2020-12-07T12:46:19","guid":{"rendered":"https:\/\/dev2.mgvpublications.com\/produkt\/ilim-ugrunda-yasanmis-hayat-hikayeleri\/"},"modified":"2026-02-09T23:00:45","modified_gmt":"2026-02-09T22:00:45","slug":"ilim-ugrunda-yasanmis-hayat-hikayeleri","status":"publish","type":"product","link":"https:\/\/mgvpublications.com\/de\/ilim-ugrunda-yasanmis-hayat-hikayeleri\/","title":{"rendered":"\u0130lim U\u011frunda Ya\u015fanm\u0131\u015f Hayat Hikayeleri"},"content":{"rendered":"<p>\u00c7evirmen:\tProf. Dr. Faruk Be\u015fer<br \/>\nYay\u0131n Tarihi:\t08.06.2018<br \/>\nISBN:\t9789944491754<br \/>\nDil:\tT\u00dcRK\u00c7E<br \/>\nSayfa Say\u0131s\u0131:\t176<br \/>\nCilt Tipi:\tKarton Kapak<br \/>\nKa\u011f\u0131t Cinsi:\tKitap Ka\u011f\u0131d\u0131<br \/>\nBoyut:\t13.5 x 21 cm<\/p>","protected":false},"excerpt":{"rendered":"<p>Bu kitap, Ahmet bin Hanbel\u2019in dedi\u011fi gibi, ilmin beden rahat\u0131yla elde edilemeyece\u011finin kan\u0131tlar\u0131yla doludur.<br \/>\nEserleriyle y\u00fczy\u0131llar sonras\u0131na \u0131\u015f\u0131k tutan alimler ilim u\u011frunda ne yorucu yolculuklar yapt\u0131lar,<br \/>\nNas\u0131l a\u00e7l\u0131k ve susuzluklar \u00e7ektiler,<br \/>\n\u00d6zel e\u015fyalar\u0131n\u0131, kitaplar\u0131n\u0131 satt\u0131lar,<br \/>\nEziyetlere ve i\u015fkencelere maruz kald\u0131lar,<br \/>\n\u00c7oluk \u00e7ocuklar\u0131ndan oldular.<br \/>\nKar\u015f\u0131l\u0131\u011f\u0131nda da ne bir telif, ne de akademik bir unvan ald\u0131lar.<br \/>\nAma olar\u0131n isimleri ve eserleri hala ya\u015f\u0131yor.<br \/>\nBizim yazd\u0131klar\u0131m\u0131z ise on senede unutulmaya mahk\u00fbm oluyor.<br \/>\nBu kitapta anlat\u0131lan olaylar bu fark\u0131n s\u0131rr\u0131n\u0131 ortaya koyacakt\u0131r.<br \/>\ndevam\u0131n\u0131 oku<\/p>","protected":false},"featured_media":16154,"template":"","meta":{"spay_email":""},"product_cat":[174],"product_tag":[],"item":[1507],"acf":[],"_links":{"self":[{"href":"https:\/\/mgvpublications.com\/de\/wp-json\/wp\/v2\/product\/15163"}],"collection":[{"href":"https:\/\/mgvpublications.com\/de\/wp-json\/wp\/v2\/product"}],"about":[{"href":"https:\/\/mgvpublications.com\/de\/wp-json\/wp\/v2\/types\/product"}],"wp:featuredmedia":[{"embeddable":true,"href":"https:\/\/mgvpublications.com\/de\/wp-json\/wp\/v2\/media\/16154"}],"wp:attachment":[{"href":"https:\/\/mgvpublications.com\/de\/wp-json\/wp\/v2\/media?parent=15163"}],"wp:term":[{"taxonomy":"product_cat","embeddable":true,"href":"https:\/\/mgvpublications.com\/de\/wp-json\/wp\/v2\/product_cat?post=15163"},{"taxonomy":"product_tag","embeddable":true,"href":"https:\/\/mgvpublications.com\/de\/wp-json\/wp\/v2\/product_tag?post=15163"},{"taxonomy":"item","embeddable":true,"href":"https:\/\/mgvpublications.com\/de\/wp-json\/wp\/v2\/item?post=15163"}],"curies":[{"name":"wp","href":"https:\/\/api.w.org\/{rel}","templated":true}]}}