{"id":15161,"date":"2020-12-07T13:44:08","date_gmt":"2020-12-07T12:44:08","guid":{"rendered":"https:\/\/dev2.mgvpublications.com\/produkt\/duzceli-mehmet\/"},"modified":"2022-03-08T22:48:28","modified_gmt":"2022-03-08T21:48:28","slug":"duzceli-mehmet","status":"publish","type":"product","link":"https:\/\/mgvpublications.com\/de\/duzceli-mehmet\/","title":{"rendered":"D\u00fczceli Mehmet"},"content":{"rendered":"<p>Yay\u0131n Tarihi: 03.02.2021<br \/>ISBN: 9789757055990<br \/>Dil: T\u00dcRK\u00c7E<br \/>Sayfa Say\u0131s\u0131: 160<br \/>Cilt Tipi: Karton Kapak<br \/>Ka\u011f\u0131t Cinsi: Kitap Ka\u011f\u0131d\u0131<br \/>Boyut: 13.5 x 21 cm<\/p>","protected":false},"excerpt":{"rendered":"<p>Hi\u00e7bir kural tan\u0131mayan, s\u0131rad\u0131\u015f\u0131 bir gencin nefes kesen \u00f6yk\u00fcs\u00fc. Hayalden, kurgudan uzak, tamamen ya\u015fanm\u0131\u015f ger\u00e7ek bir hayat hikayesi. Manevi hi\u00e7bir inanc\u0131 ve kural\u0131 kabul etmeden ya\u015farken, \u00f6\u011fretmeninin sevgi ve \u015fefkat dolu ilgisiyle d\u00f6n\u00fc\u015f yapan D\u00fczceli Mehmet, bamba\u015fka bir insan olur. Ge\u00e7irdi\u011fi bir trafik kazas\u0131ndan sonra hayat\u0131 b\u00fcsb\u00fct\u00fcn de\u011fi\u015fen D\u00fczceli Mehmet&#8217;in ibret dolu hikayesi, birbirinden ilgin\u00e7 olaylarla devam eder. D\u00fczceli Mehmet, defalarca okuyaca\u011f\u0131n\u0131z enfes bir kitap.<\/p>","protected":false},"featured_media":19674,"template":"","meta":{"spay_email":""},"product_cat":[168],"product_tag":[],"item":[732],"acf":[],"_links":{"self":[{"href":"https:\/\/mgvpublications.com\/de\/wp-json\/wp\/v2\/product\/15161"}],"collection":[{"href":"https:\/\/mgvpublications.com\/de\/wp-json\/wp\/v2\/product"}],"about":[{"href":"https:\/\/mgvpublications.com\/de\/wp-json\/wp\/v2\/types\/product"}],"wp:featuredmedia":[{"embeddable":true,"href":"https:\/\/mgvpublications.com\/de\/wp-json\/wp\/v2\/media\/19674"}],"wp:attachment":[{"href":"https:\/\/mgvpublications.com\/de\/wp-json\/wp\/v2\/media?parent=15161"}],"wp:term":[{"taxonomy":"product_cat","embeddable":true,"href":"https:\/\/mgvpublications.com\/de\/wp-json\/wp\/v2\/product_cat?post=15161"},{"taxonomy":"product_tag","embeddable":true,"href":"https:\/\/mgvpublications.com\/de\/wp-json\/wp\/v2\/product_tag?post=15161"},{"taxonomy":"item","embeddable":true,"href":"https:\/\/mgvpublications.com\/de\/wp-json\/wp\/v2\/item?post=15161"}],"curies":[{"name":"wp","href":"https:\/\/api.w.org\/{rel}","templated":true}]}}