{"id":15157,"date":"2020-12-07T13:37:20","date_gmt":"2020-12-07T12:37:20","guid":{"rendered":"https:\/\/dev2.mgvpublications.com\/produkt\/rehin\/"},"modified":"2022-03-08T22:48:27","modified_gmt":"2022-03-08T21:48:27","slug":"rehin","status":"publish","type":"product","link":"https:\/\/mgvpublications.com\/de\/rehin\/","title":{"rendered":"Rehin"},"content":{"rendered":"<p>Yay\u0131n Tarihi: 07.10.2020<br \/>ISBN: 9786052987117<br \/>Dil: T\u00dcRK\u00c7E<br \/>Sayfa Say\u0131s\u0131: 200<br \/>Cilt Tipi: Karton Kapak<br \/>Ka\u011f\u0131t Cinsi: Kitap Ka\u011f\u0131d\u0131<br \/>Boyut: 13.5 x 19.5 cm<\/p>","protected":false},"excerpt":{"rendered":"<p>Trump\u2019\u0131n tehdit dolu mektubu, neden \u00f6nce gizlendi, ard\u0131ndan da ge\u00e7i\u015ftirildi? ABD\u2019nin yapt\u0131r\u0131mlar\u0131 ne anlama geliyor? Malvarl\u0131\u011f\u0131 tehditleri, T\u00fcrkiye\u2019nin gelece\u011fini nas\u0131l ipotek alt\u0131na al\u0131yor? Reza Zarraf ve Halkbank dosyas\u0131 T\u00fcrkiye\u2019yi nas\u0131l rehin ald\u0131? Suriye\u2019nin kuzeyindeki PKK devlet\u00e7i\u011fine asker\u00ee harek\u00e2t neden durduruldu? S-400\u2019ler neden kurulamad\u0131? ABD-PKK petrol\u00fc, hangi g\u00fczerg\u00e2h \u00fczerinden ta\u015f\u0131nacak ve sat\u0131lacak? AKP d\u00f6neminde kimler, hangi yollarla nas\u0131l zengin edildi?<\/p>","protected":false},"featured_media":21809,"template":"","meta":{"spay_email":""},"product_cat":[173],"product_tag":[],"item":[697],"acf":[],"_links":{"self":[{"href":"https:\/\/mgvpublications.com\/de\/wp-json\/wp\/v2\/product\/15157"}],"collection":[{"href":"https:\/\/mgvpublications.com\/de\/wp-json\/wp\/v2\/product"}],"about":[{"href":"https:\/\/mgvpublications.com\/de\/wp-json\/wp\/v2\/types\/product"}],"wp:featuredmedia":[{"embeddable":true,"href":"https:\/\/mgvpublications.com\/de\/wp-json\/wp\/v2\/media\/21809"}],"wp:attachment":[{"href":"https:\/\/mgvpublications.com\/de\/wp-json\/wp\/v2\/media?parent=15157"}],"wp:term":[{"taxonomy":"product_cat","embeddable":true,"href":"https:\/\/mgvpublications.com\/de\/wp-json\/wp\/v2\/product_cat?post=15157"},{"taxonomy":"product_tag","embeddable":true,"href":"https:\/\/mgvpublications.com\/de\/wp-json\/wp\/v2\/product_tag?post=15157"},{"taxonomy":"item","embeddable":true,"href":"https:\/\/mgvpublications.com\/de\/wp-json\/wp\/v2\/item?post=15157"}],"curies":[{"name":"wp","href":"https:\/\/api.w.org\/{rel}","templated":true}]}}