{"id":15151,"date":"2020-12-07T13:23:31","date_gmt":"2020-12-07T12:23:31","guid":{"rendered":"https:\/\/dev2.mgvpublications.com\/produkt\/bir-psikiyatristin-gizli-defteri-en-siradisi-vakalar\/"},"modified":"2022-03-08T22:48:26","modified_gmt":"2022-03-08T21:48:26","slug":"bir-psikiyatristin-gizli-defteri-en-siradisi-vakalar","status":"publish","type":"product","link":"https:\/\/mgvpublications.com\/de\/bir-psikiyatristin-gizli-defteri-en-siradisi-vakalar\/","title":{"rendered":"Bir Psikiyatristin Gizli Defteri En S\u0131rad\u0131\u015f\u0131 Vakalar"},"content":{"rendered":"<p>\u00c7evirmen: Duygu Ak\u0131n<br \/>Yay\u0131n Tarihi: 24.01.2018<br \/>ISBN: 9786050941463<br \/>Dil: T\u00dcRK\u00c7E<br \/>Sayfa Say\u0131s\u0131: 336<br \/>Cilt Tipi: Karton Kapak<br \/>Ka\u011f\u0131t Cinsi: Kitap Ka\u011f\u0131d\u0131<br \/>Boyut: 13.6 x 21 cm<\/p>","protected":false},"excerpt":{"rendered":"<p>Haftalarca \u00e7ok satanlar listesinde yer alan Bir Psikiyatristin Gizli Defteri, okurlar\u0131yla yeniden bulu\u015fuyor ! Hep onlar m\u0131 bizi dinleyecek? Bu sefer ge\u00e7mi\u015fini anlatan bir psikiyatristin ta kendisi. Koltu\u011fa oturun ve kulak kabart\u0131n. Dr. Gary Small\u2019un, Boston\u2019un kalabal\u0131k acil servis koridorlar\u0131ndan Los Angeles\u2019\u0131n golf sahalar\u0131na uzanan hik\u00e2yesinde kar\u015f\u0131la\u015ft\u0131\u011f\u0131 vakalar kimi zaman tuhaf, kimi zaman da gizemli, ama hepsi ger\u00e7ek. Ak\u0131l hastal\u0131klar\u0131n\u0131n ilgin\u00e7 d\u00fcnyas\u0131na kap\u0131 aralayan Bir Psikiyatristin Gizli Defteri sizi \u00e7ok \u015fa\u015f\u0131rtacak\u2026<\/p>","protected":false},"featured_media":20163,"template":"","meta":{"spay_email":""},"product_cat":[175],"product_tag":[],"item":[563],"acf":[],"_links":{"self":[{"href":"https:\/\/mgvpublications.com\/de\/wp-json\/wp\/v2\/product\/15151"}],"collection":[{"href":"https:\/\/mgvpublications.com\/de\/wp-json\/wp\/v2\/product"}],"about":[{"href":"https:\/\/mgvpublications.com\/de\/wp-json\/wp\/v2\/types\/product"}],"wp:featuredmedia":[{"embeddable":true,"href":"https:\/\/mgvpublications.com\/de\/wp-json\/wp\/v2\/media\/20163"}],"wp:attachment":[{"href":"https:\/\/mgvpublications.com\/de\/wp-json\/wp\/v2\/media?parent=15151"}],"wp:term":[{"taxonomy":"product_cat","embeddable":true,"href":"https:\/\/mgvpublications.com\/de\/wp-json\/wp\/v2\/product_cat?post=15151"},{"taxonomy":"product_tag","embeddable":true,"href":"https:\/\/mgvpublications.com\/de\/wp-json\/wp\/v2\/product_tag?post=15151"},{"taxonomy":"item","embeddable":true,"href":"https:\/\/mgvpublications.com\/de\/wp-json\/wp\/v2\/item?post=15151"}],"curies":[{"name":"wp","href":"https:\/\/api.w.org\/{rel}","templated":true}]}}