{"id":15145,"date":"2020-12-07T12:58:35","date_gmt":"2020-12-07T11:58:35","guid":{"rendered":"https:\/\/dev2.mgvpublications.com\/produkt\/sofienin-dunyasi-felsefe-tarihi-uzerine-bir-roman\/"},"modified":"2022-03-08T22:48:25","modified_gmt":"2022-03-08T21:48:25","slug":"sofienin-dunyasi-felsefe-tarihi-uzerine-bir-roman","status":"publish","type":"product","link":"https:\/\/mgvpublications.com\/de\/sofienin-dunyasi-felsefe-tarihi-uzerine-bir-roman\/","title":{"rendered":"Sofie&#8217;nin D\u00fcnyas\u0131 Felsefe Tarihi \u00dczerine Bir Roman"},"content":{"rendered":"<p>\u00c7evirmen: Sabir Y\u00fccesoy<br \/>Yay\u0131n Tarihi: 27.02.2017<br \/>Orijinal Ad\u0131: Sofies Verden<br \/>ISBN: 9789758434572<br \/>Dil: T\u00dcRK\u00c7E<br \/>Sayfa Say\u0131s\u0131: 591<br \/>Cilt Tipi: Karton Kapak<br \/>Ka\u011f\u0131t Cinsi: Kitap Ka\u011f\u0131d\u0131<br \/>Boyut: 13.5 x 19.5 cm<\/p>","protected":false},"excerpt":{"rendered":"<p>&#8220;Sofi&#8217;nin D\u00fcnyas\u0131&#8221; yay\u0131nland\u0131\u011f\u0131 1991 y\u0131l\u0131ndan bu yana aralar\u0131nda Korece, Rus\u00e7a, Japonca, Arap\u00e7a gibi diller de olmak \u00fczere k\u0131rka yak\u0131n dile \u00e7evrilmi\u015f ve yay\u0131nland\u0131\u011f\u0131 her \u00fclkede en \u00e7ok satan kitap olma ba\u015far\u0131s\u0131n\u0131 elde etmi\u015ftir&#8230; &#8220;Benzer insanlar\u0131n&#8221;, y\u00fczeysel bilgilerin ge\u00e7erli oldu\u011fu \u00e7a\u011f\u0131m\u0131zda, &#8220;3000 y\u0131ll\u0131k ge\u00e7mi\u015finin hesab\u0131n\u0131 yapamayan insan g\u00fcn\u00fcbirlik ya\u015fayan insand\u0131r&#8221; diyen Goethe&#8217;nin g\u00fcn\u00fcbirlik insanlar\u0131ndan olmama yolunda ciddi bir ad\u0131m. 15. ya\u015fg\u00fcn\u00fcn\u00fc kutlamaya haz\u0131rlanan Sofi, bir g\u00fcn posta kutusunda &#8220;Kimsin&#8221; yaz\u0131l\u0131 bir not bulur. Bu sorudan hareketle, b\u00fct\u00fcn bir felsefe tarihinde sorulmu\u015f sorular\u0131 ve cevaplar\u0131, s\u00fcr\u00fckleyici bir roman kurgusu i\u00e7inde anlatan Jostein Gaarder, Umberto Eco&#8217;nun &#8220;G\u00fcl\u00fcn Ad\u0131&#8221;nda Orta\u00e7a\u011f teolojisini romanla\u015ft\u0131rma g\u00fcc\u00fcn\u00fc bu kitab\u0131nda felsefede g\u00f6steriyor. Gaarder (1952) \u00f6zellikle gen\u00e7li\u011fe y\u00f6nelik kitaplar\u0131yla tan\u0131nan Norve\u00e7li bir felsefe \u00f6\u011fretmeni.<\/p>","protected":false},"featured_media":20838,"template":"","meta":{"spay_email":""},"product_cat":[168],"product_tag":[],"item":[1385],"acf":[],"_links":{"self":[{"href":"https:\/\/mgvpublications.com\/de\/wp-json\/wp\/v2\/product\/15145"}],"collection":[{"href":"https:\/\/mgvpublications.com\/de\/wp-json\/wp\/v2\/product"}],"about":[{"href":"https:\/\/mgvpublications.com\/de\/wp-json\/wp\/v2\/types\/product"}],"wp:featuredmedia":[{"embeddable":true,"href":"https:\/\/mgvpublications.com\/de\/wp-json\/wp\/v2\/media\/20838"}],"wp:attachment":[{"href":"https:\/\/mgvpublications.com\/de\/wp-json\/wp\/v2\/media?parent=15145"}],"wp:term":[{"taxonomy":"product_cat","embeddable":true,"href":"https:\/\/mgvpublications.com\/de\/wp-json\/wp\/v2\/product_cat?post=15145"},{"taxonomy":"product_tag","embeddable":true,"href":"https:\/\/mgvpublications.com\/de\/wp-json\/wp\/v2\/product_tag?post=15145"},{"taxonomy":"item","embeddable":true,"href":"https:\/\/mgvpublications.com\/de\/wp-json\/wp\/v2\/item?post=15145"}],"curies":[{"name":"wp","href":"https:\/\/api.w.org\/{rel}","templated":true}]}}