{"id":15143,"date":"2020-12-06T15:22:03","date_gmt":"2020-12-06T14:22:03","guid":{"rendered":"https:\/\/dev2.mgvpublications.com\/produkt\/said-halim-pasada-siyaset-ahlaki\/"},"modified":"2022-04-25T14:56:04","modified_gmt":"2022-04-25T12:56:04","slug":"said-halim-pasada-siyaset-ahlaki","status":"publish","type":"product","link":"https:\/\/mgvpublications.com\/de\/said-halim-pasada-siyaset-ahlaki\/","title":{"rendered":"Said Halim Pa\u015fa&#8217;da Siyaset Ahlak\u0131"},"content":{"rendered":"<p>Yay\u0131n Tarihi:\t12.10.2015<br \/>\nISBN:\t9786055961435<br \/>\nDil:\tT\u00dcRK\u00c7E<br \/>\nSayfa Say\u0131s\u0131:\t200<br \/>\nCilt Tipi:\tKarton Kapak<br \/>\nKa\u011f\u0131t Cinsi:\tKitap Ka\u011f\u0131d\u0131<br \/>\nBoyut:\t12 x 19.5 cm<\/p>","protected":false},"excerpt":{"rendered":"<p>Bug\u00fcn \u0130sl\u00e2m d\u00fcnyas\u0131n\u0131n sosyal ve siy\u00e2s\u00ee sahada ya\u015fad\u0131\u011f\u0131 sorunlar kar\u015f\u0131s\u0131nda, Said Halim Pa\u015fa\u2019n\u0131n g\u00f6r\u00fc\u015fleri re-fe-rans niteli\u011fini korumaktad\u0131r. Zira bir taraftan Bat\u0131\u2019da e\u011fi-tim g\u00f6rm\u00fc\u015f, J\u00f6n T\u00fcrkler ve \u0130ttihat Terakki Ce-miyeti ile ili\u015fki i\u00e7inde olmu\u015f; di\u011fer taraftan devlet kademelerinde \u00e7e\u015fitli g\u00f6revlerde bulunmu\u015f tecr\u00fcbeli bir siy\u00e2set adam\u0131 olarak Said Halim Pa\u015fa, tecr\u00fcbesini d\u00fc\u015f\u00fcncesine yans\u0131tmaya \u00e7al\u0131\u015fm\u0131\u015f olmas\u0131 a\u00e7\u0131s\u0131ndan da \u00f6nemli bir fig\u00fcrd\u00fcr. Onun ahl\u00e2k ve siy\u00e2set alan\u0131na dair d\u00fc\u015f\u00fcnceleri, uzun y\u0131llara varan tecr\u00fcbelerinin \u00fcr\u00fcn\u00fc olmas\u0131 bak\u0131m\u0131ndan somut-ger\u00e7ek\u00e7i bir temele dayal\u0131 ve bu nedenle de son derece \u00f6nemlidir.<\/p>","protected":false},"featured_media":16140,"template":"","meta":{"spay_email":""},"product_cat":[180],"product_tag":[],"item":[1355],"acf":[],"_links":{"self":[{"href":"https:\/\/mgvpublications.com\/de\/wp-json\/wp\/v2\/product\/15143"}],"collection":[{"href":"https:\/\/mgvpublications.com\/de\/wp-json\/wp\/v2\/product"}],"about":[{"href":"https:\/\/mgvpublications.com\/de\/wp-json\/wp\/v2\/types\/product"}],"wp:featuredmedia":[{"embeddable":true,"href":"https:\/\/mgvpublications.com\/de\/wp-json\/wp\/v2\/media\/16140"}],"wp:attachment":[{"href":"https:\/\/mgvpublications.com\/de\/wp-json\/wp\/v2\/media?parent=15143"}],"wp:term":[{"taxonomy":"product_cat","embeddable":true,"href":"https:\/\/mgvpublications.com\/de\/wp-json\/wp\/v2\/product_cat?post=15143"},{"taxonomy":"product_tag","embeddable":true,"href":"https:\/\/mgvpublications.com\/de\/wp-json\/wp\/v2\/product_tag?post=15143"},{"taxonomy":"item","embeddable":true,"href":"https:\/\/mgvpublications.com\/de\/wp-json\/wp\/v2\/item?post=15143"}],"curies":[{"name":"wp","href":"https:\/\/api.w.org\/{rel}","templated":true}]}}