{"id":15141,"date":"2020-12-06T15:19:07","date_gmt":"2020-12-06T14:19:07","guid":{"rendered":"https:\/\/dev2.mgvpublications.com\/produkt\/marifetname\/"},"modified":"2022-03-08T22:48:25","modified_gmt":"2022-03-08T21:48:25","slug":"marifetname","status":"publish","type":"product","link":"https:\/\/mgvpublications.com\/de\/marifetname\/","title":{"rendered":"Marifetname"},"content":{"rendered":"<p>Yay\u0131n Tarihi:\t03.12.2019<br \/>\nISBN:\t9786059079334<br \/>\nDil:\tT\u00dcRK\u00c7E<br \/>\nSayfa Say\u0131s\u0131:\t344<br \/>\nCilt Tipi:\tKarton Kapak<br \/>\nKa\u011f\u0131t Cinsi:\t3. Hm. Ka\u011f\u0131t<\/p>","protected":false},"excerpt":{"rendered":"<p>\u201c\u00d6n kapakta bulunan ve k\u00f6k\u00fcnde bulundu\u011fum m\u00e2n\u00e2y\u0131 i\u015faretleyen ithaf, sadece s\u00f6ylediklerimi de\u011fil, eserler boyu s\u00f6yleyeceklerimi de izaha yeter!..<br \/>\n\u0130BDA\u2019c\u0131lar\u0131n t\u00fcmdengelim ve t\u00fcmevar\u0131m yoluyla meseleler i\u00e7inde ba\u015fvuracaklar\u0131 bu eseri, \u201dortak haf\u0131za\u201d olarak takdim ediyorum&#8230; Yani, sadece yazmak ve anlatmak de\u011fil, yazd\u0131rmak ve anlatt\u0131rmak sevdasiyle, d\u0131\u015fa a\u00e7\u0131l\u0131\u015f\u0131n ipu\u00e7lar\u0131n\u0131 vermek, g\u00f6r\u00fcp tan\u0131maya mis\u00e2l olmak&#8230;\u201d<br \/>\n1986              <\/p>","protected":false},"featured_media":16139,"template":"","meta":{"spay_email":""},"product_cat":[168],"product_tag":[],"item":[1743],"acf":[],"_links":{"self":[{"href":"https:\/\/mgvpublications.com\/de\/wp-json\/wp\/v2\/product\/15141"}],"collection":[{"href":"https:\/\/mgvpublications.com\/de\/wp-json\/wp\/v2\/product"}],"about":[{"href":"https:\/\/mgvpublications.com\/de\/wp-json\/wp\/v2\/types\/product"}],"wp:featuredmedia":[{"embeddable":true,"href":"https:\/\/mgvpublications.com\/de\/wp-json\/wp\/v2\/media\/16139"}],"wp:attachment":[{"href":"https:\/\/mgvpublications.com\/de\/wp-json\/wp\/v2\/media?parent=15141"}],"wp:term":[{"taxonomy":"product_cat","embeddable":true,"href":"https:\/\/mgvpublications.com\/de\/wp-json\/wp\/v2\/product_cat?post=15141"},{"taxonomy":"product_tag","embeddable":true,"href":"https:\/\/mgvpublications.com\/de\/wp-json\/wp\/v2\/product_tag?post=15141"},{"taxonomy":"item","embeddable":true,"href":"https:\/\/mgvpublications.com\/de\/wp-json\/wp\/v2\/item?post=15141"}],"curies":[{"name":"wp","href":"https:\/\/api.w.org\/{rel}","templated":true}]}}