{"id":15135,"date":"2020-12-06T15:09:23","date_gmt":"2020-12-06T14:09:23","guid":{"rendered":"https:\/\/dev2.mgvpublications.com\/produkt\/iyilesen-cocuklugum-iyilesen-anneligim\/"},"modified":"2022-03-08T22:48:24","modified_gmt":"2022-03-08T21:48:24","slug":"iyilesen-cocuklugum-iyilesen-anneligim","status":"publish","type":"product","link":"https:\/\/mgvpublications.com\/de\/iyilesen-cocuklugum-iyilesen-anneligim\/","title":{"rendered":"\u0130yile\u015fen \u00c7ocuklu\u011fum \u0130yile\u015fen Anneli\u011fim"},"content":{"rendered":"<p>Yay\u0131n Tarihi: 12.10.2020<br \/>ISBN: 9786257909839<br \/>Dil: T\u00dcRK\u00c7E<br \/>Sayfa Say\u0131s\u0131: 192<br \/>Cilt Tipi: Karton Kapak<br \/>Ka\u011f\u0131t Cinsi: Kitap Ka\u011f\u0131d\u0131<br \/>Boyut: 15.5 x 23 cm<\/p>","protected":false},"excerpt":{"rendered":"<p>Hatice K\u00fcbra Tongar&#8217;dan Mutlu Ailelere! \u00c7ocukluk yaralar\u0131m\u0131z\u0131 iyile\u015ftirmek i\u00e7in bir yol haritas\u0131: Annemizin g\u00fc\u00e7l\u00fc y\u00f6nlerini al\u0131p cebimize atal\u0131m, hatal\u0131 tutumlar\u0131 ge\u00e7mi\u015fte b\u0131rakal\u0131m! \u201c\u00c7ocu\u011fuma ba\u011f\u0131rmak istemiyorum ama kendimi bir t\u00fcrl\u00fc tutam\u0131yorum.\u201d \u201cO kadar basit \u015feylere \u00f6fkeleniyorum ki, sonra g\u00fcnlerce vicdan azab\u0131 \u00e7ekiyorum.\u201d \u201cGen\u00e7 k\u0131zken \u2018anneme benzemek istemiyorum\u2019 diye a\u011flard\u0131m. \u015eimdi bak\u0131yorum, ayn\u0131 annem olmu\u015fum!\u201d \u201c\u00c7ocu\u011fum a\u011flad\u0131\u011f\u0131nda \u00e7ok \u00f6fkeleniyorum.\u201d \u201c\u0130\u00e7imde nedenini bilemedi\u011fim bir \u00f6fke var.\u201d \u201cNe yaparsam yapay\u0131m anne olarak kendimi hep yetersiz hissediyorum.\u201d Hayat\u0131m\u0131za zehir gibi s\u0131zan bu c\u00fcmlelerin nedenini ke\u015ffetmeye haz\u0131r m\u0131s\u0131n\u0131z? O halde toparlan\u0131n, \u00e7ocuklu\u011fumuza gidiyoruz! Neden \u00f6fkeliyiz, neden yetersiz hissediyoruz, \u00e7ocu\u011fumuzun ufac\u0131k yaramazl\u0131klar\u0131na neden kocaman tepkiler g\u00f6steriyoruz, i\u00e7imizde bir t\u00fcrl\u00fc dolmayan bu bo\u015fluk hissinin kayna\u011f\u0131 ne? Ba\u011f\u0131rmayan Anneler kitab\u0131n\u0131n yazar\u0131 Uzman Aile Dan\u0131\u015fman\u0131 Hatice K\u00fcbra Tongar hepimizi i\u00e7 \u00e7ocu\u011fumuzu bug\u00fcne do\u011furmaya davet ediyor.<\/p>","protected":false},"featured_media":21836,"template":"","meta":{"spay_email":""},"product_cat":[175],"product_tag":[],"item":[685],"acf":[],"_links":{"self":[{"href":"https:\/\/mgvpublications.com\/de\/wp-json\/wp\/v2\/product\/15135"}],"collection":[{"href":"https:\/\/mgvpublications.com\/de\/wp-json\/wp\/v2\/product"}],"about":[{"href":"https:\/\/mgvpublications.com\/de\/wp-json\/wp\/v2\/types\/product"}],"wp:featuredmedia":[{"embeddable":true,"href":"https:\/\/mgvpublications.com\/de\/wp-json\/wp\/v2\/media\/21836"}],"wp:attachment":[{"href":"https:\/\/mgvpublications.com\/de\/wp-json\/wp\/v2\/media?parent=15135"}],"wp:term":[{"taxonomy":"product_cat","embeddable":true,"href":"https:\/\/mgvpublications.com\/de\/wp-json\/wp\/v2\/product_cat?post=15135"},{"taxonomy":"product_tag","embeddable":true,"href":"https:\/\/mgvpublications.com\/de\/wp-json\/wp\/v2\/product_tag?post=15135"},{"taxonomy":"item","embeddable":true,"href":"https:\/\/mgvpublications.com\/de\/wp-json\/wp\/v2\/item?post=15135"}],"curies":[{"name":"wp","href":"https:\/\/api.w.org\/{rel}","templated":true}]}}