{"id":15125,"date":"2020-12-04T15:28:24","date_gmt":"2020-12-04T14:28:24","guid":{"rendered":"https:\/\/dev2.mgvpublications.com\/produkt\/kanser-iyilesir-hangi-evrede-olursa-olsun-umut-var-2\/"},"modified":"2022-03-08T22:48:23","modified_gmt":"2022-03-08T21:48:23","slug":"kanser-iyilesir-hangi-evrede-olursa-olsun-umut-var-2","status":"publish","type":"product","link":"https:\/\/mgvpublications.com\/de\/kanser-iyilesir-hangi-evrede-olursa-olsun-umut-var-2\/","title":{"rendered":"Kanser \u0130yile\u015fir Hangi Evrede Olursa Olsun Umut Var!"},"content":{"rendered":"<p>Yay\u0131n Tarihi:\t22.04.2019<br \/>\nISBN:\t9786055181765<br \/>\nDil:\tT\u00dcRK\u00c7E<br \/>\nSayfa Say\u0131s\u0131:\t504<br \/>\nCilt Tipi:\tKarton Kapak<br \/>\nKa\u011f\u0131t Cinsi:\tKitap Ka\u011f\u0131d\u0131<br \/>\nBoyut:\t15.5 x 23 cm<\/p>","protected":false},"excerpt":{"rendered":"<p>Y\u0131llard\u0131r yanl\u0131\u015f yapt\u0131k! Kanseri, \u2018k\u00f6t\u00fc hastal\u0131k\u2019, \u2018\u00f6l\u00fcmc\u00fcl hastal\u0131k\u2019 gibi farkl\u0131 isimlerle adland\u0131r\u0131p te\u015fhis konuldu\u011fu anda ona \u2018teslim\u2019 olduk. Kimi doktorlar da \u2018iyile\u015fmez\u2019 diyerek karamsarl\u0131\u011f\u0131 k\u00f6r\u00fckledi durdu. Ama art\u0131k ger\u00e7ekler g\u00fcn y\u00fcz\u00fcne \u00e7\u0131k\u0131yor! Bu kitapla birlikte kanser hakk\u0131nda bildiklerinizi unutma vakti!<\/p>\n<p>V\u00fccudumuzda kansere kar\u015f\u0131 bir\u00e7ok savunma sistemi oldu\u011fu gibi, kanseri iyile\u015ftirecek g\u00fc\u00e7ler de var! Bedenimiz tamir mekanizmalar\u0131 ile dolu. DNA tamiri ile kanserle\u015fen h\u00fccrelerin bir k\u0131sm\u0131 normale d\u00f6nd\u00fcr\u00fclebiliyor, d\u00f6nd\u00fcr\u00fclemeyenleri ise olduk\u00e7a g\u00fc\u00e7l\u00fc bir \u2018ba\u011f\u0131\u015f\u0131kl\u0131k\u2019 sistemi ordusu kar\u015f\u0131l\u0131yor. K\u0131sacas\u0131 bizde zaten var olan \u2018anti kanser\u2019 ba\u011f\u0131\u015f\u0131kl\u0131k sistemlerimizi yeterince \u00e7al\u0131\u015ft\u0131rabilirsek, kanserin olu\u015fmas\u0131n\u0131 veya olu\u015ftuktan sonra ilerlemesini durdurmak m\u00fcmk\u00fcn.<\/p>\n<p>Dr. Elif G\u00fcvelo\u011flu, patoloji uzman\u0131, ayr\u0131ca fitoterapi konusunda da y\u00fcksek lisans yapm\u0131\u015f bir hekim. Patoloji ihtisas\u0131 s\u0131ras\u0131nda hem kanserle\u015fmi\u015f hem de normal dokular\u0131 mikroskop alt\u0131nda inceleme \u015fans\u0131 bulmu\u015f. Y\u0131llard\u0131r kanser hastalar\u0131na dan\u0131\u015fmanl\u0131k yap\u0131yor, y\u00fczlerce hastan\u0131n iyile\u015fmesine vesile oluyor. Dr. G\u00fcvelo\u011flu kendinden emin: \u201cUzun ara\u015ft\u0131rmalar sonras\u0131nda, ba\u011f\u0131\u015f\u0131kl\u0131k sisteminin v\u00fccuttaki kanser h\u00fccrelerine neler yapt\u0131\u011f\u0131n\u0131 mikroskop alt\u0131nda g\u00f6rd\u00fc\u011f\u00fcmde dedim ki; insan bedeninin kanseri yenmesi bir mucize de\u011fil, yarat\u0131l\u0131\u015f\u0131m\u0131z\u0131n do\u011fal bir par\u00e7as\u0131!\u201d<br \/>\nBu kitap hem kanser hastalar\u0131na ve hasta yak\u0131nlar\u0131na, hem kanserden korunmak isteyenlere, hem de t\u0131p \u00f6\u011frencilerine ve doktorlar\u0131na e\u015fsiz bir kaynak.<br \/>\nBinlerce bilimsel ara\u015ft\u0131rma okunup incelenerek yaz\u0131lm\u0131\u015f, 1800\u2019\u00fcn \u00fczerinde referans g\u00f6sterilmi\u015f.<\/p>\n<p>\u2018Kanserden nas\u0131l korunuruz, nas\u0131l kurtuluruz?\u2019 sorusunun cevab\u0131, kanser tedavisinde do\u011fal g\u00fc\u00e7ler, en etkili bitkisel\/hayvansal takviyeler ve onlar\u0131n kemoterapi\/radyoterapi ile uyumlar\u0131, mutfaktaki kanser savarlar, \u00f6zel iksirler, \u00e7orbalar, salatalar, tatl\u0131lar, \u00e7aylar\u2026<\/p>\n<p>Mutfa\u011f\u0131m\u0131zda her g\u00fcn elimize ald\u0131\u011f\u0131m\u0131z besinlerin, bilimsel ara\u015ft\u0131rmalarda sergiledikleri marifetleri g\u00f6rd\u00fck\u00e7e, hayretler i\u00e7erisinde kalacak, tabiat\u0131n g\u00fcc\u00fcn\u00fc daha iyi anlayacak ve Y\u00fcce Yaradan\u2019a bir kez daha hayran olup \u015f\u00fckredeceksiniz&#8230; Ve art\u0131k kanser size \u2018teslim\u2019 olacak!<br \/>\ndevam\u0131n\u0131 oku<\/p>","protected":false},"featured_media":15126,"template":"","meta":{"spay_email":""},"product_cat":[1352],"product_tag":[],"item":[685],"acf":[],"_links":{"self":[{"href":"https:\/\/mgvpublications.com\/de\/wp-json\/wp\/v2\/product\/15125"}],"collection":[{"href":"https:\/\/mgvpublications.com\/de\/wp-json\/wp\/v2\/product"}],"about":[{"href":"https:\/\/mgvpublications.com\/de\/wp-json\/wp\/v2\/types\/product"}],"wp:featuredmedia":[{"embeddable":true,"href":"https:\/\/mgvpublications.com\/de\/wp-json\/wp\/v2\/media\/15126"}],"wp:attachment":[{"href":"https:\/\/mgvpublications.com\/de\/wp-json\/wp\/v2\/media?parent=15125"}],"wp:term":[{"taxonomy":"product_cat","embeddable":true,"href":"https:\/\/mgvpublications.com\/de\/wp-json\/wp\/v2\/product_cat?post=15125"},{"taxonomy":"product_tag","embeddable":true,"href":"https:\/\/mgvpublications.com\/de\/wp-json\/wp\/v2\/product_tag?post=15125"},{"taxonomy":"item","embeddable":true,"href":"https:\/\/mgvpublications.com\/de\/wp-json\/wp\/v2\/item?post=15125"}],"curies":[{"name":"wp","href":"https:\/\/api.w.org\/{rel}","templated":true}]}}