{"id":15067,"date":"2020-07-22T11:22:28","date_gmt":"2020-07-22T09:22:28","guid":{"rendered":"https:\/\/dev2.mgvpublications.com\/produkt\/temel-dini-bilgiler\/"},"modified":"2024-12-29T21:49:19","modified_gmt":"2024-12-29T20:49:19","slug":"temel-dini-bilgiler","status":"publish","type":"product","link":"https:\/\/mgvpublications.com\/de\/temel-dini-bilgiler\/","title":{"rendered":"Temel Dini Bilgiler"},"content":{"rendered":"<table>\n<tbody>\n<tr>\n<td>Yay\u0131n Tarihi:<\/td>\n<td>01.01.2012<\/td>\n<\/tr>\n<tr>\n<td>ISBN:<\/td>\n<td>9751902818<\/td>\n<\/tr>\n<tr>\n<td>Bask\u0131 Say\u0131s\u0131:<\/td>\n<td>1. Bask\u0131<\/td>\n<\/tr>\n<tr>\n<td>Dil:<\/td>\n<td>T\u00dcRK\u00c7E<\/td>\n<\/tr>\n<tr>\n<td>Sayfa Say\u0131s\u0131:<\/td>\n<td>336<\/td>\n<\/tr>\n<tr>\n<td>Cilt Tipi:<\/td>\n<td>Karton Kapak<\/td>\n<\/tr>\n<tr>\n<td>Ka\u011f\u0131t Cinsi:<\/td>\n<td>1. Hm. Ka\u011f\u0131t<\/td>\n<\/tr>\n<tr>\n<td>Boyut:<\/td>\n<td>16 x 23.5 cm<\/td>\n<\/tr>\n<\/tbody>\n<\/table>","protected":false},"excerpt":{"rendered":"<p><span class=\"info__text\">Y\u00fcce Allah, bizi ebedi saadet yurduna \u00e7a\u011f\u0131rarak haz\u0131rl\u0131k yapmam\u0131z\u0131 istemi\u015f ve sonsuz mutlulu\u011fa kavu\u015fman\u0131n yollar\u0131n\u0131 g\u00f6stermi\u015ftir. Bizim g\u00f6revimiz; yarat\u0131l\u0131\u015f\u0131m\u0131z\u0131n gayesine uygun olarak, \u00f6nce do\u011fru bir inanca sahip olmak, sonra da inanc\u0131m\u0131z\u0131n gere\u011fi olan ibadet vazifelerini yerine getirmek, kalbimizi iyi d\u00fc\u015f\u00fcncelerle s\u00fcslemek ve ahlak \u00f6l\u00e7\u00fclerine uygun hareket ederek kulluk imtihan\u0131nda ba\u015far\u0131l\u0131 olmakt\u0131r.<\/span><\/p>","protected":false},"featured_media":15068,"template":"","meta":{"spay_email":""},"product_cat":[174],"product_tag":[],"item":[960],"acf":[],"_links":{"self":[{"href":"https:\/\/mgvpublications.com\/de\/wp-json\/wp\/v2\/product\/15067"}],"collection":[{"href":"https:\/\/mgvpublications.com\/de\/wp-json\/wp\/v2\/product"}],"about":[{"href":"https:\/\/mgvpublications.com\/de\/wp-json\/wp\/v2\/types\/product"}],"wp:featuredmedia":[{"embeddable":true,"href":"https:\/\/mgvpublications.com\/de\/wp-json\/wp\/v2\/media\/15068"}],"wp:attachment":[{"href":"https:\/\/mgvpublications.com\/de\/wp-json\/wp\/v2\/media?parent=15067"}],"wp:term":[{"taxonomy":"product_cat","embeddable":true,"href":"https:\/\/mgvpublications.com\/de\/wp-json\/wp\/v2\/product_cat?post=15067"},{"taxonomy":"product_tag","embeddable":true,"href":"https:\/\/mgvpublications.com\/de\/wp-json\/wp\/v2\/product_tag?post=15067"},{"taxonomy":"item","embeddable":true,"href":"https:\/\/mgvpublications.com\/de\/wp-json\/wp\/v2\/item?post=15067"}],"curies":[{"name":"wp","href":"https:\/\/api.w.org\/{rel}","templated":true}]}}