{"id":15047,"date":"2020-07-14T21:09:58","date_gmt":"2020-07-14T19:09:58","guid":{"rendered":"https:\/\/dev2.mgvpublications.com\/produkt\/dikili-iliskiler\/"},"modified":"2022-03-08T22:48:22","modified_gmt":"2022-03-08T21:48:22","slug":"dikili-iliskiler","status":"publish","type":"product","link":"https:\/\/mgvpublications.com\/de\/dikili-iliskiler\/","title":{"rendered":"Dikili \u0130li\u015fkiler"},"content":{"rendered":"<div>Yay\u0131n Tarihi: 06.02.2020<\/div>\n<div>ISBN: 9751035486<\/div>\n<div>Bask\u0131 Say\u0131s\u0131: 1. Bask\u0131<\/div>\n<div>Dil: T\u00dcRK\u00c7E<\/div>\n<div>Sayfa Say\u0131s\u0131: 192<\/div>\n<div>Cilt Tipi: Karton Kapak<\/div>\n<div>Ka\u011f\u0131t Cinsi: Kitap Ka\u011f\u0131d\u0131<\/div>\n<div>Boyut: 13.7 x 21.5 cm<\/div>","protected":false},"excerpt":{"rendered":"<p>Yay\u0131n Tarihi: 06.02.2020 ISBN: 9751035486 Bask\u0131 Say\u0131s\u0131: 1. Bask\u0131 Dil: T\u00dcRK\u00c7E Sayfa Say\u0131s\u0131: 192 Cilt Tipi: Karton Kapak Ka\u011f\u0131t Cinsi: Kitap Ka\u011f\u0131d\u0131 Boyut: 13.7 x 21.5 cm<\/p>","protected":false},"featured_media":15987,"template":"","meta":{"spay_email":""},"product_cat":[216],"product_tag":[],"item":[741],"acf":[],"_links":{"self":[{"href":"https:\/\/mgvpublications.com\/de\/wp-json\/wp\/v2\/product\/15047"}],"collection":[{"href":"https:\/\/mgvpublications.com\/de\/wp-json\/wp\/v2\/product"}],"about":[{"href":"https:\/\/mgvpublications.com\/de\/wp-json\/wp\/v2\/types\/product"}],"wp:featuredmedia":[{"embeddable":true,"href":"https:\/\/mgvpublications.com\/de\/wp-json\/wp\/v2\/media\/15987"}],"wp:attachment":[{"href":"https:\/\/mgvpublications.com\/de\/wp-json\/wp\/v2\/media?parent=15047"}],"wp:term":[{"taxonomy":"product_cat","embeddable":true,"href":"https:\/\/mgvpublications.com\/de\/wp-json\/wp\/v2\/product_cat?post=15047"},{"taxonomy":"product_tag","embeddable":true,"href":"https:\/\/mgvpublications.com\/de\/wp-json\/wp\/v2\/product_tag?post=15047"},{"taxonomy":"item","embeddable":true,"href":"https:\/\/mgvpublications.com\/de\/wp-json\/wp\/v2\/item?post=15047"}],"curies":[{"name":"wp","href":"https:\/\/api.w.org\/{rel}","templated":true}]}}