{"id":14971,"date":"2020-05-05T15:37:06","date_gmt":"2020-05-05T13:37:06","guid":{"rendered":"https:\/\/dev2.mgvpublications.com\/produkt\/aile-terapisi-ask-insani-sarj-eder-2\/"},"modified":"2022-03-08T22:48:22","modified_gmt":"2022-03-08T21:48:22","slug":"aile-terapisi-ask-insani-sarj-eder-2","status":"publish","type":"product","link":"https:\/\/mgvpublications.com\/de\/aile-terapisi-ask-insani-sarj-eder-2\/","title":{"rendered":"Aile Terapisi &#038; A\u015fk, \u0130nsan\u0131 \u015earj Eder"},"content":{"rendered":"<p>Yay\u0131n Tarihi: 24.11.2017<br \/>ISBN: 9786051510897<br \/>Dil: T\u00dcRK\u00c7E<br \/>Sayfa Say\u0131s\u0131: 304<br \/>Cilt Tipi: Karton Kapak<br \/>Ka\u011f\u0131t Cinsi: Kitap Ka\u011f\u0131d\u0131<br \/>Boyut: 13.5 x 21 cm<\/p>","protected":false},"excerpt":{"rendered":"<p>Bir kad\u0131n i\u00e7in duygusal ihtiya\u00e7 asl\u0131nda her \u015feyden \u00f6nce gelir. Sevilmeyen kad\u0131n h\u0131r\u00e7\u0131nd\u0131r. Sevilen kad\u0131n \u015f\u0131mar\u0131r, \u015f\u0131maran kad\u0131n mutludur. Kad\u0131n mutluysa herkes mutludur. Kad\u0131n sevildi\u011finde, erkek \u00f6v\u00fcld\u00fc\u011f\u00fcnde ili\u015fki a\u00e7\u0131s\u0131ndan motive olur. Erkek, \u00e7ocuklu\u011funda annesi, yeti\u015fkinli\u011finde e\u015fi taraf\u0131ndan sevilmek ister. Erkekleri kim ne kadar takdir ederse etsin, sevdi\u011fi kad\u0131n\u0131n takdiri esast\u0131r. Asl\u0131nda t\u00fcm \u00e7abas\u0131 da bunun i\u00e7indir. \u0130\u015f, erke\u011fin hem oyunca\u011f\u0131 hem de kendini ispat etme refleksidir. Oyuna dalm\u0131\u015f ve kendini ispat etme \u00e7abas\u0131ndaki erkek sa\u011fl\u0131kl\u0131 erkektir. Her \u201ci\u015f kolik\u201d erke\u011fi \u201ce\u015f kolik\u201d erke\u011fe d\u00f6n\u00fc\u015ft\u00fcrmek sizin elinizde. \u0130li\u015fki kabiliyetlerini tahsil edememi\u015f bir erkek, kad\u0131n\u0131 anlayamaz. Ve \u201cGaliba bu kad\u0131nda bir sorun var\u201d diye d\u00fc\u015f\u00fcn\u00fcr. Oysa sorun de\u011fil, kabiliyet var. Kabiliyeti anlamak i\u00e7in de kabiliyet gereklidir. Erkek ve kad\u0131n\u0131n bilin\u00e7alt\u0131 sevgisiz cinselli\u011fi reddeder. Temel ihtiya\u00e7 olan cinsellik a\u015fk ile doyurucudur. A\u015fks\u0131z cinsellik doyumsuz ve y\u0131prat\u0131c\u0131d\u0131r. Bir erkek ve kad\u0131n\u0131n birbirini yarg\u0131lamas\u0131 n\u00fckleer sald\u0131r\u0131 gibidir. Bu sald\u0131r\u0131 sonucunda Duygusal Bo\u015fluk olu\u015fur. Duygusal Bo\u015fluk ise Duygusal Kansere neden olur. Duygusal Kanserin bir tek ilac\u0131 vard\u0131r, o da sevgidir. \u00c7\u00fcnk\u00fc a\u015fk insan\u0131 \u015farj eder.<\/p>","protected":false},"featured_media":22625,"template":"","meta":{"spay_email":""},"product_cat":[175],"product_tag":[],"item":[443],"acf":[],"_links":{"self":[{"href":"https:\/\/mgvpublications.com\/de\/wp-json\/wp\/v2\/product\/14971"}],"collection":[{"href":"https:\/\/mgvpublications.com\/de\/wp-json\/wp\/v2\/product"}],"about":[{"href":"https:\/\/mgvpublications.com\/de\/wp-json\/wp\/v2\/types\/product"}],"wp:featuredmedia":[{"embeddable":true,"href":"https:\/\/mgvpublications.com\/de\/wp-json\/wp\/v2\/media\/22625"}],"wp:attachment":[{"href":"https:\/\/mgvpublications.com\/de\/wp-json\/wp\/v2\/media?parent=14971"}],"wp:term":[{"taxonomy":"product_cat","embeddable":true,"href":"https:\/\/mgvpublications.com\/de\/wp-json\/wp\/v2\/product_cat?post=14971"},{"taxonomy":"product_tag","embeddable":true,"href":"https:\/\/mgvpublications.com\/de\/wp-json\/wp\/v2\/product_tag?post=14971"},{"taxonomy":"item","embeddable":true,"href":"https:\/\/mgvpublications.com\/de\/wp-json\/wp\/v2\/item?post=14971"}],"curies":[{"name":"wp","href":"https:\/\/api.w.org\/{rel}","templated":true}]}}