{"id":14919,"date":"2020-03-28T15:31:05","date_gmt":"2020-03-28T14:31:05","guid":{"rendered":"https:\/\/dev2.mgvpublications.com\/produkt\/bir-mursidin-mektuplari\/"},"modified":"2022-03-08T22:48:18","modified_gmt":"2022-03-08T21:48:18","slug":"bir-mursidin-mektuplari","status":"publish","type":"product","link":"https:\/\/mgvpublications.com\/de\/bir-mursidin-mektuplari\/","title":{"rendered":"Bir M\u00fcr\u015fidin Mektuplar\u0131"},"content":{"rendered":"<p>\u00c7evirmen:\tMustafa Ada\u015f<br \/>\n\u00c7evirmen:\tBurak S\u00f6nmez<br \/>\n\u00c7evirmen:\tAs\u0131m C\u00fcneyd K\u00f6ksal<br \/>\nYay\u0131n Tarihi\t2020-01-14<br \/>\nISBN\t9755745084<br \/>\nBask\u0131 Say\u0131s\u0131\t3. Bask\u0131<br \/>\nDil\tT\u00dcRK\u00c7E<br \/>\nSayfa Say\u0131s\u0131\t344<br \/>\nCilt Tipi\tKarton Kapak<br \/>\nKa\u011f\u0131t Cinsi\t3. Hm. Ka\u011f\u0131t<br \/>\nBoyut\t13.5 x 21 cm<\/p>","protected":false},"excerpt":{"rendered":"<p>Nefs, u\u00e7suz bucaks\u0131z bir \u015feydir b\u00fct\u00fcn\u00fcyle kozmozdur. \u00c7\u00fcnk\u00fc onun kopyas\u0131d\u0131r. Alemde bulunan her \u015fey nefste mevcuttur ayn\u0131 \u015fekilde nefste bulunan her \u015fey nefste mevcuttur ayn\u0131 \u015fekilde nefste bulunan her \u015fey de alemde mevcuttur. \u015eu halde nefsinin efendisi olan, t\u00fcm alemin efendisi olmu\u015ftur. Keza nefsinin k\u00f6lesi olan t\u00fcm alemin k\u00f6lesi olmu\u015ftur.<\/p>","protected":false},"featured_media":14920,"template":"","meta":{"spay_email":""},"product_cat":[174],"product_tag":[],"item":[503],"acf":[],"_links":{"self":[{"href":"https:\/\/mgvpublications.com\/de\/wp-json\/wp\/v2\/product\/14919"}],"collection":[{"href":"https:\/\/mgvpublications.com\/de\/wp-json\/wp\/v2\/product"}],"about":[{"href":"https:\/\/mgvpublications.com\/de\/wp-json\/wp\/v2\/types\/product"}],"wp:featuredmedia":[{"embeddable":true,"href":"https:\/\/mgvpublications.com\/de\/wp-json\/wp\/v2\/media\/14920"}],"wp:attachment":[{"href":"https:\/\/mgvpublications.com\/de\/wp-json\/wp\/v2\/media?parent=14919"}],"wp:term":[{"taxonomy":"product_cat","embeddable":true,"href":"https:\/\/mgvpublications.com\/de\/wp-json\/wp\/v2\/product_cat?post=14919"},{"taxonomy":"product_tag","embeddable":true,"href":"https:\/\/mgvpublications.com\/de\/wp-json\/wp\/v2\/product_tag?post=14919"},{"taxonomy":"item","embeddable":true,"href":"https:\/\/mgvpublications.com\/de\/wp-json\/wp\/v2\/item?post=14919"}],"curies":[{"name":"wp","href":"https:\/\/api.w.org\/{rel}","templated":true}]}}