{"id":14917,"date":"2020-03-28T15:23:37","date_gmt":"2020-03-28T14:23:37","guid":{"rendered":"https:\/\/dev2.mgvpublications.com\/produkt\/efendi-2-beyaz-muslumanlarin-buyuk-sirri\/"},"modified":"2022-03-08T22:48:18","modified_gmt":"2022-03-08T21:48:18","slug":"efendi-2-beyaz-muslumanlarin-buyuk-sirri","status":"publish","type":"product","link":"https:\/\/mgvpublications.com\/de\/efendi-2-beyaz-muslumanlarin-buyuk-sirri\/","title":{"rendered":"Efendi 2 Beyaz M\u00fcsl\u00fcmanlar\u0131n B\u00fcy\u00fck S\u0131rr\u0131"},"content":{"rendered":"<p>Yay\u0131n Tarihi\t2018-04-25<br \/>\nISBN\t6059799997<br \/>\nBask\u0131 Say\u0131s\u0131\t3. Bask\u0131<br \/>\nDil\tT\u00dcRK\u00c7E<br \/>\nSayfa Say\u0131s\u0131\t528<br \/>\nCilt Tipi\tKarton Kapak<br \/>\nKa\u011f\u0131t Cinsi\tKitap Ka\u011f\u0131d\u0131<br \/>\nBoyut\t14 x 23 cm<\/p>","protected":false},"excerpt":{"rendered":"<p>Kimdir, \u201cBeyaz M\u00fcsl\u00fcmanlar\u201d?..<br \/>\nSoner Yal\u00e7\u0131n bu kez okurlar\u0131n\u0131, tarikat \u015feyhi Harun Hoca\u2019n\u0131n (Aaron Kandiyoti) pe\u015finden, tarikatlara, derg\u00e2hlara, m\u00fcritlere, siyaset ve ticaret d\u00fcnyas\u0131na, ilgin\u00e7 akrabal\u0131k ba\u011flar\u0131na uzanan bir yolculu\u011fa \u00e7\u0131kar\u0131yor&#8230;<br \/>\n\u0130slamc\u0131 \u00e7evrelerin i\u00e7indeki Sabetayistler&#8230;<br \/>\nTarikatlara, tekkelere, m\u00fcritlere, i\u015f d\u00fcnyas\u0131na, siyasete ve ilgin\u00e7 akrabal\u0131k ba\u011flant\u0131lar\u0131na uzanan ili\u015fkiler a\u011f\u0131&#8230; \u0130simler&#8230; \u0130simler&#8230;<br \/>\nSaid-i Nurs\u00ee\u2019nin, mezar\u0131ndan ka\u00e7\u0131r\u0131lan cesedi<br \/>\ny\u0131llard\u0131r neden bulunam\u0131yor?..<br \/>\nSabetay Sevi\u2019nin sa\u011f kolu Osman \u00c7elebi,<br \/>\nhangi \u00fcnl\u00fc Mevlev\u00ee\u2019nin b\u00fcy\u00fckdedesiydi?..<br \/>\nN\u00e2z\u0131m Hikmet\u2019in Nak\u015fibend\u00ee G\u00fcm\u00fc\u015fhaneli Derg\u00e2h\u0131\u2019yla<br \/>\nakrabal\u0131k ba\u011flar\u0131 neydi?..<br \/>\nT\u00fcrkiye\u2019nin say\u0131l\u0131 zenginlerinden, tarikat\u00e7\u0131 bir ailenin<br \/>\nsosyetik gelinleri kimler?..<br \/>\nYahudi Alyans Okulu mezunu \u00fcnl\u00fc \u015feyh kimdi?..<\/p>","protected":false},"featured_media":14918,"template":"","meta":{"spay_email":""},"product_cat":[173],"product_tag":[],"item":[697],"acf":[],"_links":{"self":[{"href":"https:\/\/mgvpublications.com\/de\/wp-json\/wp\/v2\/product\/14917"}],"collection":[{"href":"https:\/\/mgvpublications.com\/de\/wp-json\/wp\/v2\/product"}],"about":[{"href":"https:\/\/mgvpublications.com\/de\/wp-json\/wp\/v2\/types\/product"}],"wp:featuredmedia":[{"embeddable":true,"href":"https:\/\/mgvpublications.com\/de\/wp-json\/wp\/v2\/media\/14918"}],"wp:attachment":[{"href":"https:\/\/mgvpublications.com\/de\/wp-json\/wp\/v2\/media?parent=14917"}],"wp:term":[{"taxonomy":"product_cat","embeddable":true,"href":"https:\/\/mgvpublications.com\/de\/wp-json\/wp\/v2\/product_cat?post=14917"},{"taxonomy":"product_tag","embeddable":true,"href":"https:\/\/mgvpublications.com\/de\/wp-json\/wp\/v2\/product_tag?post=14917"},{"taxonomy":"item","embeddable":true,"href":"https:\/\/mgvpublications.com\/de\/wp-json\/wp\/v2\/item?post=14917"}],"curies":[{"name":"wp","href":"https:\/\/api.w.org\/{rel}","templated":true}]}}