{"id":14911,"date":"2020-03-28T13:56:44","date_gmt":"2020-03-28T12:56:44","guid":{"rendered":"https:\/\/dev2.mgvpublications.com\/produkt\/hadis-konusunda-bilinmesi-gereken-88-soru\/"},"modified":"2022-03-08T22:48:18","modified_gmt":"2022-03-08T21:48:18","slug":"hadis-konusunda-bilinmesi-gereken-88-soru","status":"publish","type":"product","link":"https:\/\/mgvpublications.com\/de\/hadis-konusunda-bilinmesi-gereken-88-soru\/","title":{"rendered":"Hadis Konusunda Bilinmesi Gereken 88 Soru"},"content":{"rendered":"<p>Yay\u0131n Tarihi\t2019-02-26<br \/>\nISBN\t9754738537<br \/>\nBask\u0131 Say\u0131s\u0131\t1. Bask\u0131<br \/>\nDil\tT\u00dcRK\u00c7E<br \/>\nSayfa Say\u0131s\u0131\t304<br \/>\nCilt Tipi\tKarton Kapak<br \/>\nKa\u011f\u0131t Cinsi\tKitap Ka\u011f\u0131d\u0131<br \/>\nBoyut\t13.5 x 21 cm<\/p>","protected":false},"excerpt":{"rendered":"<p>Prof. Dr. Ahmet Y\u00fccel taraf\u0131ndan haz\u0131rlanan bu kitapta;<br \/>\n* Hz. Peygamber\u2019i r\u00fcyada g\u00f6r\u00fcp bilgi almak m\u00fcmk\u00fcn m\u00fcd\u00fcr?<br \/>\n* Kad\u0131nlar\u0131n u\u011fursuz oldu\u011funu ifade eden hadis var m\u0131d\u0131r?<br \/>\n* Mehd\u00ee hakk\u0131ndaki hadisler sahih midir?<br \/>\n* Hz. Peygamber kad\u0131nlar\u0131n y\u00f6netici olamayaca\u011f\u0131n\u0131 s\u00f6ylemi\u015f midir?<br \/>\n* Y\u00f6neticilerin sadece Kurey\u015f kabilesinden olaca\u011f\u0131n\u0131 ifade eden hadis sahih midir?<br \/>\n* Kad\u0131nlar\u0131n \u00e7o\u011funun cehennemlik oldu\u011funu ifade eden hadis sahih midir?<br \/>\n* Hadislere g\u00f6re resim yapmak yasak m\u0131d\u0131r?<br \/>\n* Kertenkeleyi \u00f6ld\u00fcrenin \u015fehit sevab\u0131 kazanaca\u011f\u0131na dair hadis sahih midir?<br \/>\n* \u00dc\u00e7 aylar ve bu aylarda yap\u0131lacak ibadetlerle ilgili hadisler sahih midir?<br \/>\n* Kur\u2019\u00e2n\u2019\u0131n Allah taraf\u0131ndan korundu\u011fu gibi Hadisler de korunmu\u015f mudur?<br \/>\n* Hadis kitaplar\u0131nda bulunan hadisler bizzat Hz. Peygamber\u2019in s\u00f6zleri midir?<br \/>\n* \u015ei\u00eelerin Hadislere yakla\u015f\u0131m\u0131 nas\u0131ld\u0131r?<br \/>\nve benzeri 88 soruya doyurucu cevaplar yer almaktad\u0131r.<br \/>\nF\u0131k\u0131h Konusunda Bilinmesi Gereken 88 Soru<\/p>","protected":false},"featured_media":14912,"template":"","meta":{"spay_email":""},"product_cat":[174],"product_tag":[],"item":[389],"acf":[],"_links":{"self":[{"href":"https:\/\/mgvpublications.com\/de\/wp-json\/wp\/v2\/product\/14911"}],"collection":[{"href":"https:\/\/mgvpublications.com\/de\/wp-json\/wp\/v2\/product"}],"about":[{"href":"https:\/\/mgvpublications.com\/de\/wp-json\/wp\/v2\/types\/product"}],"wp:featuredmedia":[{"embeddable":true,"href":"https:\/\/mgvpublications.com\/de\/wp-json\/wp\/v2\/media\/14912"}],"wp:attachment":[{"href":"https:\/\/mgvpublications.com\/de\/wp-json\/wp\/v2\/media?parent=14911"}],"wp:term":[{"taxonomy":"product_cat","embeddable":true,"href":"https:\/\/mgvpublications.com\/de\/wp-json\/wp\/v2\/product_cat?post=14911"},{"taxonomy":"product_tag","embeddable":true,"href":"https:\/\/mgvpublications.com\/de\/wp-json\/wp\/v2\/product_tag?post=14911"},{"taxonomy":"item","embeddable":true,"href":"https:\/\/mgvpublications.com\/de\/wp-json\/wp\/v2\/item?post=14911"}],"curies":[{"name":"wp","href":"https:\/\/api.w.org\/{rel}","templated":true}]}}