{"id":14897,"date":"2019-10-28T15:06:47","date_gmt":"2019-10-28T14:06:47","guid":{"rendered":"https:\/\/dev2.mgvpublications.com\/produkt\/yumusak-guc\/"},"modified":"2022-03-08T22:48:17","modified_gmt":"2022-03-08T21:48:17","slug":"yumusak-guc","status":"publish","type":"product","link":"https:\/\/mgvpublications.com\/de\/yumusak-guc\/","title":{"rendered":"Yumu\u015fak G\u00fc\u00e7"},"content":{"rendered":"<table class=\"attribute\">\n<tbody>\n<tr>\n<td>\u00c7evirmen:<\/td>\n<td><a href=\"https:\/\/www.kitapyurdu.com\/yazar\/rayhan-inan-aydin\/202179.html\" target=\"_blank\" rel=\"noopener\">Rayhan \u0130nan Ayd\u0131n<\/a><\/td>\n<\/tr>\n<tr>\n<td>Ver\u00f6fentlichung<\/td>\n<td>2017-12-04<\/td>\n<\/tr>\n<tr>\n<td>Orjinal Ad\u0131<\/td>\n<td>Soft Power<\/td>\n<\/tr>\n<tr>\n<td>ISBN<\/td>\n<td>6059802123<\/td>\n<\/tr>\n<tr>\n<td>Druckauflage<\/td>\n<td>1. Bask\u0131<\/td>\n<\/tr>\n<tr>\n<td>Sprache<\/td>\n<td>T\u00dcRK\u00c7E<\/td>\n<\/tr>\n<tr>\n<td>Seiten<\/td>\n<td>231<\/td>\n<\/tr>\n<tr>\n<td>Art<\/td>\n<td>Karton Kapak<\/td>\n<\/tr>\n<tr>\n<td>Papierart<\/td>\n<td>Kitap Ka\u011f\u0131d\u0131<\/td>\n<\/tr>\n<tr>\n<td>Ma\u00dfe<\/td>\n<td>13 x 19 cm<\/td>\n<\/tr>\n<\/tbody>\n<\/table>","protected":false},"excerpt":{"rendered":"<p>Amerikan h\u00fck\u00fbmetlerinde etkin g\u00f6revler alm\u0131\u015f olan \u00fcnl\u00fc siyaset bilimci Joseph Nye, \u201cyumu\u015fak g\u00fc\u00e7\u201d kavram\u0131n\u0131 ilk kez 1980\u2019lerin sonlar\u0131nda kullanm\u0131\u015ft\u0131r. G\u00fcn\u00fcm\u00fczde t\u00fcm d\u00fcnyada siyas\u00ee liderler, k\u00f6\u015fe yazarlar\u0131 ve akademisyenler taraf\u0131ndan s\u0131k s\u0131k \u2014ama \u00e7o\u011funlukla yanl\u0131\u015f bi\u00e7imde\u2014 kullan\u0131lmaktad\u0131r. Peki, yumu\u015fak g\u00fc\u00e7 nedir? Yumu\u015fak g\u00fc\u00e7 cezbetme ve ikna etme kabiliyetine dayal\u0131d\u0131r. Zorlama kabiliyeti olan sert g\u00fc\u00e7 bir \u00fclkenin asker\u00ee ve iktisad\u00ee g\u00fcc\u00fcnden kaynaklan\u0131rken yumu\u015fak g\u00fc\u00e7 \u00fclkenin k\u00fclt\u00fcr\u00fcn\u00fcn, siyas\u00ee fikirlerinin ve politikalar\u0131n\u0131n cezbedicili\u011finden kaynaklan\u0131r.<\/p>","protected":false},"featured_media":14898,"template":"","meta":{"spay_email":""},"product_cat":[173],"product_tag":[],"item":[804],"acf":[],"_links":{"self":[{"href":"https:\/\/mgvpublications.com\/de\/wp-json\/wp\/v2\/product\/14897"}],"collection":[{"href":"https:\/\/mgvpublications.com\/de\/wp-json\/wp\/v2\/product"}],"about":[{"href":"https:\/\/mgvpublications.com\/de\/wp-json\/wp\/v2\/types\/product"}],"wp:featuredmedia":[{"embeddable":true,"href":"https:\/\/mgvpublications.com\/de\/wp-json\/wp\/v2\/media\/14898"}],"wp:attachment":[{"href":"https:\/\/mgvpublications.com\/de\/wp-json\/wp\/v2\/media?parent=14897"}],"wp:term":[{"taxonomy":"product_cat","embeddable":true,"href":"https:\/\/mgvpublications.com\/de\/wp-json\/wp\/v2\/product_cat?post=14897"},{"taxonomy":"product_tag","embeddable":true,"href":"https:\/\/mgvpublications.com\/de\/wp-json\/wp\/v2\/product_tag?post=14897"},{"taxonomy":"item","embeddable":true,"href":"https:\/\/mgvpublications.com\/de\/wp-json\/wp\/v2\/item?post=14897"}],"curies":[{"name":"wp","href":"https:\/\/api.w.org\/{rel}","templated":true}]}}