{"id":14885,"date":"2019-09-13T17:42:56","date_gmt":"2019-09-13T15:42:56","guid":{"rendered":"https:\/\/dev2.mgvpublications.com\/produkt\/tarihin-sinirlarina-yolculuk\/"},"modified":"2022-05-31T11:44:19","modified_gmt":"2022-05-31T09:44:19","slug":"tarihin-sinirlarina-yolculuk","status":"publish","type":"product","link":"https:\/\/mgvpublications.com\/de\/tarihin-sinirlarina-yolculuk\/","title":{"rendered":"Tarihin S\u0131n\u0131rlar\u0131na Yolculuk"},"content":{"rendered":"<p>Yay\u0131n Tarihi\t2018-11-13<br \/>\nISBN\t9752635630<br \/>\nBask\u0131 Say\u0131s\u0131\t26. Bask\u0131<br \/>\nDil\tT\u00dcRK\u00c7E<br \/>\nSayfa Say\u0131s\u0131\t208<br \/>\nCilt Tipi\tKarton Kapak<br \/>\nKa\u011f\u0131t Cinsi\tKitap Ka\u011f\u0131d\u0131<br \/>\nBoyut\t13.5 x 21 cm<\/p>","protected":false},"excerpt":{"rendered":"<p>Kitap &#8220;\u0130lber Ortayl\u0131 ile Tarihin S\u0131n\u0131rlar\u0131na Yolculuk-Mustafa Arma\u011fan&#8221; ad\u0131yla da yay\u0131mlanm\u0131\u015ft\u0131r.<\/p>\n<p>&#8220;Resmi tarih dedi\u011fimiz de, alternatif tarih dedi\u011fimiz de, \u00f6vg\u00fcm\u00fcz de, s\u00f6vg\u00fcm\u00fcz de, ilkelliklerimiz de birbirinden farks\u0131z.&#8221;<\/p>\n<p>&#8220;Tarih \u00e7im sahas\u0131 de\u011fil ki, istedi\u011fin yerleri tespit edip, kaz\u0131k \u00e7ak\u0131p \u00e7itle \u00e7eviresin. &#8220;Ben bu kadar\u0131n\u0131 seviyorum, gerisini yakal\u0131m&#8221; veyahut &#8220;Bana ne?&#8221; diyemezsiniz. Bu m\u00fcmk\u00fcn de\u011fil.&#8221;<\/p>\n<p>T\u00fcrkiye\u2019de insanlar\u0131n bir k\u0131sm\u0131 \u2018Biz Osmanl\u0131 de\u011filiz\u2019 derken, di\u011ferleri \u2018Osmanl\u0131 biziz\u2019 diyor. Bu tip bir ayr\u0131m sakatt\u0131r ve m\u00fcmk\u00fcn de\u011fildir.<br \/>\n\u0130LBER ORTAYLI<\/p>\n<p>Tarihimiz, bize do\u011fru mu \u00f6\u011fretiliyor? Tarih kitaplar\u0131 belirli bir ideolojinin propagandas\u0131n\u0131 yapmak amac\u0131yla, baz\u0131 ger\u00e7ekleri g\u00f6rmezden mi geliyor? Tarihi do\u011fru \u00f6\u011frenmek bize ne kazand\u0131r\u0131r? Ger\u00e7ekten Cumhuriyetle Osmanl\u0131 birbirlerine \u00e7ok uzak devletler midir? Osmanl\u0131\u2019y\u0131 reddedersek ne kazan\u0131r\u0131z, ne kaybederiz? 19. y\u00fczy\u0131l Osmanl\u0131\u2019n\u0131n neden &#8220;en uzun y\u00fczy\u0131l\u0131&#8221;? Osmanl\u0131 bug\u00fcn devam ediyor mu? T\u00fcrkiye-AB ili\u015fkileri&#8230;21. y\u00fczy\u0131lda onurlu bir devlet ve millet olarak ya\u015fayabilmemizin \u015fartlar\u0131 nelerdir?<\/p>\n<p>\u0130lber Ortayl\u0131\u2019dan tarihi, tarihimizi do\u011fru anlamaya dair sorulara cevaplar bu kitapta..<\/p>","protected":false},"featured_media":14886,"template":"","meta":{"spay_email":""},"product_cat":[170],"product_tag":[],"item":[360],"acf":[],"_links":{"self":[{"href":"https:\/\/mgvpublications.com\/de\/wp-json\/wp\/v2\/product\/14885"}],"collection":[{"href":"https:\/\/mgvpublications.com\/de\/wp-json\/wp\/v2\/product"}],"about":[{"href":"https:\/\/mgvpublications.com\/de\/wp-json\/wp\/v2\/types\/product"}],"wp:featuredmedia":[{"embeddable":true,"href":"https:\/\/mgvpublications.com\/de\/wp-json\/wp\/v2\/media\/14886"}],"wp:attachment":[{"href":"https:\/\/mgvpublications.com\/de\/wp-json\/wp\/v2\/media?parent=14885"}],"wp:term":[{"taxonomy":"product_cat","embeddable":true,"href":"https:\/\/mgvpublications.com\/de\/wp-json\/wp\/v2\/product_cat?post=14885"},{"taxonomy":"product_tag","embeddable":true,"href":"https:\/\/mgvpublications.com\/de\/wp-json\/wp\/v2\/product_tag?post=14885"},{"taxonomy":"item","embeddable":true,"href":"https:\/\/mgvpublications.com\/de\/wp-json\/wp\/v2\/item?post=14885"}],"curies":[{"name":"wp","href":"https:\/\/api.w.org\/{rel}","templated":true}]}}