{"id":14853,"date":"2019-06-30T12:09:22","date_gmt":"2019-06-30T10:09:22","guid":{"rendered":"https:\/\/dev2.mgvpublications.com\/produkt\/allaha-kosan-genc\/"},"modified":"2022-04-08T06:18:15","modified_gmt":"2022-04-08T04:18:15","slug":"allaha-kosan-genc","status":"publish","type":"product","link":"https:\/\/mgvpublications.com\/de\/allaha-kosan-genc\/","title":{"rendered":"Allah&#8217;a Ko\u015fan Gen\u00e7"},"content":{"rendered":"<p>Yay\u0131n Tarihi: 06.05.2019<br \/>ISBN: 9786050822564<br \/>Dil: T\u00dcRK\u00c7E<br \/>Sayfa Say\u0131s\u0131: 192<br \/>Cilt Tipi: Karton Kapak<br \/>Ka\u011f\u0131t Cinsi: Kitap Ka\u011f\u0131d\u0131<br \/>Boyut: 13.5 x 21 cm<\/p>","protected":false},"excerpt":{"rendered":"<p>Bu kitab\u0131n muhatab\u0131, \u201cAs\u0131m\u2019\u0131n Nesli\u201d, \u201cDirili\u015f Nesli\u201d, \u201cDavas\u0131 Allah olan adanm\u0131\u015f nesil\u201d, \u201cAte\u015fte ama yanmayan zaman\u0131n \u0130brahimi\u201d, zaman\u0131n Mus\u2019ab\u2019\u0131, Ammar\u2019\u0131, Fat\u0131ma\u2019s\u0131, Zeyneb\u2019i ve cennetin \u00f6zledi\u011fi elmas nesil&#8230; Ahmet Bulut, sade dili, k\u0131sk\u0131vrak yakalayan \u00fcslubuyla seni bir yolculu\u011fa davet ediyor, sonu cennete varan bir yolculuk\u2026 Bu yolda, hedefini belirlemi\u015fsin, yoldaki engellerden azadesin&#8230; Gen\u00e7lik nimetlerini, Allah\u2019a y\u00fcr\u00fcrken bir nimet biliyorsun&#8230; Tuttu\u011fun yola arkada\u015flar\u0131n\u0131 da davet ederek yery\u00fcz\u00fcnde bir m\u00fcjdeci gibi ferahl\u0131kla dolan\u0131yorsun&#8230; \u00c7\u00fcnk\u00fc sen Allah\u2019a Ko\u015fan Gen\u00e7\u2019sin! Kitaba Allah\u2019a Ko\u015fan Gen\u00e7 ismini verdim. \u0130stedim ki Allah\u2019a ko\u015fas\u0131n. \u0130stedim ki nefsin ve \u015feytan\u0131n k\u0131\u015fk\u0131rtmalar\u0131ndan Allah\u2019a ka\u00e7as\u0131n. \u0130stedim ki seni cennet yurduna davet eden Rabbine, \u201cBuyur Allah\u0131m emrine amadeyim,\u201d diyesin. \u0130stedim ki Rahmet Peygamberi\u2019nin(sav) \u00f6zledi\u011fi ve, \u201cKarde\u015fimdir,\u201d buyurdu\u011fu sen olas\u0131n. \u0130stedim ki insanl\u0131\u011f\u0131n kurtulu\u015fu i\u00e7in kendine harap edercesine adanm\u0131\u015f y\u00fcre\u011fin karde\u015fi sen olas\u0131n. \u0130stedim ki ate\u015fler i\u00e7inde ama yanmayan \u0130brahim, b\u0131\u00e7a\u011f\u0131n kesmedi\u011fi \u0130smail, suyun bo\u011fmad\u0131\u011f\u0131 Musa, kuyunun yutmad\u0131\u011f\u0131 Yusuf sen olas\u0131n. \u0130stedim ki bir \u015fehrin imar\u0131na adanm\u0131\u015f y\u00fcrek Mus\u2019ab sen olas\u0131n. \u0130stedim ki \u0131ss\u0131z \u00e7\u00f6llerde yaln\u0131z kald\u0131\u011f\u0131nda, \u00fcmitlerin t\u00fckendi\u011fi anda, \u201cAllah bana yeter,\u201d diyen Hacer, karn\u0131ndaki bebe\u011fi Allah\u2019a adayan Hanne, sudaki bebe\u011fe sahip \u00e7\u0131kan Firavun\u2019un saray\u0131ndaki Asiye sen olas\u0131n. \u0130stedim ki sadakatin, sevginin ve fedak\u00e2rl\u0131\u011f\u0131n simgesi Hatice sen olas\u0131n. \u0130stedim ki ilmin, ferasetin ve muhabbetin zirvesi \u00c2i\u015fe sen olas\u0131n. \u0130stedim ki iffetin, edebin ve hay\u00e2n\u0131n memba\u0131 Fat\u0131ma sen olas\u0131n&#8230; Allah\u2019a Ko\u015fan Gen\u00e7, d\u00fcnyas\u0131n\u0131 g\u00f6zden ge\u00e7irmek isteyen herkes i\u00e7in gen\u00e7lik nimetini nas\u0131l bir hazineye \u00e7evirece\u011fini merak edenlere bir el kitab\u0131\u2026<\/p>","protected":false},"featured_media":23133,"template":"","meta":{"spay_email":""},"product_cat":[174],"product_tag":[],"item":[360],"acf":[],"_links":{"self":[{"href":"https:\/\/mgvpublications.com\/de\/wp-json\/wp\/v2\/product\/14853"}],"collection":[{"href":"https:\/\/mgvpublications.com\/de\/wp-json\/wp\/v2\/product"}],"about":[{"href":"https:\/\/mgvpublications.com\/de\/wp-json\/wp\/v2\/types\/product"}],"wp:featuredmedia":[{"embeddable":true,"href":"https:\/\/mgvpublications.com\/de\/wp-json\/wp\/v2\/media\/23133"}],"wp:attachment":[{"href":"https:\/\/mgvpublications.com\/de\/wp-json\/wp\/v2\/media?parent=14853"}],"wp:term":[{"taxonomy":"product_cat","embeddable":true,"href":"https:\/\/mgvpublications.com\/de\/wp-json\/wp\/v2\/product_cat?post=14853"},{"taxonomy":"product_tag","embeddable":true,"href":"https:\/\/mgvpublications.com\/de\/wp-json\/wp\/v2\/product_tag?post=14853"},{"taxonomy":"item","embeddable":true,"href":"https:\/\/mgvpublications.com\/de\/wp-json\/wp\/v2\/item?post=14853"}],"curies":[{"name":"wp","href":"https:\/\/api.w.org\/{rel}","templated":true}]}}