{"id":14850,"date":"2019-04-02T22:43:52","date_gmt":"2019-04-02T20:43:52","guid":{"rendered":"https:\/\/dev2.mgvpublications.com\/produkt\/zamanin-kiskacinda-bir-omur\/"},"modified":"2025-04-27T00:31:05","modified_gmt":"2025-04-26T22:31:05","slug":"zamanin-kiskacinda-bir-omur","status":"publish","type":"product","link":"https:\/\/mgvpublications.com\/de\/zamanin-kiskacinda-bir-omur\/","title":{"rendered":"Zaman\u0131n K\u0131skac\u0131nda Bir \u00d6m\u00fcr"},"content":{"rendered":"<p>Yay\u0131n Tarihi: 2015-11-09<br \/>\nISBN: 6055000578<br \/>\nBask\u0131 Say\u0131s\u0131: 1. Bask\u0131<br \/>\nDil: T\u00dcRK\u00c7E<br \/>\nSayfa Say\u0131s\u0131: 232<br \/>\nCilt Tipi: Karton Kapak<br \/>\nKa\u011f\u0131t Cinsi: Kitap Ka\u011f\u0131d\u0131<br \/>\nBoyut: 13.5 x 21 cm<\/p>","protected":false},"excerpt":{"rendered":"<p>Osman G\u00f6nay<\/p>\n<div>Me\u015fhur m\u00fcfessir Razi (r.a) Cenab-\u0131 Hakk\u0131n zamana yemin etmesinin ve surenin manas\u0131n\u0131 \u015fahit oldu\u011fu \u015fu olaydan sonra anlad\u0131\u011f\u0131n\u0131 ifade eder. Pazar da gezerken bir sat\u0131c\u0131 g\u00f6r\u00fcr. Hava s\u0131cakt\u0131r ve o buz satmaktad\u0131r. \u015e\u00f6yle ba\u011f\u0131r\u0131r: \u00a0&#8220;Sermayesi eriyip t\u00fckenmekte olan \u015fu adam\u0131n buzlar\u0131ndan alan yok mu?\u201d<\/div>\n<div>Peki bizim en b\u00fcy\u00fck sermayemiz olan zaman\u0131m\u0131z nerelerde eriyip gidiyor?<\/div>\n<div>En de\u011ferli sermayemizi, en \u00fcst\u00fcn amellerle ge\u00e7irerek, en karl\u0131 yat\u0131r\u0131mlar\u0131 yapa biliyormuyuz?<\/div>\n<div>Yoksa, her \u015feye vakit ay\u0131r\u0131p da vakti yaratana vakit ay\u0131ramayanlardan m\u0131y\u0131z?<\/div>\n<div><\/div>\n<div>Tepelerden kopup gelen seller gibi \u00f6mr\u00fcm\u00fcz ecelimize do\u011fru h\u0131zla ko\u015fmaktad\u0131r. Takvimden her g\u00fcn bir yaprak eksilmekte ve biz her g\u00fcn kabre bir ad\u0131m daha yakla\u015fmaktay\u0131z.<\/div>\n<div><\/div>\n<div>&#8220;E\u011fer bir g\u00fcn gen\u00e7li\u011fim bana d\u00f6n\u00fcp gelseydi, ihtiyarl\u0131\u011f\u0131n elinden neler \u00e7ekti\u011fimi ona \u015fikayet ederdim\u201d diyen Arap \u015fairin i\u015faret eti\u011fi gibi, \u015fikayet mercii olan bir hayat de\u011fil, gen\u00e7li\u011finde de ihtiyarl\u0131\u011f\u0131nda da \u015f\u00fckre medar olacak bir hayat ya\u015famaya \u00e7al\u0131\u015fmal\u0131y\u0131z.<\/div>","protected":false},"featured_media":14851,"template":"","meta":{"spay_email":""},"product_cat":[174,168],"product_tag":[],"item":[335],"acf":[],"_links":{"self":[{"href":"https:\/\/mgvpublications.com\/de\/wp-json\/wp\/v2\/product\/14850"}],"collection":[{"href":"https:\/\/mgvpublications.com\/de\/wp-json\/wp\/v2\/product"}],"about":[{"href":"https:\/\/mgvpublications.com\/de\/wp-json\/wp\/v2\/types\/product"}],"wp:featuredmedia":[{"embeddable":true,"href":"https:\/\/mgvpublications.com\/de\/wp-json\/wp\/v2\/media\/14851"}],"wp:attachment":[{"href":"https:\/\/mgvpublications.com\/de\/wp-json\/wp\/v2\/media?parent=14850"}],"wp:term":[{"taxonomy":"product_cat","embeddable":true,"href":"https:\/\/mgvpublications.com\/de\/wp-json\/wp\/v2\/product_cat?post=14850"},{"taxonomy":"product_tag","embeddable":true,"href":"https:\/\/mgvpublications.com\/de\/wp-json\/wp\/v2\/product_tag?post=14850"},{"taxonomy":"item","embeddable":true,"href":"https:\/\/mgvpublications.com\/de\/wp-json\/wp\/v2\/item?post=14850"}],"curies":[{"name":"wp","href":"https:\/\/api.w.org\/{rel}","templated":true}]}}