{"id":14835,"date":"2019-04-02T22:43:50","date_gmt":"2019-04-02T20:43:50","guid":{"rendered":"https:\/\/dev2.mgvpublications.com\/produkt\/yedinci-gun\/"},"modified":"2022-03-08T22:48:13","modified_gmt":"2022-03-08T21:48:13","slug":"yedinci-gun","status":"publish","type":"product","link":"https:\/\/mgvpublications.com\/de\/yedinci-gun\/","title":{"rendered":"Yedinci G\u00fcn"},"content":{"rendered":"<p>Yay\u0131n Tarihi: 2016-06-16<br \/>\nISBN: 9750510861<br \/>\nBask\u0131 Say\u0131s\u0131: 3. Bask\u0131<br \/>\nDil: T\u00dcRK\u00c7E<br \/>\nSayfa Say\u0131s\u0131: 240<br \/>\nCilt Tipi: Karton Kapak<br \/>\nKa\u011f\u0131t Cinsi: Kitap Ka\u011f\u0131d\u0131<br \/>\nBoyut: 13 x 19.5 cm<\/p>","protected":false},"excerpt":{"rendered":"<p>\u00c7izgilerin k\u00fcrelere, zaman\u0131n sonsuzlu\u011fa, sonsuzluklar\u0131n da hay\u00e2llere d\u00f6n\u00fc\u015ft\u00fc\u011f\u00fc bir hik\u00e2yedir bu. S\u0131radan insanlar\u0131n s\u0131ra d\u0131\u015f\u0131l\u0131\u011f\u0131, bilinen hik\u00e2yelerin d\u00fc\u015flere d\u00f6n\u00fc\u015f\u00fcm\u00fc, zaaflar\u0131n as\u00eelle\u015fmesi, erdemlerin ard\u0131ndaki g\u00fcn\u00e2hk\u00e2rl\u0131k t\u00fcm i\u00e7tenli\u011fiyle akacak zihinlere. \u0130nsan olman\u0131n en zay\u0131f ve en y\u00fcce yanlar\u0131, bir hik\u00e2yenin dokunu\u015fuyla bir kez daha bilinebilir olacak. \u0130hsan Oktay Anar, bu yeni d\u00fc\u015f\u00fcyle sizleri bir kez daha \u015fa\u015f\u0131rtacak. \u00c7izgilerde de\u011fil k\u00fcrelerde gezinecek, bilinen zamanlar\u0131n bilinmeyen anlar\u0131na yolculuk edeceksiniz. Al\u0131\u015f\u0131k olmad\u0131\u011f\u0131n\u0131z bu d\u00fcnyan\u0131n kap\u0131s\u0131ndan girdi\u011finizde \u00e2\u015final\u0131k hissedecek, sadeli\u011fin ihti\u015f\u00e2m\u0131na teslim olman\u0131n rahatl\u0131\u011f\u0131yla kendinizi ak\u0131\u015fta yolculuk ederken bulacaks\u0131n\u0131z.<\/p>","protected":false},"featured_media":14836,"template":"","meta":{"spay_email":""},"product_cat":[168],"product_tag":[],"item":[365],"acf":[],"_links":{"self":[{"href":"https:\/\/mgvpublications.com\/de\/wp-json\/wp\/v2\/product\/14835"}],"collection":[{"href":"https:\/\/mgvpublications.com\/de\/wp-json\/wp\/v2\/product"}],"about":[{"href":"https:\/\/mgvpublications.com\/de\/wp-json\/wp\/v2\/types\/product"}],"wp:featuredmedia":[{"embeddable":true,"href":"https:\/\/mgvpublications.com\/de\/wp-json\/wp\/v2\/media\/14836"}],"wp:attachment":[{"href":"https:\/\/mgvpublications.com\/de\/wp-json\/wp\/v2\/media?parent=14835"}],"wp:term":[{"taxonomy":"product_cat","embeddable":true,"href":"https:\/\/mgvpublications.com\/de\/wp-json\/wp\/v2\/product_cat?post=14835"},{"taxonomy":"product_tag","embeddable":true,"href":"https:\/\/mgvpublications.com\/de\/wp-json\/wp\/v2\/product_tag?post=14835"},{"taxonomy":"item","embeddable":true,"href":"https:\/\/mgvpublications.com\/de\/wp-json\/wp\/v2\/item?post=14835"}],"curies":[{"name":"wp","href":"https:\/\/api.w.org\/{rel}","templated":true}]}}