{"id":14832,"date":"2019-04-02T22:43:49","date_gmt":"2019-04-02T20:43:49","guid":{"rendered":"https:\/\/dev2.mgvpublications.com\/produkt\/yedi-guzel-adam\/"},"modified":"2022-03-08T22:48:12","modified_gmt":"2022-03-08T21:48:12","slug":"yedi-guzel-adam","status":"publish","type":"product","link":"https:\/\/mgvpublications.com\/de\/yedi-guzel-adam\/","title":{"rendered":"Yedi G\u00fczel Adam"},"content":{"rendered":"<p>Yay\u0131n Tarihi: 01.12.2013<br \/>ISBN: 9789754735413<br \/>Dil: T\u00dcRK\u00c7E<br \/>Sayfa Say\u0131s\u0131: 136<br \/>Cilt Tipi: Karton Kapak<br \/>Ka\u011f\u0131t Cinsi: Kitap Ka\u011f\u0131d\u0131<br \/>Boyut: 13.5 x 21 cm<\/p>","protected":false},"excerpt":{"rendered":"<p>Cahit Zarifo\u011flu\u2019nun \u015fiiri bunca anla\u015f\u0131lmaz, kapal\u0131 ya da zor anla\u015f\u0131l\u0131r bulunmas\u0131na ra\u011fmen, \u015fimdiye kadar hi\u00e7bir akl\u0131 ba\u015f\u0131nda \u015fiir okuyucusu (ele\u015ftirmen ya da okuyucu olarak) bu \u015fiirleri reddetmek, yok saymak cesaretini g\u00f6sterememi\u015ftir. Rasim \u00d6zden\u00f6ren Cahit Zarifo\u011flu\u2019na ait hangi metin olursa olsun, O&#8217;nun d\u00fcnyas\u0131na, bir iklime ge\u00e7er gibi girerseniz. Yeni bir iklime girmenin ne gibi etkileri oluyorsa, nas\u0131l de\u011fi\u015ftiriyorsa insan\u0131 \u00f6ylece de\u011fi\u015firsiniz. Alim Kahraman Kendinden sonra yazmaya ba\u015flayan gen\u00e7 M\u00fcsl\u00fcman \u015fairlere, hangi \u00f6zellikleriyle yol g\u00f6stermi\u015f olursa olsun, O&#8217;ndan sonrakiler, O&#8217;nda ders al\u0131nacak bir taraf bulacaklard\u0131r. Hem \u015fiirin kendine mahsus kaliteleri bak\u0131m\u0131ndan, hem M\u00fcsl\u00fcman bir \u015fairin d\u00fcnya hayat\u0131ndaki temay\u00fclleri bak\u0131m\u0131ndan. \u0130smet \u00d6zel Cahit Zarifo\u011flu o hale gelmi\u015fti ki, kendi d\u00fcnyas\u0131 i\u00e7inde bir \u015fiir dili kurmu\u015ftu ve bunu \u00e7ok iyi kullan\u0131rd\u0131. Yani \u015fiire, o anlat\u0131lmaz olana ait bir durum \u00e7\u0131kt\u0131\u011f\u0131 zaman, bir alg\u0131lama oldu\u011fu zaman, onu hemen an\u0131nda \u015fiire d\u00f6k\u00fcverirdi. Erdem Bayaz\u0131t Kanaatimce Cahit\u2019in \u015fiiri belli bir kal\u0131p i\u00e7erisinde hemen form\u00fcle edilebilecek, anlat\u0131labilecek bir h\u00fcviyet ta\u015f\u0131m\u0131yor. Cahit, eski tabirle \u015fair-i maderzat, anadan do\u011fma \u015fair idi. Akif \u0130nan T\u00fcrk\u00e7e\u2019de hem ahenge ula\u015fmak hem de duygu ileti\u015fimini sa\u011flaman\u0131n belki de en \u00e7etin bir \u015fairlik g\u00f6revi oldu\u011fu g\u00fcn\u00fcm\u00fczde, bir de buna \u2018avucunda kor tutmay\u0131\u2019 eklemi\u015fti. \u2018H\u00e2l\u2019ini iyiye do\u011fru s\u00fcrekli y\u00fcceltirken, \u2018\u015fiir\u2019ni de yeni \u2018h\u00e2l\u2019ine uydurma sava\u015f\u0131m\u0131nda idi. Prof. Dr. H\u00fcseyin Hatemi Ece Ayhan\u2019a sordum, ona g\u00f6re \u201cCahit Zarifo\u011flu\u201d \u015fiirde yap\u0131 sorunun en iyi kavram\u0131\u015f bu konuda \u00f6rnek g\u00f6sterilebilecek sanat\u00e7\u0131lardan biri. Kolsuz Bir Hattat\u2019ta da ayr\u0131ca belirtmi\u015f bunu. Cemal S\u00fcreya Cahit Zarifo\u011flu\u2019nun \u015fiirini ve d\u00fczyaz\u0131s\u0131n\u0131 o uzakl\u0131k, ayr\u0131l\u0131k gayr\u0131l\u0131k i\u00e7inde ancak kendi uzlet k\u00f6\u015femden izleyebiliyordum. Kampla\u015fma havas\u0131nda kendine yer bulamayacak bu ince \u015fiir, kapal\u0131 ama mutlaka sanatk\u00e2rca d\u00fczyaz\u0131, kendine \u00f6zg\u00fc de\u011ferleri daima korurdu. Selim \u0130leri Cahit Zarifo\u011flu\u2019nun \u015fiiri, b\u00fct\u00fcn di\u011fer yap\u0131p ettiklerini de, hatta m\u00fcstear adla yazd\u0131\u011f\u0131 \u2018okuyucuya cevaplar\u2019a var\u0131ncaya kadar bir \u00e7ok \u015feyi ayd\u0131nlatan veriler olarak al\u0131nabilir san\u0131yorum. Bu \u015fiir, insan\u0131 \u00e7ok yal\u0131n halinde kavrayan bir \u015fiir. N\u00e2bi Avc\u0131<\/p>","protected":false},"featured_media":22621,"template":"","meta":{"spay_email":""},"product_cat":[168],"product_tag":[],"item":[389],"acf":[],"_links":{"self":[{"href":"https:\/\/mgvpublications.com\/de\/wp-json\/wp\/v2\/product\/14832"}],"collection":[{"href":"https:\/\/mgvpublications.com\/de\/wp-json\/wp\/v2\/product"}],"about":[{"href":"https:\/\/mgvpublications.com\/de\/wp-json\/wp\/v2\/types\/product"}],"wp:featuredmedia":[{"embeddable":true,"href":"https:\/\/mgvpublications.com\/de\/wp-json\/wp\/v2\/media\/22621"}],"wp:attachment":[{"href":"https:\/\/mgvpublications.com\/de\/wp-json\/wp\/v2\/media?parent=14832"}],"wp:term":[{"taxonomy":"product_cat","embeddable":true,"href":"https:\/\/mgvpublications.com\/de\/wp-json\/wp\/v2\/product_cat?post=14832"},{"taxonomy":"product_tag","embeddable":true,"href":"https:\/\/mgvpublications.com\/de\/wp-json\/wp\/v2\/product_tag?post=14832"},{"taxonomy":"item","embeddable":true,"href":"https:\/\/mgvpublications.com\/de\/wp-json\/wp\/v2\/item?post=14832"}],"curies":[{"name":"wp","href":"https:\/\/api.w.org\/{rel}","templated":true}]}}