{"id":14829,"date":"2019-04-02T22:43:49","date_gmt":"2019-04-02T20:43:49","guid":{"rendered":"https:\/\/dev2.mgvpublications.com\/produkt\/yasamak-2\/"},"modified":"2022-03-08T22:48:09","modified_gmt":"2022-03-08T21:48:09","slug":"yasamak-2","status":"publish","type":"product","link":"https:\/\/mgvpublications.com\/de\/yasamak-2\/","title":{"rendered":"Ya\u015famak"},"content":{"rendered":"<p>Yay\u0131n Tarihi: 2011-04-01<br \/>\nISBN: 9754731926<br \/>\nBask\u0131 Say\u0131s\u0131: 6. Bask\u0131<br \/>\nDil: T\u00dcRK\u00c7E<br \/>\nSayfa Say\u0131s\u0131: 230<br \/>\nCilt Tipi: Karton Kapak<br \/>\nKa\u011f\u0131t Cinsi: 1. Hm. Ka\u011f\u0131t<br \/>\nBoyut: 13.5 x 21 cm<\/p>","protected":false},"excerpt":{"rendered":"<p>Yeni T\u00fcrk\u00e7e deki hat\u0131ra t\u00fcr\u00fcn\u00fcn en yetkin \u00f6rneklerinden biri olan Ya\u015famak, toplumsal olarak bir \u0131\u015f\u0131\u011fa d\u00f6n\u00fc\u015ft\u00fcrmek istedi\u011fimiz ac\u0131ya, bireysel bir d\u00fcnyada ayd\u0131nl\u0131k sa\u011flamaktad\u0131r.<\/p>\n<p>Zarifo\u011flu, \u00e7evremizde geli\u015fen olaylar\u0131n g\u00f6z\u00fcm\u00fcz\u00fc yordu\u011fu ve bizim, hayat\u0131n b\u00fct\u00fcnsel ak\u0131\u015f\u0131yla olan ba\u011flar\u0131m\u0131z\u0131 g\u00fc\u00e7l\u00fckle korudu\u011fumuz d\u00f6nemde, o ba\u011flara canl\u0131l\u0131k veren birka\u00e7 \u015fairimizden biridir.<br \/>\nYa\u015famak, \u015fiirindeki derinli\u011fin yol a\u00e7t\u0131\u011f\u0131 a\u00e7\u0131l\u0131m getiren ve \u015faire ait i\u00e7 d\u00fcnyan\u0131n zenginli\u011fini g\u00f6zler \u00f6n\u00fcne seren bir eserdir.<br \/>\n\u015eair, ya\u015famay\u0131 varl\u0131k ve olu\u015fun \u00f6z\u00fcne dokunan bir derinlik i\u00e7inde alg\u0131lad\u0131\u011f\u0131 ve arka plan\u0131ndaki hikmetle anla\u015farak ya\u015fad\u0131\u011f\u0131 i\u00e7in, ayn\u0131 hikmetin onun anlat\u0131m\u0131nda par\u0131ldamas\u0131 pek tabiidir.<\/p>","protected":false},"featured_media":14830,"template":"","meta":{"spay_email":""},"product_cat":[168],"product_tag":[],"item":[389],"acf":[],"_links":{"self":[{"href":"https:\/\/mgvpublications.com\/de\/wp-json\/wp\/v2\/product\/14829"}],"collection":[{"href":"https:\/\/mgvpublications.com\/de\/wp-json\/wp\/v2\/product"}],"about":[{"href":"https:\/\/mgvpublications.com\/de\/wp-json\/wp\/v2\/types\/product"}],"wp:featuredmedia":[{"embeddable":true,"href":"https:\/\/mgvpublications.com\/de\/wp-json\/wp\/v2\/media\/14830"}],"wp:attachment":[{"href":"https:\/\/mgvpublications.com\/de\/wp-json\/wp\/v2\/media?parent=14829"}],"wp:term":[{"taxonomy":"product_cat","embeddable":true,"href":"https:\/\/mgvpublications.com\/de\/wp-json\/wp\/v2\/product_cat?post=14829"},{"taxonomy":"product_tag","embeddable":true,"href":"https:\/\/mgvpublications.com\/de\/wp-json\/wp\/v2\/product_tag?post=14829"},{"taxonomy":"item","embeddable":true,"href":"https:\/\/mgvpublications.com\/de\/wp-json\/wp\/v2\/item?post=14829"}],"curies":[{"name":"wp","href":"https:\/\/api.w.org\/{rel}","templated":true}]}}