{"id":14826,"date":"2019-04-02T22:43:49","date_gmt":"2019-04-02T20:43:49","guid":{"rendered":"https:\/\/dev2.mgvpublications.com\/produkt\/var-olmak\/"},"modified":"2022-05-31T11:44:35","modified_gmt":"2022-05-31T09:44:35","slug":"var-olmak","status":"publish","type":"product","link":"https:\/\/mgvpublications.com\/de\/var-olmak\/","title":{"rendered":"Var olmak"},"content":{"rendered":"<p>Yay\u0131n Tarihi: 01.10.2013<br \/>ISBN: 9789759955595<br \/>Dil: T\u00dcRK\u00c7E<br \/>Sayfa Say\u0131s\u0131: 136<br \/>Cilt Tipi: Karton Kapak<br \/>Ka\u011f\u0131t Cinsi: Kitap Ka\u011f\u0131d\u0131<br \/>Boyut: 13.5 x 19.5 cm<\/p>","protected":false},"excerpt":{"rendered":"<p>Cemiyeti yu\u011furacak ruh, eski Asya&#8217;n\u0131n hikmetiyle Kur&#8217;an&#8217;daki ilham\u0131 kendinde birle\u015ftirdi\u011fi halde, Garb&#8217;\u0131n d\u00f6rt as\u0131rl\u0131k ilmine zihniyetine sahip, felsefesine a\u015fina olacak Anadolu dervi\u015finin ruhudur.<\/p>","protected":false},"featured_media":22471,"template":"","meta":{"spay_email":""},"product_cat":[232],"product_tag":[],"item":[356],"acf":[],"_links":{"self":[{"href":"https:\/\/mgvpublications.com\/de\/wp-json\/wp\/v2\/product\/14826"}],"collection":[{"href":"https:\/\/mgvpublications.com\/de\/wp-json\/wp\/v2\/product"}],"about":[{"href":"https:\/\/mgvpublications.com\/de\/wp-json\/wp\/v2\/types\/product"}],"wp:featuredmedia":[{"embeddable":true,"href":"https:\/\/mgvpublications.com\/de\/wp-json\/wp\/v2\/media\/22471"}],"wp:attachment":[{"href":"https:\/\/mgvpublications.com\/de\/wp-json\/wp\/v2\/media?parent=14826"}],"wp:term":[{"taxonomy":"product_cat","embeddable":true,"href":"https:\/\/mgvpublications.com\/de\/wp-json\/wp\/v2\/product_cat?post=14826"},{"taxonomy":"product_tag","embeddable":true,"href":"https:\/\/mgvpublications.com\/de\/wp-json\/wp\/v2\/product_tag?post=14826"},{"taxonomy":"item","embeddable":true,"href":"https:\/\/mgvpublications.com\/de\/wp-json\/wp\/v2\/item?post=14826"}],"curies":[{"name":"wp","href":"https:\/\/api.w.org\/{rel}","templated":true}]}}