{"id":14820,"date":"2019-04-02T22:43:48","date_gmt":"2019-04-02T20:43:48","guid":{"rendered":"https:\/\/dev2.mgvpublications.com\/produkt\/ummetin-yeniden-dirilisi-canakkale\/"},"modified":"2022-03-08T22:48:09","modified_gmt":"2022-03-08T21:48:09","slug":"ummetin-yeniden-dirilisi-canakkale","status":"publish","type":"product","link":"https:\/\/mgvpublications.com\/de\/ummetin-yeniden-dirilisi-canakkale\/","title":{"rendered":"\u00dcmmetin Yeniden Dirili\u015fi \u00c7anakkale"},"content":{"rendered":"<p>Yay\u0131n Tarihi 2017-10-24<br \/>\nISBN 6055000486<br \/>\nBask\u0131 Say\u0131s\u0131 2. Bask\u0131<br \/>\nDil T\u00dcRK\u00c7E<br \/>\nSayfa Say\u0131s\u0131 272<br \/>\nCilt Tipi Karton Kapak<br \/>\nKa\u011f\u0131t Cinsi Kitap Ka\u011f\u0131d\u0131<br \/>\nBoyut 13 x 21 cm<\/p>","protected":false},"excerpt":{"rendered":"<p>\u00c7anakkale sadece bir sava\u015f de\u011fildi. O bir devrin batt\u0131\u011f\u0131, yeni bir devrin do\u011fdu\u011fu yerdi. O, iman ile inanc\u0131n garb\u0131n \u00e7elik z\u0131rhl\u0131 duvar\u0131n\u0131n delinebilece\u011finin ispat\u0131yd\u0131. O, ha\u00e7l\u0131 seferinin son tangosuydu. O, Osmanl\u0131 Devleti&#8217;nin tarih sahnesinden \u00e7ekilirken yapt\u0131\u011f\u0131 j\u00fcbilesiydi. O, Osmanl\u0131n\u0131n \u00f6l\u00fcs\u00fcn\u00fcn bile bat\u0131y\u0131 yenebilece\u011finin ispat\u0131yd\u0131. O, Osmanl\u0131 varken \u00c7anakkale\u2019nin ge\u00e7ilmeyece\u011finin ispat\u0131yd\u0131. O, \u00fcmmet olman\u0131n bilinciydi. O, bizdik&#8230; Her \u015feydik&#8230;&#8221; \u0130brahim Halil Er<\/p>","protected":false},"featured_media":14821,"template":"","meta":{"spay_email":""},"product_cat":[170],"product_tag":[],"item":[335],"acf":[],"_links":{"self":[{"href":"https:\/\/mgvpublications.com\/de\/wp-json\/wp\/v2\/product\/14820"}],"collection":[{"href":"https:\/\/mgvpublications.com\/de\/wp-json\/wp\/v2\/product"}],"about":[{"href":"https:\/\/mgvpublications.com\/de\/wp-json\/wp\/v2\/types\/product"}],"wp:featuredmedia":[{"embeddable":true,"href":"https:\/\/mgvpublications.com\/de\/wp-json\/wp\/v2\/media\/14821"}],"wp:attachment":[{"href":"https:\/\/mgvpublications.com\/de\/wp-json\/wp\/v2\/media?parent=14820"}],"wp:term":[{"taxonomy":"product_cat","embeddable":true,"href":"https:\/\/mgvpublications.com\/de\/wp-json\/wp\/v2\/product_cat?post=14820"},{"taxonomy":"product_tag","embeddable":true,"href":"https:\/\/mgvpublications.com\/de\/wp-json\/wp\/v2\/product_tag?post=14820"},{"taxonomy":"item","embeddable":true,"href":"https:\/\/mgvpublications.com\/de\/wp-json\/wp\/v2\/item?post=14820"}],"curies":[{"name":"wp","href":"https:\/\/api.w.org\/{rel}","templated":true}]}}