{"id":14817,"date":"2019-04-02T22:43:48","date_gmt":"2019-04-02T20:43:48","guid":{"rendered":"https:\/\/dev2.mgvpublications.com\/produkt\/tom-amcanin-kulubesi\/"},"modified":"2022-03-08T22:48:09","modified_gmt":"2022-03-08T21:48:09","slug":"tom-amcanin-kulubesi","status":"publish","type":"product","link":"https:\/\/mgvpublications.com\/de\/tom-amcanin-kulubesi\/","title":{"rendered":"Tom Amca&#8217;n\u0131n Kul\u00fcbesi"},"content":{"rendered":"<p>\u00c7evirmen: T\u00fclin Nutku<br \/>\nYay\u0131n Tarihi 2018-05-17<br \/>\nOrjinal Ad\u0131 Uncle Tom\u2019s Cabin<br \/>\nISBN 9750703731<br \/>\nBask\u0131 Say\u0131s\u0131 5. Bask\u0131<br \/>\nDil T\u00dcRK\u00c7E<br \/>\nSayfa Say\u0131s\u0131 504<br \/>\nCilt Tipi Karton Kapak<br \/>\nKa\u011f\u0131t Cinsi Kitap Ka\u011f\u0131d\u0131<br \/>\nBoyut 12.5 x 19.5 cm<\/p>","protected":false},"excerpt":{"rendered":"<p>Tom Amca\u2019n\u0131n Kul\u00fcbesi hem d\u00fcnya edebiyat\u0131n\u0131n klasiklerinden biridir, hem de yaratt\u0131\u011f\u0131 toplumsal ve siyasi f\u0131rt\u0131nalarla ABD tarihine damgas\u0131n\u0131 vurmu\u015f bir romand\u0131r. Amerikan toplumunun k\u00f6lelik konusundaki utan\u00e7 verici tutumunu ac\u0131mas\u0131zca yarg\u0131layan ve siyahlar\u0131n ya\u015fad\u0131klar\u0131 ac\u0131lar\u0131 ayr\u0131nt\u0131lar\u0131yla g\u00f6zler \u00f6n\u00fcne seren yap\u0131t 1852\u2019de yay\u0131mland\u0131\u011f\u0131nda b\u00fcy\u00fck tepki alm\u0131\u015ft\u0131. Amerika\u2019da k\u00f6lelik kurumunun kald\u0131r\u0131lmas\u0131nda b\u00fcy\u00fck rol\u00fc oldu\u011fu s\u00f6ylenen bu kitap k\u00f6leli\u011fin korkun\u00e7lu\u011funu, ahlaki ve dini a\u00e7\u0131dan yanl\u0131\u015fl\u0131\u011f\u0131n\u0131, \u00f6zg\u00fcrl\u00fc\u011f\u00fc elinden al\u0131nm\u0131\u015f insan\u0131n \u00e7aresizli\u011fini dile getirir. Yaz\u0131ld\u0131\u011f\u0131 d\u00f6nemin ko\u015fullar\u0131 i\u00e7inde de\u011ferlendirilmesi gereken romanda yazar, k\u00f6leli\u011fi Beyazlar\u0131n sorunu olarak ele alm\u0131\u015f, k\u00f6lelerin \u00e7ektiklerini \u00f6n planda tutmu\u015f, Tom Amca ba\u015fta olmak \u00fczere b\u00fct\u00fcn zencileri ahlakl\u0131, yumu\u015fak huylu, inan\u00e7la donat\u0131lm\u0131\u015f ki\u015filer olarak yans\u0131tm\u0131\u015ft\u0131r.<\/p>","protected":false},"featured_media":14818,"template":"","meta":{"spay_email":""},"product_cat":[172,167],"product_tag":[],"item":[735],"acf":[],"_links":{"self":[{"href":"https:\/\/mgvpublications.com\/de\/wp-json\/wp\/v2\/product\/14817"}],"collection":[{"href":"https:\/\/mgvpublications.com\/de\/wp-json\/wp\/v2\/product"}],"about":[{"href":"https:\/\/mgvpublications.com\/de\/wp-json\/wp\/v2\/types\/product"}],"wp:featuredmedia":[{"embeddable":true,"href":"https:\/\/mgvpublications.com\/de\/wp-json\/wp\/v2\/media\/14818"}],"wp:attachment":[{"href":"https:\/\/mgvpublications.com\/de\/wp-json\/wp\/v2\/media?parent=14817"}],"wp:term":[{"taxonomy":"product_cat","embeddable":true,"href":"https:\/\/mgvpublications.com\/de\/wp-json\/wp\/v2\/product_cat?post=14817"},{"taxonomy":"product_tag","embeddable":true,"href":"https:\/\/mgvpublications.com\/de\/wp-json\/wp\/v2\/product_tag?post=14817"},{"taxonomy":"item","embeddable":true,"href":"https:\/\/mgvpublications.com\/de\/wp-json\/wp\/v2\/item?post=14817"}],"curies":[{"name":"wp","href":"https:\/\/api.w.org\/{rel}","templated":true}]}}