{"id":14808,"date":"2019-04-02T22:43:47","date_gmt":"2019-04-02T20:43:47","guid":{"rendered":"https:\/\/dev2.mgvpublications.com\/produkt\/tarla-kusunun-sesi\/"},"modified":"2022-03-08T22:48:08","modified_gmt":"2022-03-08T21:48:08","slug":"tarla-kusunun-sesi","status":"publish","type":"product","link":"https:\/\/mgvpublications.com\/de\/tarla-kusunun-sesi\/","title":{"rendered":"Tarla Ku\u015funun Sesi"},"content":{"rendered":"<p>Yay\u0131n Tarihi\t2018-01-01<br \/>\nISBN\t9759958305<br \/>\nBask\u0131 Say\u0131s\u0131\t2. Bask\u0131<br \/>\nDil\tT\u00dcRK\u00c7E<br \/>\nSayfa Say\u0131s\u0131\t224<br \/>\nCilt Tipi\tKarton Kapak<br \/>\nKa\u011f\u0131t Cinsi\tKitap Ka\u011f\u0131d\u0131<br \/>\nBoyut\t13.5 x 21 cm<\/p>","protected":false},"excerpt":{"rendered":"<p>T\u00fcrk edebiyat\u0131n\u0131n usta hik\u00e2yecilerinden Mustafa Kutlu\u2019nun yeni kitab\u0131 Tarla Ku\u015funun Sesi, okurlar\u0131yla bulu\u015fuyor\u2026<br \/>\nKutlu, \u201chalk destan\u0131\u201d tarz\u0131nda kurdu\u011fu hik\u00e2yede, bir ailenin ku\u015faklar boyu ya\u015fad\u0131klar\u0131n\u0131 anlat\u0131yor. Kalabal\u0131k bir ailenin hayat\u0131n\u0131 merkeze alan Kutlu, di\u011fer hik\u00e2yelerinde de oldu\u011fu gibi hik\u00e2yeyi g\u00fcnl\u00fck hayat\u0131n unsurlar\u0131yla zenginle\u015ftiriyor. \u0130nsana, aileye, topluma \u201cger\u00e7ek\u00e7i\u201d ve \u201cmerhametli\u201d bir g\u00f6zle bakan anlat\u0131c\u0131, hik\u00e2yeye tarihi bir arka plan da \u00e7iziyor.  <\/p>\n<p>\u201cB\u00f6yledir. Her \u015feyin ayn\u0131 \u015fekilde s\u00fcr\u00fcp gidece\u011fini san\u0131r\u0131z. K\u00e2inata ve hayata ak\u0131l erdirmeye \u00e7al\u0131\u015fmak bo\u015f. Ak\u0131l dedi\u011fin bir yere kadar. Nas\u0131l gayba inan\u0131yoruz, olup bitenler i\u00e7in \u015f\u00f6yledir b\u00f6yledir demenin bir m\u00e2nas\u0131 yok. Teslim olmal\u0131.<br \/>\n(\u2026)<br \/>\n\u0130\u015fte su \u00fczerine bir yaz\u0131 yazd\u0131k, geldik gidiyoruz. \u015eu g\u00f6lgede bir miktar dinlendik. Hepsi bu. <\/p>\n<p>\u0130dare edin. Ho\u015f\u00e7a kal\u0131n.\u201d<\/p>","protected":false},"featured_media":14809,"template":"","meta":{"spay_email":""},"product_cat":[168],"product_tag":[],"item":[356],"acf":[],"_links":{"self":[{"href":"https:\/\/mgvpublications.com\/de\/wp-json\/wp\/v2\/product\/14808"}],"collection":[{"href":"https:\/\/mgvpublications.com\/de\/wp-json\/wp\/v2\/product"}],"about":[{"href":"https:\/\/mgvpublications.com\/de\/wp-json\/wp\/v2\/types\/product"}],"wp:featuredmedia":[{"embeddable":true,"href":"https:\/\/mgvpublications.com\/de\/wp-json\/wp\/v2\/media\/14809"}],"wp:attachment":[{"href":"https:\/\/mgvpublications.com\/de\/wp-json\/wp\/v2\/media?parent=14808"}],"wp:term":[{"taxonomy":"product_cat","embeddable":true,"href":"https:\/\/mgvpublications.com\/de\/wp-json\/wp\/v2\/product_cat?post=14808"},{"taxonomy":"product_tag","embeddable":true,"href":"https:\/\/mgvpublications.com\/de\/wp-json\/wp\/v2\/product_tag?post=14808"},{"taxonomy":"item","embeddable":true,"href":"https:\/\/mgvpublications.com\/de\/wp-json\/wp\/v2\/item?post=14808"}],"curies":[{"name":"wp","href":"https:\/\/api.w.org\/{rel}","templated":true}]}}