{"id":14799,"date":"2019-04-02T22:43:46","date_gmt":"2019-04-02T20:43:46","guid":{"rendered":"https:\/\/dev2.mgvpublications.com\/produkt\/sunnet-neden-garip\/"},"modified":"2022-04-08T06:19:51","modified_gmt":"2022-04-08T04:19:51","slug":"sunnet-neden-garip","status":"publish","type":"product","link":"https:\/\/mgvpublications.com\/de\/sunnet-neden-garip\/","title":{"rendered":"S\u00fcnnet Neden Garip?"},"content":{"rendered":"<p>Yay\u0131n Tarihi: 05.06.2021<br \/>ISBN: 9786055271534<br \/>Dil: T\u00dcRK\u00c7E<br \/>Sayfa Say\u0131s\u0131: 216<br \/>Cilt Tipi: Karton Kapak<br \/>Ka\u011f\u0131t Cinsi: Kitap Ka\u011f\u0131d\u0131<br \/>Boyut: 13.5 x 21 cm<\/p>","protected":false},"excerpt":{"rendered":"<p>S\u00fcnnet-i Nebeviye \u0130\u00e7in Bir Savunma Hatt\u0131 &#8220;Ya\u015fad\u0131\u011f\u0131m\u0131z zamanda k\u00e2firlerin \u00fcmmetimize sald\u0131r\u0131lar\u0131na planlamalar yapt\u0131\u011f\u0131m\u0131z gibi, i\u00e7imizdeki Peygamber k\u0131ymeti bilmez cahillerin sald\u0131r\u0131s\u0131na kar\u015f\u0131 da en a\u011f\u0131r tedbirlerimizi kullan\u0131p Peygamber aleyhisselam\u0131n \u015fahs\u0131n\u0131 ve hadislerini koruma alt\u0131na almad\u0131\u011f\u0131m\u0131z s\u00fcrece onun peygamberli\u011fini de korumuyoruz demektir. Bu art\u0131k bir iman meselesidir. Ya Res\u00fblullah&#8217;\u0131n emaneti olan s\u00fcnnetini ve onun yaz\u0131ya d\u00f6k\u00fclm\u00fc\u015f \u015fekli olan hadislerini iman\u0131m\u0131z kabul edece\u011fiz ya da Yahudiler ve H\u0131ristiyanlar\u2019\u0131n ba\u015f\u0131na gelen, &#8216;peygamberlerini bir kenara b\u0131rakt\u0131klar\u0131 h\u00e2lde m\u00fcmin olma&#8217; hastal\u0131\u011f\u0131 bizim de ba\u015f\u0131m\u0131za gelecektir.&#8221;<\/p>","protected":false},"featured_media":23165,"template":"","meta":{"spay_email":""},"product_cat":[174],"product_tag":[],"item":[363],"acf":[],"_links":{"self":[{"href":"https:\/\/mgvpublications.com\/de\/wp-json\/wp\/v2\/product\/14799"}],"collection":[{"href":"https:\/\/mgvpublications.com\/de\/wp-json\/wp\/v2\/product"}],"about":[{"href":"https:\/\/mgvpublications.com\/de\/wp-json\/wp\/v2\/types\/product"}],"wp:featuredmedia":[{"embeddable":true,"href":"https:\/\/mgvpublications.com\/de\/wp-json\/wp\/v2\/media\/23165"}],"wp:attachment":[{"href":"https:\/\/mgvpublications.com\/de\/wp-json\/wp\/v2\/media?parent=14799"}],"wp:term":[{"taxonomy":"product_cat","embeddable":true,"href":"https:\/\/mgvpublications.com\/de\/wp-json\/wp\/v2\/product_cat?post=14799"},{"taxonomy":"product_tag","embeddable":true,"href":"https:\/\/mgvpublications.com\/de\/wp-json\/wp\/v2\/product_tag?post=14799"},{"taxonomy":"item","embeddable":true,"href":"https:\/\/mgvpublications.com\/de\/wp-json\/wp\/v2\/item?post=14799"}],"curies":[{"name":"wp","href":"https:\/\/api.w.org\/{rel}","templated":true}]}}