{"id":14796,"date":"2019-04-02T22:43:46","date_gmt":"2019-04-02T20:43:46","guid":{"rendered":"https:\/\/dev2.mgvpublications.com\/produkt\/sultan-abdulhamidin-sirdasi-tahsin-pasanin-yildiz-sarayi-hatiralari\/"},"modified":"2022-03-08T22:48:05","modified_gmt":"2022-03-08T21:48:05","slug":"sultan-abdulhamidin-sirdasi-tahsin-pasanin-yildiz-sarayi-hatiralari","status":"publish","type":"product","link":"https:\/\/mgvpublications.com\/de\/sultan-abdulhamidin-sirdasi-tahsin-pasanin-yildiz-sarayi-hatiralari\/","title":{"rendered":"Sultan Abd\u00fclhamid\u2019in S\u0131rda\u015f\u0131 Tahsin Pa\u015fa\u2019n\u0131n Y\u0131ld\u0131z Saray\u0131 Hat\u0131ralar\u0131"},"content":{"rendered":"<p>Yay\u0131n Tarihi 2017-03-25<br \/>\nISBN 9752487048<br \/>\nBask\u0131 Say\u0131s\u0131 1. Bask\u0131<br \/>\nDil T\u00dcRK\u00c7E<br \/>\nSayfa Say\u0131s\u0131 352<br \/>\nCilt Tipi Karton Kapak<br \/>\nKa\u011f\u0131t Cinsi Kitap Ka\u011f\u0131d\u0131<br \/>\nBoyut 13.5 x 21 cm<\/p>","protected":false},"excerpt":{"rendered":"<p>&#8220;Sultan Abd\u00fclhamid d\u00f6nemini ilk a\u011f\u0131zdan \u00f6\u011frendi\u011fimiz kaynaklar\u0131n en \u00f6nemlilerinden biri Tahsin Pa\u015fa\u2019n\u0131n yazd\u0131klar\u0131d\u0131r. Tahsin Pa\u015fa uzun y\u0131llar boyunca Sultan\u2019\u0131n en yak\u0131n\u0131ndaki isimdi, haliyle Abd\u00fclhamid Han\u2019\u0131n ve Devlet-i Aliyye\u2019nin bir\u00e7ok s\u0131rr\u0131na vak\u0131ft\u0131. Kitapta Sultan\u2019\u0131 ele\u015ftirdi\u011fi yaz\u0131lar da olmakla beraber, Abd\u00fclhamid Han\u2019\u0131n \u015fahsiyetini ve siyasetini teferruat\u0131yla ve hakk\u0131yla anlatm\u0131\u015ft\u0131r. Sultan\u2019\u0131n hayat\u0131n\u0131 ve Devlet-i Aliyye\u2019nin son d\u00f6nemini yazan tarih\u00e7ilerimizin en fazla istifade etti\u011fi kitap da Tahsin Pa\u015fa\u2019n\u0131n hat\u0131ralar\u0131d\u0131r.\u201d<br \/>\nSelman Kayaba\u015f\u0131 Payitaht Abd\u00fclhamid dizisi dan\u0131\u015fman\u0131<\/p>\n<p>Sultan Abd\u00fclhamid \u00f6zel hayat\u0131nda nas\u0131l biriydi?<br \/>\nSultan\u2019\u0131n karakterini olu\u015fturan olaylar nelerdi? \u00c7ocuklu\u011fundan itibaren hangi safhalardan ge\u00e7mi\u015fti?<br \/>\nOsmanl\u0131 Hanedan\u0131 i\u00e7inde Abd\u00fclhamid Han\u2019\u0131n sevdi\u011fi ve \u00e7ekindi\u011fi isimler kimlerdi?<br \/>\nY\u0131ld\u0131z Saray\u0131 ile Dolmabah\u00e7e aras\u0131nda s\u00fcren g\u00f6r\u00fcnmez m\u00fccadelenin sebebi neydi?<br \/>\n\u0130ngiltere, Rusya, Almanya ve Fransa\u2019n\u0131n imparatorluk \u00fczerine kurduklar\u0131 planlar nelerdi?<br \/>\nErmeni komitac\u0131lar suikast i\u00e7in hangi haz\u0131rl\u0131klar\u0131 yapm\u0131\u015flard\u0131?<br \/>\nSuikasttan sonra yakalanan isimler ifadelerinde ne anlatt\u0131lar?<br \/>\nAfrika\u2019da ve Rumeli\u2019de ya\u015fanan s\u0131k\u0131nt\u0131lar kar\u015f\u0131s\u0131nda Sultan Abd\u00fclhamid nas\u0131l bir siyaset izledi?<br \/>\nFilistin\u2019de devlet kurmak isteyen Theodor Herzl ile Abd\u00fclhamid Han nas\u0131l g\u00f6r\u00fc\u015ft\u00fc?<\/p>\n<p>Sultan Abd\u00fclhamid\u2019in S\u0131rda\u015f\u0131, Mabeyn Ba\u015fkatibi Tahsin Pa\u015fa\u2019n\u0131n yazd\u0131\u011f\u0131 Y\u0131ld\u0131z Saray\u0131 Hat\u0131ralar\u0131\u2019nda\u2026<\/p>","protected":false},"featured_media":14797,"template":"","meta":{"spay_email":""},"product_cat":[173,170],"product_tag":[],"item":[1382],"acf":[],"_links":{"self":[{"href":"https:\/\/mgvpublications.com\/de\/wp-json\/wp\/v2\/product\/14796"}],"collection":[{"href":"https:\/\/mgvpublications.com\/de\/wp-json\/wp\/v2\/product"}],"about":[{"href":"https:\/\/mgvpublications.com\/de\/wp-json\/wp\/v2\/types\/product"}],"wp:featuredmedia":[{"embeddable":true,"href":"https:\/\/mgvpublications.com\/de\/wp-json\/wp\/v2\/media\/14797"}],"wp:attachment":[{"href":"https:\/\/mgvpublications.com\/de\/wp-json\/wp\/v2\/media?parent=14796"}],"wp:term":[{"taxonomy":"product_cat","embeddable":true,"href":"https:\/\/mgvpublications.com\/de\/wp-json\/wp\/v2\/product_cat?post=14796"},{"taxonomy":"product_tag","embeddable":true,"href":"https:\/\/mgvpublications.com\/de\/wp-json\/wp\/v2\/product_tag?post=14796"},{"taxonomy":"item","embeddable":true,"href":"https:\/\/mgvpublications.com\/de\/wp-json\/wp\/v2\/item?post=14796"}],"curies":[{"name":"wp","href":"https:\/\/api.w.org\/{rel}","templated":true}]}}