{"id":14784,"date":"2019-04-02T22:43:45","date_gmt":"2019-04-02T20:43:45","guid":{"rendered":"https:\/\/dev2.mgvpublications.com\/produkt\/sobe\/"},"modified":"2022-04-07T14:03:12","modified_gmt":"2022-04-07T12:03:12","slug":"sobe","status":"publish","type":"product","link":"https:\/\/mgvpublications.com\/de\/sobe\/","title":{"rendered":"Sobe"},"content":{"rendered":"<p>Yay\u0131n Tarihi 2018-03-22<br \/>\nISBN 6054956074<br \/>\nBask\u0131 Say\u0131s\u0131 9. Bask\u0131<br \/>\nDil T\u00dcRK\u00c7E<br \/>\nSayfa Say\u0131s\u0131 112<br \/>\nCilt Tipi Karton Kapak<br \/>\nKa\u011f\u0131t Cinsi 1. Hm. Ka\u011f\u0131t<br \/>\nBoyut 13.5 x 21 cm<\/p>","protected":false},"excerpt":{"rendered":"<p>Bir ezan, bir isim ve bir hayat&#8230;<br \/>\nYa\u015famak a\u011flamakla ba\u015flad\u0131 bu zemini kaygan d\u00fcnyada&#8230;<br \/>\n\u00c7ocuk a\u011fl\u0131yorsa, \u015f\u00fckredildi ilkin&#8230;<br \/>\nG\u00fcn ge\u00e7tik\u00e7e hay\u0131flanma, isyan, beddua&#8230;<br \/>\nSab\u0131r, peygamber s\u0131fat\u0131 kald\u0131k\u00e7a, ne &#8220;be\u015f karde\u015f&#8221;ler b\u00fcy\u00fctt\u00fc bir \u00e7ocukla \u00e7ileden \u00e7\u0131kan<br \/>\nanne-baba&#8230;<br \/>\nEkilmemi\u015f bir tarla gibidir o k\u00fc\u00e7\u00fcc\u00fck y\u00fcrekler, ek ekebildi\u011fin kadar, ne ekersen tutar&#8230;<br \/>\nAma do\u011fruluk ama d\u00fcr\u00fcstl\u00fck ama iman&#8230; Yeter ki tohumun Allah r\u0131zas\u0131 ile sulans\u0131n, \u00e7orak da olsa: O, isterse g\u00fclistan yapar. E\u011fit&#8230; E\u011fil ve diz \u00e7\u00f6k! Bak g\u00f6zlerin i\u00e7ine, \u00f6yle ki g\u00f6z bebekleriniz birlikte ya\u015flans\u0131n. Onunla \u00e7ocuk ol kimi zaman, Nebi (sas)&#8217;den tevar\u00fcs eden emri yerine getir her an.. O, hep ebe olsun; sen ise hep sobelen hayat saklambac\u0131nda. &#8220;\u00d6n\u00fcn\u00fc, arkan\u0131, sa\u011f\u0131n\u0131, solunu&#8221; s\u00fcnnetle donat ki Ras\u00fbl\u00fcn ahl\u00e2k\u0131 \u00e7\u0131ks\u0131n her a\u011fac\u0131n arkas\u0131ndan&#8230;<br \/>\nAnne! Baba!<br \/>\nVe o g\u00fczel huylar\u0131n\u0131z!<br \/>\nSobe!!!<\/p>","protected":false},"featured_media":14785,"template":"","meta":{"spay_email":""},"product_cat":[171],"product_tag":[],"item":[335],"acf":[],"_links":{"self":[{"href":"https:\/\/mgvpublications.com\/de\/wp-json\/wp\/v2\/product\/14784"}],"collection":[{"href":"https:\/\/mgvpublications.com\/de\/wp-json\/wp\/v2\/product"}],"about":[{"href":"https:\/\/mgvpublications.com\/de\/wp-json\/wp\/v2\/types\/product"}],"wp:featuredmedia":[{"embeddable":true,"href":"https:\/\/mgvpublications.com\/de\/wp-json\/wp\/v2\/media\/14785"}],"wp:attachment":[{"href":"https:\/\/mgvpublications.com\/de\/wp-json\/wp\/v2\/media?parent=14784"}],"wp:term":[{"taxonomy":"product_cat","embeddable":true,"href":"https:\/\/mgvpublications.com\/de\/wp-json\/wp\/v2\/product_cat?post=14784"},{"taxonomy":"product_tag","embeddable":true,"href":"https:\/\/mgvpublications.com\/de\/wp-json\/wp\/v2\/product_tag?post=14784"},{"taxonomy":"item","embeddable":true,"href":"https:\/\/mgvpublications.com\/de\/wp-json\/wp\/v2\/item?post=14784"}],"curies":[{"name":"wp","href":"https:\/\/api.w.org\/{rel}","templated":true}]}}