{"id":14778,"date":"2019-04-02T22:43:45","date_gmt":"2019-04-02T20:43:45","guid":{"rendered":"https:\/\/dev2.mgvpublications.com\/produkt\/siyasette-35-yil-3\/"},"modified":"2025-04-26T18:57:51","modified_gmt":"2025-04-26T16:57:51","slug":"siyasette-35-yil-3","status":"publish","type":"product","link":"https:\/\/mgvpublications.com\/de\/siyasette-35-yil-3\/","title":{"rendered":"Siyasette 35 Y\u0131l -3"},"content":{"rendered":"<p>Yay\u0131n Tarihi 2015-03-13<br \/>\nISBN 6055000431<br \/>\nBask\u0131 Say\u0131s\u0131 1. Bask\u0131<br \/>\nDil T\u00dcRK\u00c7E<br \/>\nSayfa Say\u0131s\u0131 344<br \/>\nCilt Tipi Karton Kapak<br \/>\nKa\u011f\u0131t Cinsi Kitap Ka\u011f\u0131d\u0131<br \/>\nBoyut 13.5 x 21 cm<\/p>","protected":false},"excerpt":{"rendered":"<p>Bug\u00fcn geli\u015fmi\u015f \u00fclkelerde iki t\u00fcr politikac\u0131 vard\u0131r.<br \/>\nBirincisi, \u00fclkesini d\u0131\u015f s\u00f6m\u00fcr\u00fcden kurtarmak i\u00e7in \u00e7aba sarf eden politikac\u0131.<br \/>\nDi\u011feri ise \u00fclkesini d\u0131\u015f s\u00f6m\u00fcr\u00fcye alabildi\u011fine a\u00e7\u0131k tutan, bundan \u00e7\u0131kar sa\u011flayan politikac\u0131.&#8221;<br \/>\nS\u00fcleyman Arif Emre<\/p>","protected":false},"featured_media":15699,"template":"","meta":{"spay_email":""},"product_cat":[166,173],"product_tag":[],"item":[335],"acf":[],"_links":{"self":[{"href":"https:\/\/mgvpublications.com\/de\/wp-json\/wp\/v2\/product\/14778"}],"collection":[{"href":"https:\/\/mgvpublications.com\/de\/wp-json\/wp\/v2\/product"}],"about":[{"href":"https:\/\/mgvpublications.com\/de\/wp-json\/wp\/v2\/types\/product"}],"wp:featuredmedia":[{"embeddable":true,"href":"https:\/\/mgvpublications.com\/de\/wp-json\/wp\/v2\/media\/15699"}],"wp:attachment":[{"href":"https:\/\/mgvpublications.com\/de\/wp-json\/wp\/v2\/media?parent=14778"}],"wp:term":[{"taxonomy":"product_cat","embeddable":true,"href":"https:\/\/mgvpublications.com\/de\/wp-json\/wp\/v2\/product_cat?post=14778"},{"taxonomy":"product_tag","embeddable":true,"href":"https:\/\/mgvpublications.com\/de\/wp-json\/wp\/v2\/product_tag?post=14778"},{"taxonomy":"item","embeddable":true,"href":"https:\/\/mgvpublications.com\/de\/wp-json\/wp\/v2\/item?post=14778"}],"curies":[{"name":"wp","href":"https:\/\/api.w.org\/{rel}","templated":true}]}}